{"id":218,"date":"2024-06-01T08:06:23","date_gmt":"2024-06-01T08:06:23","guid":{"rendered":"https:\/\/demo.productdesignerapp.com\/wordpress\/?post_type=product&#038;p=218"},"modified":"2026-01-28T07:29:06","modified_gmt":"2026-01-28T07:29:06","slug":"do-lot-2-manh","status":"publish","type":"product","link":"https:\/\/demo.productdesignerapp.com\/wordpress\/san-pham\/do-lot-2-manh\/","title":{"rendered":"\u0110\u1ed3 l\u00f3t 2 m\u1ea3nh"},"content":{"rendered":"<ul>\n<li>Thi\u1ebft k\u1ebf: B\u1ed9 bikini hai m\u1ea3nh \u0111\u01a1n s\u1eafc gi\u1ea3n d\u1ecb Tripsky v\u1edbi v\u1ea3i hai l\u1edbp, l\u00f3t \u0111\u1ea7y \u0111\u1ee7, co gi\u00e3n, th\u00e2n thi\u1ec7n v\u1edbi da, b\u1ec1n, gi\u00fap b\u1ea1n d\u1ec5 d\u00e0ng v\u00e0 r\u1ea5t tho\u1ea3i m\u00e1i khi m\u1eb7c. \u00c1o bikini bandeau v\u00e0 qu\u1ea7n bikini Cheeky h\u1edf cao. \u00c1o c\u00f3 d\u00e2y \u0111ai \u0111\u00e0n h\u1ed3i, \u00e1o ng\u1ef1c m\u1ec1m c\u00f3 th\u1ec3 th\u00e1o r\u1eddi.<\/li>\n<li>\u00c1o bikini &#8211; 2 c\u00e1ch m\u1eb7c: B\u1ed9 bikini bandeau n\u00e0y cung c\u1ea5p hai l\u1ef1a ch\u1ecdn th\u1eddi trang cho ph\u1ea7n tr\u00ean. B\u1ea1n c\u00f3 th\u1ec3 m\u1eb7c nh\u01b0 \u00e1o kh\u00f4ng d\u00e2y, to\u00e1t l\u00ean v\u1ebb thanh l\u1ecbch v\u00e0 tinh t\u1ebf. Ngo\u00e0i ra, h\u00e3y bi\u1ebfn n\u00f3 th\u00e0nh \u00e1o y\u1ebfm \u0111\u1ec3 c\u00f3 phong c\u00e1ch vui t\u01b0\u01a1i v\u00e0 t\u00e1n t\u1ec9nh h\u01a1n. Gi\u1ed1ng nh\u01b0 c\u00f3 hai b\u1ed9 bikini trong m\u1ed9t!<\/li>\n<li>Qu\u1ea7n bikini h\u1edf cao: Qu\u1ea7n bikini Tripsky \u0111\u01b0\u1ee3c thi\u1ebft k\u1ebf v\u1edbi \u0111\u01b0\u1eddng c\u1eaft cao Cheeky, t\u00f4n d\u00e1ng v\u00e0 l\u00e0m n\u1ed5i b\u1eadt v\u00f3c d\u00e1ng. Nh\u1eefng b\u1ed9 \u0111\u1ed3 b\u01a1i d\u00e0nh cho n\u1eef n\u00e0y mang \u0111\u1ebfn ki\u1ec3u d\u00e1ng hi\u1ec7n \u0111\u1ea1i v\u00e0 b\u00f3ng b\u1ea9y, gi\u00fap b\u1ea1n c\u1ea3m th\u1ea5y t\u1ef1 tin v\u00e0 s\u00e0nh \u0111i\u1ec7u khi \u1edf b\u00e3i bi\u1ec3n ho\u1eb7c h\u1ed3 b\u01a1i.<\/li>\n<li>Tho\u1ea3i m\u00e1i &amp; \u0110a n\u0103ng cho m\u1ecdi d\u1ecbp: B\u1ed9 \u0111\u1ed3 b\u01a1i hai m\u1ea3nh d\u00e0nh cho n\u1eef c\u1ee7a ch\u00fang t\u00f4i \u0111\u01b0\u1ee3c ch\u1ebf t\u00e1c t\u1eeb ch\u1ea5t li\u1ec7u cao c\u1ea5p, \u0111\u1ea3m b\u1ea3o \u0111\u1ed9 b\u1ec1n v\u00e0 m\u1eb7c l\u00e2u d\u00e0i. Ch\u1ea5t v\u1ea3i m\u1ec1m m\u1ea1i v\u00e0 co gi\u00e3n mang l\u1ea1i c\u1ea3m gi\u00e1c tho\u1ea3i m\u00e1i cho l\u00e0n da, gi\u00fap b\u1ea1n t\u1eadn h\u01b0\u1edfng k\u1ef3 ngh\u1ec9 \u1edf b\u00e3i bi\u1ec3n ho\u1eb7c v\u00f9ng nhi\u1ec7t \u0111\u1edbi, m\u00f9a h\u00e8, tu\u1ea7n tr\u0103ng m\u1eadt, du ngo\u1ea1n, ho\u1ea1t \u0111\u1ed9ng h\u1ed3 b\u01a1i m\u1ed9t c\u00e1ch d\u1ec5 d\u00e0ng.<\/li>\n<\/ul>\n","protected":false},"excerpt":{"rendered":"<p>Thi\u1ebft k\u1ebf: B\u1ed9 bikini hai m\u1ea3nh \u0111\u01a1n s\u1eafc gi\u1ea3n d\u1ecb Tripsky v\u1edbi v\u1ea3i hai l\u1edbp, l\u00f3t \u0111\u1ea7y \u0111\u1ee7, co gi\u00e3n, [&hellip;]<\/p>\n","protected":false},"featured_media":945,"comment_status":"open","ping_status":"closed","template":"","meta":{"site-sidebar-layout":"default","site-content-layout":"","ast-site-content-layout":"default","site-content-style":"default","site-sidebar-style":"default","ast-global-header-display":"","ast-banner-title-visibility":"","ast-main-header-display":"","ast-hfb-above-header-display":"","ast-hfb-below-header-display":"","ast-hfb-mobile-header-display":"","site-post-title":"","ast-breadcrumbs-content":"","ast-featured-img":"","footer-sml-layout":"","theme-transparent-header-meta":"default","adv-header-id-meta":"","stick-header-meta":"","header-above-stick-meta":"","header-main-stick-meta":"","header-below-stick-meta":"","astra-migrate-meta-layouts":"set","ast-page-background-enabled":"default","ast-page-background-meta":{"desktop":{"background-color":"var(--ast-global-color-4)","background-image":"","background-repeat":"repeat","background-position":"center center","background-size":"auto","background-attachment":"scroll","background-type":"","background-media":"","overlay-type":"","overlay-color":"","overlay-opacity":"","overlay-gradient":""},"tablet":{"background-color":"","background-image":"","background-repeat":"repeat","background-position":"center center","background-size":"auto","background-attachment":"scroll","background-type":"","background-media":"","overlay-type":"","overlay-color":"","overlay-opacity":"","overlay-gradient":""},"mobile":{"background-color":"","background-image":"","background-repeat":"repeat","background-position":"center center","background-size":"auto","background-attachment":"scroll","background-type":"","background-media":"","overlay-type":"","overlay-color":"","overlay-opacity":"","overlay-gradient":""}},"ast-content-background-meta":{"desktop":{"background-color":"var(--ast-global-color-5)","background-image":"","background-repeat":"repeat","background-position":"center center","background-size":"auto","background-attachment":"scroll","background-type":"","background-media":"","overlay-type":"","overlay-color":"","overlay-opacity":"","overlay-gradient":""},"tablet":{"background-color":"var(--ast-global-color-5)","background-image":"","background-repeat":"repeat","background-position":"center center","background-size":"auto","background-attachment":"scroll","background-type":"","background-media":"","overlay-type":"","overlay-color":"","overlay-opacity":"","overlay-gradient":""},"mobile":{"background-color":"var(--ast-global-color-5)","background-image":"","background-repeat":"repeat","background-position":"center center","background-size":"auto","background-attachment":"scroll","background-type":"","background-media":"","overlay-type":"","overlay-color":"","overlay-opacity":"","overlay-gradient":""}}},"product_cat":[48],"product_tag":[],"class_list":{"0":"post-218","1":"product","2":"type-product","3":"status-publish","4":"has-post-thumbnail","6":"product_cat-in-3d","7":"desktop-align-left","8":"tablet-align-left","9":"mobile-align-left","11":"first","12":"instock","13":"shipping-taxable","14":"purchasable","15":"product-type-simple"},"yoast_head":"<!-- This site is optimized with the Yoast SEO plugin v23.0 - https:\/\/yoast.com\/wordpress\/plugins\/seo\/ -->\n<title>\u0110\u1ed3 l\u00f3t 2 m\u1ea3nh - Product Designer App<\/title>\n<meta name=\"robots\" content=\"index, follow, max-snippet:-1, max-image-preview:large, max-video-preview:-1\" \/>\n<link rel=\"canonical\" href=\"https:\/\/demo.productdesignerapp.com\/wordpress\/san-pham\/do-lot-2-manh\/\" \/>\n<meta property=\"og:locale\" content=\"en_US\" \/>\n<meta property=\"og:type\" content=\"article\" \/>\n<meta property=\"og:title\" content=\"\u0110\u1ed3 l\u00f3t 2 m\u1ea3nh - Product Designer App\" \/>\n<meta property=\"og:description\" content=\"Thi\u1ebft k\u1ebf: B\u1ed9 bikini hai m\u1ea3nh \u0111\u01a1n s\u1eafc gi\u1ea3n d\u1ecb Tripsky v\u1edbi v\u1ea3i hai l\u1edbp, l\u00f3t \u0111\u1ea7y \u0111\u1ee7, co gi\u00e3n, [&hellip;]\" \/>\n<meta property=\"og:url\" content=\"https:\/\/demo.productdesignerapp.com\/wordpress\/san-pham\/do-lot-2-manh\/\" \/>\n<meta property=\"og:site_name\" content=\"Product Designer App\" \/>\n<meta property=\"article:publisher\" content=\"https:\/\/www.facebook.com\/productdesignerapps\" \/>\n<meta property=\"article:modified_time\" content=\"2026-01-28T07:29:06+00:00\" \/>\n<meta property=\"og:image\" content=\"https:\/\/demo.productdesignerapp.com\/wordpress\/wp-content\/uploads\/2024\/06\/Life-style-front.png\" \/>\n\t<meta property=\"og:image:width\" content=\"1200\" \/>\n\t<meta property=\"og:image:height\" content=\"1200\" \/>\n\t<meta property=\"og:image:type\" content=\"image\/png\" \/>\n<meta name=\"twitter:card\" content=\"summary_large_image\" \/>\n<meta name=\"twitter:site\" content=\"@pdesignerapp\" \/>\n<meta name=\"twitter:label1\" content=\"Est. reading time\" \/>\n\t<meta name=\"twitter:data1\" content=\"2 minutes\" \/>\n<script type=\"application\/ld+json\" class=\"yoast-schema-graph\">{\"@context\":\"https:\/\/schema.org\",\"@graph\":[{\"@type\":\"WebPage\",\"@id\":\"https:\/\/demo.productdesignerapp.com\/wordpress\/san-pham\/do-lot-2-manh\/\",\"url\":\"https:\/\/demo.productdesignerapp.com\/wordpress\/san-pham\/do-lot-2-manh\/\",\"name\":\"\u0110\u1ed3 l\u00f3t 2 m\u1ea3nh - Product Designer App\",\"isPartOf\":{\"@id\":\"https:\/\/demo.productdesignerapp.com\/wordpress\/#website\"},\"primaryImageOfPage\":{\"@id\":\"https:\/\/demo.productdesignerapp.com\/wordpress\/san-pham\/do-lot-2-manh\/#primaryimage\"},\"image\":{\"@id\":\"https:\/\/demo.productdesignerapp.com\/wordpress\/san-pham\/do-lot-2-manh\/#primaryimage\"},\"thumbnailUrl\":\"https:\/\/demo.productdesignerapp.com\/wordpress\/wp-content\/uploads\/2024\/06\/Life-style-front.jpg\",\"datePublished\":\"2024-06-01T08:06:23+00:00\",\"dateModified\":\"2026-01-28T07:29:06+00:00\",\"breadcrumb\":{\"@id\":\"https:\/\/demo.productdesignerapp.com\/wordpress\/san-pham\/do-lot-2-manh\/#breadcrumb\"},\"inLanguage\":\"en-US\",\"potentialAction\":[{\"@type\":\"ReadAction\",\"target\":[\"https:\/\/demo.productdesignerapp.com\/wordpress\/san-pham\/do-lot-2-manh\/\"]}]},{\"@type\":\"ImageObject\",\"inLanguage\":\"en-US\",\"@id\":\"https:\/\/demo.productdesignerapp.com\/wordpress\/san-pham\/do-lot-2-manh\/#primaryimage\",\"url\":\"https:\/\/demo.productdesignerapp.com\/wordpress\/wp-content\/uploads\/2024\/06\/Life-style-front.jpg\",\"contentUrl\":\"https:\/\/demo.productdesignerapp.com\/wordpress\/wp-content\/uploads\/2024\/06\/Life-style-front.jpg\",\"width\":1000,\"height\":1000},{\"@type\":\"BreadcrumbList\",\"@id\":\"https:\/\/demo.productdesignerapp.com\/wordpress\/san-pham\/do-lot-2-manh\/#breadcrumb\",\"itemListElement\":[{\"@type\":\"ListItem\",\"position\":1,\"name\":\"Home\",\"item\":\"https:\/\/demo.productdesignerapp.com\/wordpress\/\"},{\"@type\":\"ListItem\",\"position\":2,\"name\":\"Shop\",\"item\":\"https:\/\/demo.productdesignerapp.com\/wordpress\/shop\/\"},{\"@type\":\"ListItem\",\"position\":3,\"name\":\"\u0110\u1ed3 l\u00f3t 2 m\u1ea3nh\"}]},{\"@type\":\"WebSite\",\"@id\":\"https:\/\/demo.productdesignerapp.com\/wordpress\/#website\",\"url\":\"https:\/\/demo.productdesignerapp.com\/wordpress\/\",\"name\":\"Product Designer App\",\"description\":\"Demo\",\"publisher\":{\"@id\":\"https:\/\/demo.productdesignerapp.com\/wordpress\/#organization\"},\"alternateName\":\"PDA\",\"potentialAction\":[{\"@type\":\"SearchAction\",\"target\":{\"@type\":\"EntryPoint\",\"urlTemplate\":\"https:\/\/demo.productdesignerapp.com\/wordpress\/?s={search_term_string}\"},\"query-input\":\"required name=search_term_string\"}],\"inLanguage\":\"en-US\"},{\"@type\":\"Organization\",\"@id\":\"https:\/\/demo.productdesignerapp.com\/wordpress\/#organization\",\"name\":\"Product Designer App\",\"alternateName\":\"PDA\",\"url\":\"https:\/\/demo.productdesignerapp.com\/wordpress\/\",\"logo\":{\"@type\":\"ImageObject\",\"inLanguage\":\"en-US\",\"@id\":\"https:\/\/demo.productdesignerapp.com\/wordpress\/#\/schema\/logo\/image\/\",\"url\":\"https:\/\/demo.productdesignerapp.com\/wordpress\/wp-content\/uploads\/2024\/05\/pda-logo-600.png\",\"contentUrl\":\"https:\/\/demo.productdesignerapp.com\/wordpress\/wp-content\/uploads\/2024\/05\/pda-logo-600.png\",\"width\":600,\"height\":600,\"caption\":\"Product Designer App\"},\"image\":{\"@id\":\"https:\/\/demo.productdesignerapp.com\/wordpress\/#\/schema\/logo\/image\/\"},\"sameAs\":[\"https:\/\/www.facebook.com\/productdesignerapps\",\"https:\/\/x.com\/pdesignerapp\",\"https:\/\/www.youtube.com\/@productdesignerapp\"]}]}<\/script>\n<!-- \/ Yoast SEO plugin. -->","yoast_head_json":{"title":"\u0110\u1ed3 l\u00f3t 2 m\u1ea3nh - Product Designer App","robots":{"index":"index","follow":"follow","max-snippet":"max-snippet:-1","max-image-preview":"max-image-preview:large","max-video-preview":"max-video-preview:-1"},"canonical":"https:\/\/demo.productdesignerapp.com\/wordpress\/san-pham\/do-lot-2-manh\/","og_locale":"en_US","og_type":"article","og_title":"\u0110\u1ed3 l\u00f3t 2 m\u1ea3nh - Product Designer App","og_description":"Thi\u1ebft k\u1ebf: B\u1ed9 bikini hai m\u1ea3nh \u0111\u01a1n s\u1eafc gi\u1ea3n d\u1ecb Tripsky v\u1edbi v\u1ea3i hai l\u1edbp, l\u00f3t \u0111\u1ea7y \u0111\u1ee7, co gi\u00e3n, [&hellip;]","og_url":"https:\/\/demo.productdesignerapp.com\/wordpress\/san-pham\/do-lot-2-manh\/","og_site_name":"Product Designer App","article_publisher":"https:\/\/www.facebook.com\/productdesignerapps","article_modified_time":"2026-01-28T07:29:06+00:00","og_image":[{"width":1200,"height":1200,"url":"https:\/\/demo.productdesignerapp.com\/wordpress\/wp-content\/uploads\/2024\/06\/Life-style-front.png","type":"image\/png"}],"twitter_card":"summary_large_image","twitter_site":"@pdesignerapp","twitter_misc":{"Est. reading time":"2 minutes"},"schema":{"@context":"https:\/\/schema.org","@graph":[{"@type":"WebPage","@id":"https:\/\/demo.productdesignerapp.com\/wordpress\/san-pham\/do-lot-2-manh\/","url":"https:\/\/demo.productdesignerapp.com\/wordpress\/san-pham\/do-lot-2-manh\/","name":"\u0110\u1ed3 l\u00f3t 2 m\u1ea3nh - Product Designer App","isPartOf":{"@id":"https:\/\/demo.productdesignerapp.com\/wordpress\/#website"},"primaryImageOfPage":{"@id":"https:\/\/demo.productdesignerapp.com\/wordpress\/san-pham\/do-lot-2-manh\/#primaryimage"},"image":{"@id":"https:\/\/demo.productdesignerapp.com\/wordpress\/san-pham\/do-lot-2-manh\/#primaryimage"},"thumbnailUrl":"https:\/\/demo.productdesignerapp.com\/wordpress\/wp-content\/uploads\/2024\/06\/Life-style-front.jpg","datePublished":"2024-06-01T08:06:23+00:00","dateModified":"2026-01-28T07:29:06+00:00","breadcrumb":{"@id":"https:\/\/demo.productdesignerapp.com\/wordpress\/san-pham\/do-lot-2-manh\/#breadcrumb"},"inLanguage":"en-US","potentialAction":[{"@type":"ReadAction","target":["https:\/\/demo.productdesignerapp.com\/wordpress\/san-pham\/do-lot-2-manh\/"]}]},{"@type":"ImageObject","inLanguage":"en-US","@id":"https:\/\/demo.productdesignerapp.com\/wordpress\/san-pham\/do-lot-2-manh\/#primaryimage","url":"https:\/\/demo.productdesignerapp.com\/wordpress\/wp-content\/uploads\/2024\/06\/Life-style-front.jpg","contentUrl":"https:\/\/demo.productdesignerapp.com\/wordpress\/wp-content\/uploads\/2024\/06\/Life-style-front.jpg","width":1000,"height":1000},{"@type":"BreadcrumbList","@id":"https:\/\/demo.productdesignerapp.com\/wordpress\/san-pham\/do-lot-2-manh\/#breadcrumb","itemListElement":[{"@type":"ListItem","position":1,"name":"Home","item":"https:\/\/demo.productdesignerapp.com\/wordpress\/"},{"@type":"ListItem","position":2,"name":"Shop","item":"https:\/\/demo.productdesignerapp.com\/wordpress\/shop\/"},{"@type":"ListItem","position":3,"name":"\u0110\u1ed3 l\u00f3t 2 m\u1ea3nh"}]},{"@type":"WebSite","@id":"https:\/\/demo.productdesignerapp.com\/wordpress\/#website","url":"https:\/\/demo.productdesignerapp.com\/wordpress\/","name":"Product Designer App","description":"Demo","publisher":{"@id":"https:\/\/demo.productdesignerapp.com\/wordpress\/#organization"},"alternateName":"PDA","potentialAction":[{"@type":"SearchAction","target":{"@type":"EntryPoint","urlTemplate":"https:\/\/demo.productdesignerapp.com\/wordpress\/?s={search_term_string}"},"query-input":"required name=search_term_string"}],"inLanguage":"en-US"},{"@type":"Organization","@id":"https:\/\/demo.productdesignerapp.com\/wordpress\/#organization","name":"Product Designer App","alternateName":"PDA","url":"https:\/\/demo.productdesignerapp.com\/wordpress\/","logo":{"@type":"ImageObject","inLanguage":"en-US","@id":"https:\/\/demo.productdesignerapp.com\/wordpress\/#\/schema\/logo\/image\/","url":"https:\/\/demo.productdesignerapp.com\/wordpress\/wp-content\/uploads\/2024\/05\/pda-logo-600.png","contentUrl":"https:\/\/demo.productdesignerapp.com\/wordpress\/wp-content\/uploads\/2024\/05\/pda-logo-600.png","width":600,"height":600,"caption":"Product Designer App"},"image":{"@id":"https:\/\/demo.productdesignerapp.com\/wordpress\/#\/schema\/logo\/image\/"},"sameAs":["https:\/\/www.facebook.com\/productdesignerapps","https:\/\/x.com\/pdesignerapp","https:\/\/www.youtube.com\/@productdesignerapp"]}]}},"lang":"vi","translations":{"vi":218,"en":216},"pll_sync_post":[],"_links":{"self":[{"href":"https:\/\/demo.productdesignerapp.com\/wordpress\/wp-json\/wp\/v2\/product\/218","targetHints":{"allow":["GET"]}}],"collection":[{"href":"https:\/\/demo.productdesignerapp.com\/wordpress\/wp-json\/wp\/v2\/product"}],"about":[{"href":"https:\/\/demo.productdesignerapp.com\/wordpress\/wp-json\/wp\/v2\/types\/product"}],"replies":[{"embeddable":true,"href":"https:\/\/demo.productdesignerapp.com\/wordpress\/wp-json\/wp\/v2\/comments?post=218"}],"wp:featuredmedia":[{"embeddable":true,"href":"https:\/\/demo.productdesignerapp.com\/wordpress\/wp-json\/wp\/v2\/media\/945"}],"wp:attachment":[{"href":"https:\/\/demo.productdesignerapp.com\/wordpress\/wp-json\/wp\/v2\/media?parent=218"}],"wp:term":[{"taxonomy":"product_cat","embeddable":true,"href":"https:\/\/demo.productdesignerapp.com\/wordpress\/wp-json\/wp\/v2\/product_cat?post=218"},{"taxonomy":"product_tag","embeddable":true,"href":"https:\/\/demo.productdesignerapp.com\/wordpress\/wp-json\/wp\/v2\/product_tag?post=218"}],"curies":[{"name":"wp","href":"https:\/\/api.w.org\/{rel}","templated":true}]}}