{"id":228,"date":"2024-06-01T08:22:56","date_gmt":"2024-06-01T08:22:56","guid":{"rendered":"https:\/\/demo.productdesignerapp.com\/wordpress\/?post_type=product&#038;p=228"},"modified":"2026-01-28T07:49:50","modified_gmt":"2026-01-28T07:49:50","slug":"tat-giang-sinh","status":"publish","type":"product","link":"https:\/\/demo.productdesignerapp.com\/wordpress\/san-pham\/tat-giang-sinh\/","title":{"rendered":"T\u1ea5t gi\u00e1ng sinh"},"content":{"rendered":"<ul>\n<li>B\u1ea1n \u0111\u00e3 s\u1eb5n s\u00e0ng th\u00eam n\u00e9t c\u00e1 nh\u00e2n v\u00e0o \u0111\u1ed3 trang tr\u00ed ng\u00e0y l\u1ec5 c\u1ee7a m\u00ecnh ch\u01b0a? T\u1ea5t Gi\u00e1ng sinh \u0111an theo y\u00eau c\u1ea7u c\u1ee7a ch\u00fang t\u00f4i v\u1edbi mi\u1ebfng v\u00e1 da l\u00e0 s\u1ef1 l\u1ef1a ch\u1ecdn ho\u00e0n h\u1ea3o!<\/li>\n<li>T\u1ea5t Gi\u00e1ng sinh theo y\u00eau c\u1ea7u &#8211; N\u00e2ng t\u1ea7m \u0111\u1ed3 trang tr\u00ed ng\u00e0y l\u1ec5 c\u1ee7a b\u1ea1n v\u1edbi t\u1ea5t \u0111an theo y\u00eau c\u1ea7u c\u1ee7a ch\u00fang t\u00f4i \u0111\u01b0\u1ee3c trang tr\u00ed b\u1eb1ng mi\u1ebfng v\u00e1 da. Th\u00eam t\u00ean ho\u1eb7c v\u0103n b\u1ea3n \u0111\u1ec3 c\u00f3 n\u00e9t \u0111\u1ed9c \u0111\u00e1o, l\u01b0u gi\u1eef h\u01a1i \u1ea5m c\u1ee7a Gi\u00e1ng sinh.<\/li>\n<li>Ch\u1ea5t l\u01b0\u1ee3ng tuy\u1ec7t v\u1eddi &#8211; \u0110\u01b0\u1ee3c ch\u1ebf t\u00e1c c\u1ea9n th\u1eadn, t\u1ea5t \u0111an xo\u1eafn c\u1ee7a ch\u00fang t\u00f4i m\u1ec1m m\u1ea1i, tho\u1ea3i m\u00e1i v\u00e0 d\u00e0y. Mi\u1ebfng v\u00e1 da cao c\u1ea5p c\u00f3 \u0111\u01b0\u1eddng kh\u00e2u trang nh\u00e3. Nh\u1eefng chi\u1ebfc t\u1ea5t n\u00e0y co gi\u00e3n \u0111\u1ec3 \u0111\u1ef1ng \u0111\u01b0\u1ee3c nhi\u1ec1u qu\u00e0 h\u01a1n v\u00e0 l\u1ea5y l\u1ea1i v\u1ebb m\u1ec1m m\u1ea1i khi ti\u1ebfp x\u00fac v\u1edbi kh\u00f4ng kh\u00ed m\u1ed9t ch\u00fat.<\/li>\n<li>\u0110\u1ed3 trang tr\u00ed n\u1ed9i th\u1ea5t Gi\u00e1ng sinh ho\u00e0n h\u1ea3o &#8211; D\u1ec5 d\u00e0ng treo nh\u1eefng chi\u1ebfc t\u1ea5t xinh \u0111\u1eb9p n\u00e0y tr\u00ean gi\u00e1 \u0111\u1ec3 t\u1ea5t, b\u1ec7 l\u00f2 s\u01b0\u1edfi, t\u01b0\u1eddng ho\u1eb7c c\u1eeda ra v\u00e0o. Ch\u00fang ho\u00e0n h\u1ea3o cho nh\u00e0 \u1edf, trang tr\u1ea1i, c\u1eeda s\u1ed5 v\u00e0 kh\u00e1ch s\u1ea1n, mang \u0111\u1ebfn s\u1ef1 \u1ea5m \u00e1p v\u00e0 quy\u1ebfn r\u0169 cho m\u1ecdi kh\u00f4ng gian.<\/li>\n<\/ul>\n","protected":false},"excerpt":{"rendered":"<p>B\u1ea1n \u0111\u00e3 s\u1eb5n s\u00e0ng th\u00eam n\u00e9t c\u00e1 nh\u00e2n v\u00e0o \u0111\u1ed3 trang tr\u00ed ng\u00e0y l\u1ec5 c\u1ee7a m\u00ecnh ch\u01b0a? T\u1ea5t Gi\u00e1ng sinh [&hellip;]<\/p>\n","protected":false},"featured_media":948,"comment_status":"open","ping_status":"closed","template":"","meta":{"site-sidebar-layout":"default","site-content-layout":"","ast-site-content-layout":"default","site-content-style":"default","site-sidebar-style":"default","ast-global-header-display":"","ast-banner-title-visibility":"","ast-main-header-display":"","ast-hfb-above-header-display":"","ast-hfb-below-header-display":"","ast-hfb-mobile-header-display":"","site-post-title":"","ast-breadcrumbs-content":"","ast-featured-img":"","footer-sml-layout":"","theme-transparent-header-meta":"default","adv-header-id-meta":"","stick-header-meta":"","header-above-stick-meta":"","header-main-stick-meta":"","header-below-stick-meta":"","astra-migrate-meta-layouts":"set","ast-page-background-enabled":"default","ast-page-background-meta":{"desktop":{"background-color":"var(--ast-global-color-4)","background-image":"","background-repeat":"repeat","background-position":"center center","background-size":"auto","background-attachment":"scroll","background-type":"","background-media":"","overlay-type":"","overlay-color":"","overlay-opacity":"","overlay-gradient":""},"tablet":{"background-color":"","background-image":"","background-repeat":"repeat","background-position":"center center","background-size":"auto","background-attachment":"scroll","background-type":"","background-media":"","overlay-type":"","overlay-color":"","overlay-opacity":"","overlay-gradient":""},"mobile":{"background-color":"","background-image":"","background-repeat":"repeat","background-position":"center center","background-size":"auto","background-attachment":"scroll","background-type":"","background-media":"","overlay-type":"","overlay-color":"","overlay-opacity":"","overlay-gradient":""}},"ast-content-background-meta":{"desktop":{"background-color":"var(--ast-global-color-5)","background-image":"","background-repeat":"repeat","background-position":"center center","background-size":"auto","background-attachment":"scroll","background-type":"","background-media":"","overlay-type":"","overlay-color":"","overlay-opacity":"","overlay-gradient":""},"tablet":{"background-color":"var(--ast-global-color-5)","background-image":"","background-repeat":"repeat","background-position":"center center","background-size":"auto","background-attachment":"scroll","background-type":"","background-media":"","overlay-type":"","overlay-color":"","overlay-opacity":"","overlay-gradient":""},"mobile":{"background-color":"var(--ast-global-color-5)","background-image":"","background-repeat":"repeat","background-position":"center center","background-size":"auto","background-attachment":"scroll","background-type":"","background-media":"","overlay-type":"","overlay-color":"","overlay-opacity":"","overlay-gradient":""}}},"product_cat":[48],"product_tag":[],"class_list":{"0":"post-228","1":"product","2":"type-product","3":"status-publish","4":"has-post-thumbnail","6":"product_cat-in-3d","7":"desktop-align-left","8":"tablet-align-left","9":"mobile-align-left","11":"first","12":"instock","13":"shipping-taxable","14":"purchasable","15":"product-type-simple"},"yoast_head":"<!-- This site is optimized with the Yoast SEO plugin v23.0 - https:\/\/yoast.com\/wordpress\/plugins\/seo\/ -->\n<title>T\u1ea5t gi\u00e1ng sinh - Product Designer App<\/title>\n<meta name=\"robots\" content=\"index, follow, max-snippet:-1, max-image-preview:large, max-video-preview:-1\" \/>\n<link rel=\"canonical\" href=\"https:\/\/demo.productdesignerapp.com\/wordpress\/san-pham\/tat-giang-sinh\/\" \/>\n<meta property=\"og:locale\" content=\"en_US\" \/>\n<meta property=\"og:type\" content=\"article\" \/>\n<meta property=\"og:title\" content=\"T\u1ea5t gi\u00e1ng sinh - Product Designer App\" \/>\n<meta property=\"og:description\" content=\"B\u1ea1n \u0111\u00e3 s\u1eb5n s\u00e0ng th\u00eam n\u00e9t c\u00e1 nh\u00e2n v\u00e0o \u0111\u1ed3 trang tr\u00ed ng\u00e0y l\u1ec5 c\u1ee7a m\u00ecnh ch\u01b0a? T\u1ea5t Gi\u00e1ng sinh [&hellip;]\" \/>\n<meta property=\"og:url\" content=\"https:\/\/demo.productdesignerapp.com\/wordpress\/san-pham\/tat-giang-sinh\/\" \/>\n<meta property=\"og:site_name\" content=\"Product Designer App\" \/>\n<meta property=\"article:publisher\" content=\"https:\/\/www.facebook.com\/productdesignerapps\" \/>\n<meta property=\"article:modified_time\" content=\"2026-01-28T07:49:50+00:00\" \/>\n<meta property=\"og:image\" content=\"https:\/\/demo.productdesignerapp.com\/wordpress\/wp-content\/uploads\/2024\/06\/Lifestyle.png\" \/>\n\t<meta property=\"og:image:width\" content=\"1200\" \/>\n\t<meta property=\"og:image:height\" content=\"1200\" \/>\n\t<meta property=\"og:image:type\" content=\"image\/png\" \/>\n<meta name=\"twitter:card\" content=\"summary_large_image\" \/>\n<meta name=\"twitter:site\" content=\"@pdesignerapp\" \/>\n<meta name=\"twitter:label1\" content=\"Est. reading time\" \/>\n\t<meta name=\"twitter:data1\" content=\"2 minutes\" \/>\n<script type=\"application\/ld+json\" class=\"yoast-schema-graph\">{\"@context\":\"https:\/\/schema.org\",\"@graph\":[{\"@type\":\"WebPage\",\"@id\":\"https:\/\/demo.productdesignerapp.com\/wordpress\/san-pham\/tat-giang-sinh\/\",\"url\":\"https:\/\/demo.productdesignerapp.com\/wordpress\/san-pham\/tat-giang-sinh\/\",\"name\":\"T\u1ea5t gi\u00e1ng sinh - Product Designer App\",\"isPartOf\":{\"@id\":\"https:\/\/demo.productdesignerapp.com\/wordpress\/#website\"},\"primaryImageOfPage\":{\"@id\":\"https:\/\/demo.productdesignerapp.com\/wordpress\/san-pham\/tat-giang-sinh\/#primaryimage\"},\"image\":{\"@id\":\"https:\/\/demo.productdesignerapp.com\/wordpress\/san-pham\/tat-giang-sinh\/#primaryimage\"},\"thumbnailUrl\":\"https:\/\/demo.productdesignerapp.com\/wordpress\/wp-content\/uploads\/2024\/06\/Lifestyle.jpg\",\"datePublished\":\"2024-06-01T08:22:56+00:00\",\"dateModified\":\"2026-01-28T07:49:50+00:00\",\"breadcrumb\":{\"@id\":\"https:\/\/demo.productdesignerapp.com\/wordpress\/san-pham\/tat-giang-sinh\/#breadcrumb\"},\"inLanguage\":\"en-US\",\"potentialAction\":[{\"@type\":\"ReadAction\",\"target\":[\"https:\/\/demo.productdesignerapp.com\/wordpress\/san-pham\/tat-giang-sinh\/\"]}]},{\"@type\":\"ImageObject\",\"inLanguage\":\"en-US\",\"@id\":\"https:\/\/demo.productdesignerapp.com\/wordpress\/san-pham\/tat-giang-sinh\/#primaryimage\",\"url\":\"https:\/\/demo.productdesignerapp.com\/wordpress\/wp-content\/uploads\/2024\/06\/Lifestyle.jpg\",\"contentUrl\":\"https:\/\/demo.productdesignerapp.com\/wordpress\/wp-content\/uploads\/2024\/06\/Lifestyle.jpg\",\"width\":1000,\"height\":1000},{\"@type\":\"BreadcrumbList\",\"@id\":\"https:\/\/demo.productdesignerapp.com\/wordpress\/san-pham\/tat-giang-sinh\/#breadcrumb\",\"itemListElement\":[{\"@type\":\"ListItem\",\"position\":1,\"name\":\"Home\",\"item\":\"https:\/\/demo.productdesignerapp.com\/wordpress\/\"},{\"@type\":\"ListItem\",\"position\":2,\"name\":\"Shop\",\"item\":\"https:\/\/demo.productdesignerapp.com\/wordpress\/shop\/\"},{\"@type\":\"ListItem\",\"position\":3,\"name\":\"T\u1ea5t gi\u00e1ng sinh\"}]},{\"@type\":\"WebSite\",\"@id\":\"https:\/\/demo.productdesignerapp.com\/wordpress\/#website\",\"url\":\"https:\/\/demo.productdesignerapp.com\/wordpress\/\",\"name\":\"Product Designer App\",\"description\":\"Demo\",\"publisher\":{\"@id\":\"https:\/\/demo.productdesignerapp.com\/wordpress\/#organization\"},\"alternateName\":\"PDA\",\"potentialAction\":[{\"@type\":\"SearchAction\",\"target\":{\"@type\":\"EntryPoint\",\"urlTemplate\":\"https:\/\/demo.productdesignerapp.com\/wordpress\/?s={search_term_string}\"},\"query-input\":\"required name=search_term_string\"}],\"inLanguage\":\"en-US\"},{\"@type\":\"Organization\",\"@id\":\"https:\/\/demo.productdesignerapp.com\/wordpress\/#organization\",\"name\":\"Product Designer App\",\"alternateName\":\"PDA\",\"url\":\"https:\/\/demo.productdesignerapp.com\/wordpress\/\",\"logo\":{\"@type\":\"ImageObject\",\"inLanguage\":\"en-US\",\"@id\":\"https:\/\/demo.productdesignerapp.com\/wordpress\/#\/schema\/logo\/image\/\",\"url\":\"https:\/\/demo.productdesignerapp.com\/wordpress\/wp-content\/uploads\/2024\/05\/pda-logo-600.png\",\"contentUrl\":\"https:\/\/demo.productdesignerapp.com\/wordpress\/wp-content\/uploads\/2024\/05\/pda-logo-600.png\",\"width\":600,\"height\":600,\"caption\":\"Product Designer App\"},\"image\":{\"@id\":\"https:\/\/demo.productdesignerapp.com\/wordpress\/#\/schema\/logo\/image\/\"},\"sameAs\":[\"https:\/\/www.facebook.com\/productdesignerapps\",\"https:\/\/x.com\/pdesignerapp\",\"https:\/\/www.youtube.com\/@productdesignerapp\"]}]}<\/script>\n<!-- \/ Yoast SEO plugin. -->","yoast_head_json":{"title":"T\u1ea5t gi\u00e1ng sinh - Product Designer App","robots":{"index":"index","follow":"follow","max-snippet":"max-snippet:-1","max-image-preview":"max-image-preview:large","max-video-preview":"max-video-preview:-1"},"canonical":"https:\/\/demo.productdesignerapp.com\/wordpress\/san-pham\/tat-giang-sinh\/","og_locale":"en_US","og_type":"article","og_title":"T\u1ea5t gi\u00e1ng sinh - Product Designer App","og_description":"B\u1ea1n \u0111\u00e3 s\u1eb5n s\u00e0ng th\u00eam n\u00e9t c\u00e1 nh\u00e2n v\u00e0o \u0111\u1ed3 trang tr\u00ed ng\u00e0y l\u1ec5 c\u1ee7a m\u00ecnh ch\u01b0a? T\u1ea5t Gi\u00e1ng sinh [&hellip;]","og_url":"https:\/\/demo.productdesignerapp.com\/wordpress\/san-pham\/tat-giang-sinh\/","og_site_name":"Product Designer App","article_publisher":"https:\/\/www.facebook.com\/productdesignerapps","article_modified_time":"2026-01-28T07:49:50+00:00","og_image":[{"width":1200,"height":1200,"url":"https:\/\/demo.productdesignerapp.com\/wordpress\/wp-content\/uploads\/2024\/06\/Lifestyle.png","type":"image\/png"}],"twitter_card":"summary_large_image","twitter_site":"@pdesignerapp","twitter_misc":{"Est. reading time":"2 minutes"},"schema":{"@context":"https:\/\/schema.org","@graph":[{"@type":"WebPage","@id":"https:\/\/demo.productdesignerapp.com\/wordpress\/san-pham\/tat-giang-sinh\/","url":"https:\/\/demo.productdesignerapp.com\/wordpress\/san-pham\/tat-giang-sinh\/","name":"T\u1ea5t gi\u00e1ng sinh - Product Designer App","isPartOf":{"@id":"https:\/\/demo.productdesignerapp.com\/wordpress\/#website"},"primaryImageOfPage":{"@id":"https:\/\/demo.productdesignerapp.com\/wordpress\/san-pham\/tat-giang-sinh\/#primaryimage"},"image":{"@id":"https:\/\/demo.productdesignerapp.com\/wordpress\/san-pham\/tat-giang-sinh\/#primaryimage"},"thumbnailUrl":"https:\/\/demo.productdesignerapp.com\/wordpress\/wp-content\/uploads\/2024\/06\/Lifestyle.jpg","datePublished":"2024-06-01T08:22:56+00:00","dateModified":"2026-01-28T07:49:50+00:00","breadcrumb":{"@id":"https:\/\/demo.productdesignerapp.com\/wordpress\/san-pham\/tat-giang-sinh\/#breadcrumb"},"inLanguage":"en-US","potentialAction":[{"@type":"ReadAction","target":["https:\/\/demo.productdesignerapp.com\/wordpress\/san-pham\/tat-giang-sinh\/"]}]},{"@type":"ImageObject","inLanguage":"en-US","@id":"https:\/\/demo.productdesignerapp.com\/wordpress\/san-pham\/tat-giang-sinh\/#primaryimage","url":"https:\/\/demo.productdesignerapp.com\/wordpress\/wp-content\/uploads\/2024\/06\/Lifestyle.jpg","contentUrl":"https:\/\/demo.productdesignerapp.com\/wordpress\/wp-content\/uploads\/2024\/06\/Lifestyle.jpg","width":1000,"height":1000},{"@type":"BreadcrumbList","@id":"https:\/\/demo.productdesignerapp.com\/wordpress\/san-pham\/tat-giang-sinh\/#breadcrumb","itemListElement":[{"@type":"ListItem","position":1,"name":"Home","item":"https:\/\/demo.productdesignerapp.com\/wordpress\/"},{"@type":"ListItem","position":2,"name":"Shop","item":"https:\/\/demo.productdesignerapp.com\/wordpress\/shop\/"},{"@type":"ListItem","position":3,"name":"T\u1ea5t gi\u00e1ng sinh"}]},{"@type":"WebSite","@id":"https:\/\/demo.productdesignerapp.com\/wordpress\/#website","url":"https:\/\/demo.productdesignerapp.com\/wordpress\/","name":"Product Designer App","description":"Demo","publisher":{"@id":"https:\/\/demo.productdesignerapp.com\/wordpress\/#organization"},"alternateName":"PDA","potentialAction":[{"@type":"SearchAction","target":{"@type":"EntryPoint","urlTemplate":"https:\/\/demo.productdesignerapp.com\/wordpress\/?s={search_term_string}"},"query-input":"required name=search_term_string"}],"inLanguage":"en-US"},{"@type":"Organization","@id":"https:\/\/demo.productdesignerapp.com\/wordpress\/#organization","name":"Product Designer App","alternateName":"PDA","url":"https:\/\/demo.productdesignerapp.com\/wordpress\/","logo":{"@type":"ImageObject","inLanguage":"en-US","@id":"https:\/\/demo.productdesignerapp.com\/wordpress\/#\/schema\/logo\/image\/","url":"https:\/\/demo.productdesignerapp.com\/wordpress\/wp-content\/uploads\/2024\/05\/pda-logo-600.png","contentUrl":"https:\/\/demo.productdesignerapp.com\/wordpress\/wp-content\/uploads\/2024\/05\/pda-logo-600.png","width":600,"height":600,"caption":"Product Designer App"},"image":{"@id":"https:\/\/demo.productdesignerapp.com\/wordpress\/#\/schema\/logo\/image\/"},"sameAs":["https:\/\/www.facebook.com\/productdesignerapps","https:\/\/x.com\/pdesignerapp","https:\/\/www.youtube.com\/@productdesignerapp"]}]}},"lang":"vi","translations":{"vi":228,"en":226},"pll_sync_post":[],"_links":{"self":[{"href":"https:\/\/demo.productdesignerapp.com\/wordpress\/wp-json\/wp\/v2\/product\/228","targetHints":{"allow":["GET"]}}],"collection":[{"href":"https:\/\/demo.productdesignerapp.com\/wordpress\/wp-json\/wp\/v2\/product"}],"about":[{"href":"https:\/\/demo.productdesignerapp.com\/wordpress\/wp-json\/wp\/v2\/types\/product"}],"replies":[{"embeddable":true,"href":"https:\/\/demo.productdesignerapp.com\/wordpress\/wp-json\/wp\/v2\/comments?post=228"}],"wp:featuredmedia":[{"embeddable":true,"href":"https:\/\/demo.productdesignerapp.com\/wordpress\/wp-json\/wp\/v2\/media\/948"}],"wp:attachment":[{"href":"https:\/\/demo.productdesignerapp.com\/wordpress\/wp-json\/wp\/v2\/media?parent=228"}],"wp:term":[{"taxonomy":"product_cat","embeddable":true,"href":"https:\/\/demo.productdesignerapp.com\/wordpress\/wp-json\/wp\/v2\/product_cat?post=228"},{"taxonomy":"product_tag","embeddable":true,"href":"https:\/\/demo.productdesignerapp.com\/wordpress\/wp-json\/wp\/v2\/product_tag?post=228"}],"curies":[{"name":"wp","href":"https:\/\/api.w.org\/{rel}","templated":true}]}}