{"id":267,"date":"2024-06-03T08:25:02","date_gmt":"2024-06-03T08:25:02","guid":{"rendered":"https:\/\/demo.productdesignerapp.com\/wordpress\/?post_type=product&#038;p=267"},"modified":"2026-01-28T08:57:05","modified_gmt":"2026-01-28T08:57:05","slug":"tham-tam","status":"publish","type":"product","link":"https:\/\/demo.productdesignerapp.com\/wordpress\/san-pham\/tham-tam\/","title":{"rendered":"Th\u1ea3m t\u1eafm"},"content":{"rendered":"<ul>\n<li>\u0110\u01b0\u1ee3c l\u00e0m t\u1eeb s\u1ee3i nhung l\u00f4ng m\u1ecbn ch\u1ea5t l\u01b0\u1ee3ng cao. C\u00e1c s\u1ee3i m\u1ec1m r\u1ea5t d\u00e0y v\u00e0 kh\u00f4ng d\u1ec5 b\u1ecb x\u1eb9p sau khi s\u1eed d\u1ee5ng, l\u00e0m d\u1ecbu \u0111\u00f4i ch\u00e2n m\u1ec7t m\u1ecfi c\u1ee7a b\u1ea1n v\u00e0 b\u1ea3o v\u1ec7 c\u00e1c ng\u00f3n ch\u00e2n c\u1ee7a b\u1ea1n kh\u1ecfi s\u00e0n l\u1ea1nh. M\u1eadt \u0111\u1ed9 v\u00e0 \u0111\u1ed9 m\u1ec1m m\u1ea1i c\u1ee7a l\u1edbp l\u00f4ng c\u1ee7a ch\u00fang t\u00f4i v\u01b0\u1ee3t tr\u1ed9i h\u01a1n h\u1ea7u h\u1ebft c\u00e1c th\u01b0\u01a1ng hi\u1ec7u kh\u00e1c.<\/li>\n<li>C\u00e1c s\u1ee3i nhung l\u00f4ng hi\u1ec7u su\u1ea5t cao c\u00f3 th\u1ec3 nhanh ch\u00f3ng h\u1ea5p th\u1ee5 \u0111\u1ed9 \u1ea9m t\u1eeb b\u00e0n ch\u00e2n c\u1ee7a b\u1ea1n khi b\u1ea1n b\u01b0\u1edbc ra kh\u1ecfi b\u1ed3n t\u1eafm ho\u1eb7c v\u00f2i hoa sen, v\u00e0 gi\u1eef cho s\u00e0n nh\u00e0 c\u1ee7a b\u1ea1n kh\u00f4ng b\u1ecb nh\u1ecf gi\u1ecdt n\u01b0\u1edbc, v\u00e0 kh\u00f4 nhanh, gi\u00fap \u0111\u00f4i ch\u00e2n c\u1ee7a b\u1ea1n c\u1ea3m th\u1ea5y t\u1eadn h\u01b0\u1edfng s\u1ef1 sang tr\u1ecdng t\u1ed1i \u0111a<\/li>\n<li>L\u1edbp n\u1ec1n keo n\u00f3ng ch\u1ea3y ch\u1ea5t l\u01b0\u1ee3ng cao \u0111\u1ec3 gi\u1eef cho th\u1ea3m c\u1ed1 \u0111\u1ecbnh ch\u1eafc ch\u1eafn v\u00e0 ng\u0103n ng\u1eeba x\u00ea d\u1ecbch v\u00e0 tr\u01b0\u1ee3t. Cung c\u1ea5p s\u1ef1 an to\u00e0n t\u1ed1t h\u01a1n cho c\u00e1c gia \u0111\u00ecnh c\u00f3 tr\u1ebb em ho\u1eb7c ng\u01b0\u1eddi gi\u00e0. L\u01b0u \u00fd: L\u1edbp l\u00f3t th\u1ea3m t\u1eafm ph\u1ea3i s\u1ea1ch, ph\u1eb3ng v\u00e0 kh\u00f4 tr\u01b0\u1edbc khi \u0111\u1eb7t th\u1ea3m xu\u1ed1ng s\u00e0n. N\u01b0\u1edbc ho\u1eb7c b\u1ee5i d\u01b0\u1edbi th\u1ea3m c\u00f3 th\u1ec3 g\u00e2y tr\u01b0\u1ee3t.<\/li>\n<li>Ch\u1ea5t li\u1ec7u b\u1ec1n, c\u00f3 th\u1ec3 gi\u1eb7t b\u1eb1ng m\u00e1y, V\u1edbi c\u00f4ng ngh\u1ec7 kh\u00f3a s\u1ee3i cao c\u1ea5p, m\u1ecdi s\u1ee3i \u0111\u1ec1u \u0111\u01b0\u1ee3c g\u1eafn ch\u1eb7t v\u00e0o l\u1edbp l\u00f3t \u0111\u1ec3 th\u1ea3m ph\u00f2ng t\u1eafm kh\u00f4ng b\u1ecb bong ra trong qu\u00e1 tr\u00ecnh s\u1eed d\u1ee5ng ho\u1eb7c gi\u1eb7t, m\u00e0u s\u1eafc s\u1ebd lu\u00f4n \u0111\u1eb9p v\u00e0 r\u1ef1c r\u1ee1 trong nhi\u1ec1u n\u0103m t\u1edbi b\u1ea5t k\u1ec3 \u0111\u01b0\u1ee3c gi\u1eb7t v\u00e0 s\u1ea5y bao nhi\u00eau l\u1ea7n. Gi\u1eb7t m\u00e1y b\u1eb1ng n\u01b0\u1edbc l\u1ea1nh v\u00e0 ch\u1ea5t t\u1ea9y r\u1eeda nh\u1eb9 (kh\u00f4ng c\u00f3 clo ho\u1eb7c thu\u1ed1c t\u1ea9y), s\u1ea5y kh\u00f4 \u1edf t\u1ed1c \u0111\u1ed9 th\u1ea5p ho\u1eb7c ph\u01a1i kh\u00f4.<\/li>\n<\/ul>\n","protected":false},"excerpt":{"rendered":"<p>\u0110\u01b0\u1ee3c l\u00e0m t\u1eeb s\u1ee3i nhung l\u00f4ng m\u1ecbn ch\u1ea5t l\u01b0\u1ee3ng cao. C\u00e1c s\u1ee3i m\u1ec1m r\u1ea5t d\u00e0y v\u00e0 kh\u00f4ng d\u1ec5 b\u1ecb x\u1eb9p [&hellip;]<\/p>\n","protected":false},"featured_media":962,"comment_status":"open","ping_status":"closed","template":"","meta":{"site-sidebar-layout":"default","site-content-layout":"","ast-site-content-layout":"default","site-content-style":"default","site-sidebar-style":"default","ast-global-header-display":"","ast-banner-title-visibility":"","ast-main-header-display":"","ast-hfb-above-header-display":"","ast-hfb-below-header-display":"","ast-hfb-mobile-header-display":"","site-post-title":"","ast-breadcrumbs-content":"","ast-featured-img":"","footer-sml-layout":"","theme-transparent-header-meta":"default","adv-header-id-meta":"","stick-header-meta":"","header-above-stick-meta":"","header-main-stick-meta":"","header-below-stick-meta":"","astra-migrate-meta-layouts":"set","ast-page-background-enabled":"default","ast-page-background-meta":{"desktop":{"background-color":"var(--ast-global-color-4)","background-image":"","background-repeat":"repeat","background-position":"center center","background-size":"auto","background-attachment":"scroll","background-type":"","background-media":"","overlay-type":"","overlay-color":"","overlay-opacity":"","overlay-gradient":""},"tablet":{"background-color":"","background-image":"","background-repeat":"repeat","background-position":"center center","background-size":"auto","background-attachment":"scroll","background-type":"","background-media":"","overlay-type":"","overlay-color":"","overlay-opacity":"","overlay-gradient":""},"mobile":{"background-color":"","background-image":"","background-repeat":"repeat","background-position":"center center","background-size":"auto","background-attachment":"scroll","background-type":"","background-media":"","overlay-type":"","overlay-color":"","overlay-opacity":"","overlay-gradient":""}},"ast-content-background-meta":{"desktop":{"background-color":"var(--ast-global-color-5)","background-image":"","background-repeat":"repeat","background-position":"center center","background-size":"auto","background-attachment":"scroll","background-type":"","background-media":"","overlay-type":"","overlay-color":"","overlay-opacity":"","overlay-gradient":""},"tablet":{"background-color":"var(--ast-global-color-5)","background-image":"","background-repeat":"repeat","background-position":"center center","background-size":"auto","background-attachment":"scroll","background-type":"","background-media":"","overlay-type":"","overlay-color":"","overlay-opacity":"","overlay-gradient":""},"mobile":{"background-color":"var(--ast-global-color-5)","background-image":"","background-repeat":"repeat","background-position":"center center","background-size":"auto","background-attachment":"scroll","background-type":"","background-media":"","overlay-type":"","overlay-color":"","overlay-opacity":"","overlay-gradient":""}}},"product_cat":[68],"product_tag":[],"class_list":{"0":"post-267","1":"product","2":"type-product","3":"status-publish","4":"has-post-thumbnail","6":"product_cat-nha-cua","7":"desktop-align-left","8":"tablet-align-left","9":"mobile-align-left","11":"first","12":"instock","13":"shipping-taxable","14":"purchasable","15":"product-type-simple"},"yoast_head":"<!-- This site is optimized with the Yoast SEO plugin v23.0 - https:\/\/yoast.com\/wordpress\/plugins\/seo\/ -->\n<title>Th\u1ea3m t\u1eafm - Product Designer App<\/title>\n<meta name=\"robots\" content=\"index, follow, max-snippet:-1, max-image-preview:large, max-video-preview:-1\" \/>\n<link rel=\"canonical\" href=\"https:\/\/demo.productdesignerapp.com\/wordpress\/san-pham\/tham-tam\/\" \/>\n<meta property=\"og:locale\" content=\"en_US\" \/>\n<meta property=\"og:type\" content=\"article\" \/>\n<meta property=\"og:title\" content=\"Th\u1ea3m t\u1eafm - Product Designer App\" \/>\n<meta property=\"og:description\" content=\"\u0110\u01b0\u1ee3c l\u00e0m t\u1eeb s\u1ee3i nhung l\u00f4ng m\u1ecbn ch\u1ea5t l\u01b0\u1ee3ng cao. C\u00e1c s\u1ee3i m\u1ec1m r\u1ea5t d\u00e0y v\u00e0 kh\u00f4ng d\u1ec5 b\u1ecb x\u1eb9p [&hellip;]\" \/>\n<meta property=\"og:url\" content=\"https:\/\/demo.productdesignerapp.com\/wordpress\/san-pham\/tham-tam\/\" \/>\n<meta property=\"og:site_name\" content=\"Product Designer App\" \/>\n<meta property=\"article:publisher\" content=\"https:\/\/www.facebook.com\/productdesignerapps\" \/>\n<meta property=\"article:modified_time\" content=\"2026-01-28T08:57:05+00:00\" \/>\n<meta property=\"og:image\" content=\"https:\/\/demo.productdesignerapp.com\/wordpress\/wp-content\/uploads\/2024\/06\/mask.png\" \/>\n\t<meta property=\"og:image:width\" content=\"1200\" \/>\n\t<meta property=\"og:image:height\" content=\"1200\" \/>\n\t<meta property=\"og:image:type\" content=\"image\/png\" \/>\n<meta name=\"twitter:card\" content=\"summary_large_image\" \/>\n<meta name=\"twitter:site\" content=\"@pdesignerapp\" \/>\n<meta name=\"twitter:label1\" content=\"Est. reading time\" \/>\n\t<meta name=\"twitter:data1\" content=\"2 minutes\" \/>\n<script type=\"application\/ld+json\" class=\"yoast-schema-graph\">{\"@context\":\"https:\/\/schema.org\",\"@graph\":[{\"@type\":\"WebPage\",\"@id\":\"https:\/\/demo.productdesignerapp.com\/wordpress\/san-pham\/tham-tam\/\",\"url\":\"https:\/\/demo.productdesignerapp.com\/wordpress\/san-pham\/tham-tam\/\",\"name\":\"Th\u1ea3m t\u1eafm - Product Designer App\",\"isPartOf\":{\"@id\":\"https:\/\/demo.productdesignerapp.com\/wordpress\/#website\"},\"primaryImageOfPage\":{\"@id\":\"https:\/\/demo.productdesignerapp.com\/wordpress\/san-pham\/tham-tam\/#primaryimage\"},\"image\":{\"@id\":\"https:\/\/demo.productdesignerapp.com\/wordpress\/san-pham\/tham-tam\/#primaryimage\"},\"thumbnailUrl\":\"https:\/\/demo.productdesignerapp.com\/wordpress\/wp-content\/uploads\/2024\/06\/mask.jpg\",\"datePublished\":\"2024-06-03T08:25:02+00:00\",\"dateModified\":\"2026-01-28T08:57:05+00:00\",\"breadcrumb\":{\"@id\":\"https:\/\/demo.productdesignerapp.com\/wordpress\/san-pham\/tham-tam\/#breadcrumb\"},\"inLanguage\":\"en-US\",\"potentialAction\":[{\"@type\":\"ReadAction\",\"target\":[\"https:\/\/demo.productdesignerapp.com\/wordpress\/san-pham\/tham-tam\/\"]}]},{\"@type\":\"ImageObject\",\"inLanguage\":\"en-US\",\"@id\":\"https:\/\/demo.productdesignerapp.com\/wordpress\/san-pham\/tham-tam\/#primaryimage\",\"url\":\"https:\/\/demo.productdesignerapp.com\/wordpress\/wp-content\/uploads\/2024\/06\/mask.jpg\",\"contentUrl\":\"https:\/\/demo.productdesignerapp.com\/wordpress\/wp-content\/uploads\/2024\/06\/mask.jpg\",\"width\":1000,\"height\":1000},{\"@type\":\"BreadcrumbList\",\"@id\":\"https:\/\/demo.productdesignerapp.com\/wordpress\/san-pham\/tham-tam\/#breadcrumb\",\"itemListElement\":[{\"@type\":\"ListItem\",\"position\":1,\"name\":\"Home\",\"item\":\"https:\/\/demo.productdesignerapp.com\/wordpress\/\"},{\"@type\":\"ListItem\",\"position\":2,\"name\":\"Shop\",\"item\":\"https:\/\/demo.productdesignerapp.com\/wordpress\/shop\/\"},{\"@type\":\"ListItem\",\"position\":3,\"name\":\"Th\u1ea3m t\u1eafm\"}]},{\"@type\":\"WebSite\",\"@id\":\"https:\/\/demo.productdesignerapp.com\/wordpress\/#website\",\"url\":\"https:\/\/demo.productdesignerapp.com\/wordpress\/\",\"name\":\"Product Designer App\",\"description\":\"Demo\",\"publisher\":{\"@id\":\"https:\/\/demo.productdesignerapp.com\/wordpress\/#organization\"},\"alternateName\":\"PDA\",\"potentialAction\":[{\"@type\":\"SearchAction\",\"target\":{\"@type\":\"EntryPoint\",\"urlTemplate\":\"https:\/\/demo.productdesignerapp.com\/wordpress\/?s={search_term_string}\"},\"query-input\":\"required name=search_term_string\"}],\"inLanguage\":\"en-US\"},{\"@type\":\"Organization\",\"@id\":\"https:\/\/demo.productdesignerapp.com\/wordpress\/#organization\",\"name\":\"Product Designer App\",\"alternateName\":\"PDA\",\"url\":\"https:\/\/demo.productdesignerapp.com\/wordpress\/\",\"logo\":{\"@type\":\"ImageObject\",\"inLanguage\":\"en-US\",\"@id\":\"https:\/\/demo.productdesignerapp.com\/wordpress\/#\/schema\/logo\/image\/\",\"url\":\"https:\/\/demo.productdesignerapp.com\/wordpress\/wp-content\/uploads\/2024\/05\/pda-logo-600.png\",\"contentUrl\":\"https:\/\/demo.productdesignerapp.com\/wordpress\/wp-content\/uploads\/2024\/05\/pda-logo-600.png\",\"width\":600,\"height\":600,\"caption\":\"Product Designer App\"},\"image\":{\"@id\":\"https:\/\/demo.productdesignerapp.com\/wordpress\/#\/schema\/logo\/image\/\"},\"sameAs\":[\"https:\/\/www.facebook.com\/productdesignerapps\",\"https:\/\/x.com\/pdesignerapp\",\"https:\/\/www.youtube.com\/@productdesignerapp\"]}]}<\/script>\n<!-- \/ Yoast SEO plugin. -->","yoast_head_json":{"title":"Th\u1ea3m t\u1eafm - Product Designer App","robots":{"index":"index","follow":"follow","max-snippet":"max-snippet:-1","max-image-preview":"max-image-preview:large","max-video-preview":"max-video-preview:-1"},"canonical":"https:\/\/demo.productdesignerapp.com\/wordpress\/san-pham\/tham-tam\/","og_locale":"en_US","og_type":"article","og_title":"Th\u1ea3m t\u1eafm - Product Designer App","og_description":"\u0110\u01b0\u1ee3c l\u00e0m t\u1eeb s\u1ee3i nhung l\u00f4ng m\u1ecbn ch\u1ea5t l\u01b0\u1ee3ng cao. C\u00e1c s\u1ee3i m\u1ec1m r\u1ea5t d\u00e0y v\u00e0 kh\u00f4ng d\u1ec5 b\u1ecb x\u1eb9p [&hellip;]","og_url":"https:\/\/demo.productdesignerapp.com\/wordpress\/san-pham\/tham-tam\/","og_site_name":"Product Designer App","article_publisher":"https:\/\/www.facebook.com\/productdesignerapps","article_modified_time":"2026-01-28T08:57:05+00:00","og_image":[{"width":1200,"height":1200,"url":"https:\/\/demo.productdesignerapp.com\/wordpress\/wp-content\/uploads\/2024\/06\/mask.png","type":"image\/png"}],"twitter_card":"summary_large_image","twitter_site":"@pdesignerapp","twitter_misc":{"Est. reading time":"2 minutes"},"schema":{"@context":"https:\/\/schema.org","@graph":[{"@type":"WebPage","@id":"https:\/\/demo.productdesignerapp.com\/wordpress\/san-pham\/tham-tam\/","url":"https:\/\/demo.productdesignerapp.com\/wordpress\/san-pham\/tham-tam\/","name":"Th\u1ea3m t\u1eafm - Product Designer App","isPartOf":{"@id":"https:\/\/demo.productdesignerapp.com\/wordpress\/#website"},"primaryImageOfPage":{"@id":"https:\/\/demo.productdesignerapp.com\/wordpress\/san-pham\/tham-tam\/#primaryimage"},"image":{"@id":"https:\/\/demo.productdesignerapp.com\/wordpress\/san-pham\/tham-tam\/#primaryimage"},"thumbnailUrl":"https:\/\/demo.productdesignerapp.com\/wordpress\/wp-content\/uploads\/2024\/06\/mask.jpg","datePublished":"2024-06-03T08:25:02+00:00","dateModified":"2026-01-28T08:57:05+00:00","breadcrumb":{"@id":"https:\/\/demo.productdesignerapp.com\/wordpress\/san-pham\/tham-tam\/#breadcrumb"},"inLanguage":"en-US","potentialAction":[{"@type":"ReadAction","target":["https:\/\/demo.productdesignerapp.com\/wordpress\/san-pham\/tham-tam\/"]}]},{"@type":"ImageObject","inLanguage":"en-US","@id":"https:\/\/demo.productdesignerapp.com\/wordpress\/san-pham\/tham-tam\/#primaryimage","url":"https:\/\/demo.productdesignerapp.com\/wordpress\/wp-content\/uploads\/2024\/06\/mask.jpg","contentUrl":"https:\/\/demo.productdesignerapp.com\/wordpress\/wp-content\/uploads\/2024\/06\/mask.jpg","width":1000,"height":1000},{"@type":"BreadcrumbList","@id":"https:\/\/demo.productdesignerapp.com\/wordpress\/san-pham\/tham-tam\/#breadcrumb","itemListElement":[{"@type":"ListItem","position":1,"name":"Home","item":"https:\/\/demo.productdesignerapp.com\/wordpress\/"},{"@type":"ListItem","position":2,"name":"Shop","item":"https:\/\/demo.productdesignerapp.com\/wordpress\/shop\/"},{"@type":"ListItem","position":3,"name":"Th\u1ea3m t\u1eafm"}]},{"@type":"WebSite","@id":"https:\/\/demo.productdesignerapp.com\/wordpress\/#website","url":"https:\/\/demo.productdesignerapp.com\/wordpress\/","name":"Product Designer App","description":"Demo","publisher":{"@id":"https:\/\/demo.productdesignerapp.com\/wordpress\/#organization"},"alternateName":"PDA","potentialAction":[{"@type":"SearchAction","target":{"@type":"EntryPoint","urlTemplate":"https:\/\/demo.productdesignerapp.com\/wordpress\/?s={search_term_string}"},"query-input":"required name=search_term_string"}],"inLanguage":"en-US"},{"@type":"Organization","@id":"https:\/\/demo.productdesignerapp.com\/wordpress\/#organization","name":"Product Designer App","alternateName":"PDA","url":"https:\/\/demo.productdesignerapp.com\/wordpress\/","logo":{"@type":"ImageObject","inLanguage":"en-US","@id":"https:\/\/demo.productdesignerapp.com\/wordpress\/#\/schema\/logo\/image\/","url":"https:\/\/demo.productdesignerapp.com\/wordpress\/wp-content\/uploads\/2024\/05\/pda-logo-600.png","contentUrl":"https:\/\/demo.productdesignerapp.com\/wordpress\/wp-content\/uploads\/2024\/05\/pda-logo-600.png","width":600,"height":600,"caption":"Product Designer App"},"image":{"@id":"https:\/\/demo.productdesignerapp.com\/wordpress\/#\/schema\/logo\/image\/"},"sameAs":["https:\/\/www.facebook.com\/productdesignerapps","https:\/\/x.com\/pdesignerapp","https:\/\/www.youtube.com\/@productdesignerapp"]}]}},"lang":"vi","translations":{"vi":267,"en":265},"pll_sync_post":[],"_links":{"self":[{"href":"https:\/\/demo.productdesignerapp.com\/wordpress\/wp-json\/wp\/v2\/product\/267","targetHints":{"allow":["GET"]}}],"collection":[{"href":"https:\/\/demo.productdesignerapp.com\/wordpress\/wp-json\/wp\/v2\/product"}],"about":[{"href":"https:\/\/demo.productdesignerapp.com\/wordpress\/wp-json\/wp\/v2\/types\/product"}],"replies":[{"embeddable":true,"href":"https:\/\/demo.productdesignerapp.com\/wordpress\/wp-json\/wp\/v2\/comments?post=267"}],"wp:featuredmedia":[{"embeddable":true,"href":"https:\/\/demo.productdesignerapp.com\/wordpress\/wp-json\/wp\/v2\/media\/962"}],"wp:attachment":[{"href":"https:\/\/demo.productdesignerapp.com\/wordpress\/wp-json\/wp\/v2\/media?parent=267"}],"wp:term":[{"taxonomy":"product_cat","embeddable":true,"href":"https:\/\/demo.productdesignerapp.com\/wordpress\/wp-json\/wp\/v2\/product_cat?post=267"},{"taxonomy":"product_tag","embeddable":true,"href":"https:\/\/demo.productdesignerapp.com\/wordpress\/wp-json\/wp\/v2\/product_tag?post=267"}],"curies":[{"name":"wp","href":"https:\/\/api.w.org\/{rel}","templated":true}]}}