{"id":279,"date":"2024-06-03T08:44:45","date_gmt":"2024-06-03T08:44:45","guid":{"rendered":"https:\/\/demo.productdesignerapp.com\/wordpress\/?post_type=product&#038;p=279"},"modified":"2026-01-28T09:14:12","modified_gmt":"2026-01-28T09:14:12","slug":"tam-che-nang-o-to","status":"publish","type":"product","link":"https:\/\/demo.productdesignerapp.com\/wordpress\/san-pham\/tam-che-nang-o-to\/","title":{"rendered":"T\u1ea5m che n\u1eafng \u00f4 t\u00f4"},"content":{"rendered":"<ul>\n<li>\u0110\u01b0\u1ee3c thi\u1ebft k\u1ebf chung cho h\u1ea7u h\u1ebft c\u00e1c lo\u1ea1i xe c\u00e1 nh\u00e2n v\u00e0 v\u1eeba v\u1eb7n v\u1edbi k\u00ednh ch\u1eafn gi\u00f3 b\u1eb1ng c\u00e1ch s\u1eed d\u1ee5ng g\u01b0\u01a1ng chi\u1ebfu h\u1eadu l\u00e0m \u0111i\u1ec3m t\u1ef1a. C\u00e1c c\u1ea1nh thu\u00f4n nh\u1ecdn gi\u00fap v\u1eeba kh\u00edt h\u01a1n.<\/li>\n<li>V\u00e0o m\u1ed9t ng\u00e0y n\u1eafng b\u00ecnh th\u01b0\u1eddng, h\u00e3y tr\u00e1nh nhi\u1ec7t \u0111\u1ed9 t\u0103ng th\u00eam v\u00e0 gi\u1eef cho n\u1ed9i th\u1ea5t xe m\u00e1t m\u1ebb v\u1edbi T\u1ea5m b\u1ea3o v\u1ec7 che n\u1eafng k\u00ednh ch\u1eafn gi\u00f3 ch\u1ea5t l\u01b0\u1ee3ng h\u00e0ng \u0111\u1ea7u c\u1ee7a ch\u00fang t\u00f4i. Gi\u1ea3m nhi\u1ec7t \u0111\u1ed9 b\u00ean trong xe t\u1eeb 30-50 \u0111\u1ed9. Ch\u1eb7n tia UV c\u00f3 h\u1ea1i; Gi\u1eef cho xe m\u00e1t h\u01a1n v\u00e0o nh\u1eefng ng\u00e0y n\u1eafng<\/li>\n<li>T\u0103ng tu\u1ed5i th\u1ecd cho b\u1ec1 m\u1eb7t t\u00e1p l\u00f4, radio, M\u00e0n h\u00ecnh LCD, Thi\u1ebft b\u1ecb GPS v\u00e0 c\u00e1c thi\u1ebft b\u1ecb \u0111i\u1ec7n t\u1eed kh\u00e1c c\u1ee7a xe. Thi\u1ebft k\u1ebf \u0111\u1ed9c \u0111\u00e1o v\u1edbi khung nh\u1eb9, \u0111\u01b0\u1ee3c gia c\u1ed1 gi\u00fap \u0111\u01a1n gi\u1ea3n h\u00f3a vi\u1ec7c l\u1eafp \u0111\u1eb7t v\u00e0 \u0111\u1ecbnh v\u1ecb l\u1ea1i<\/li>\n<li>Thi\u1ebft k\u1ebf bong b\u00f3ng hai l\u1edbp \u0111\u1ec3 b\u1ea3o v\u1ec7 t\u1ed1i \u0111a cho n\u1ed9i th\u1ea5t xe c\u1ee7a b\u1ea1n, gi\u1eef cho gh\u1ebf v\u00e0 v\u00f4 l\u0103ng lu\u00f4n m\u00e1t m\u1ebb b\u1eb1ng c\u00e1ch ch\u1eb7n nhi\u1ec7t t\u1eeb m\u1eb7t tr\u1eddi v\u00e0 c\u00e1c tia b\u1ee9c x\u1ea1 UV c\u00f3 h\u1ea1i.<\/li>\n<li>Thi\u1ebft k\u1ebf \u0111\u00e0n accordion c\u00f3 th\u1ec3 g\u1eadp l\u1ea1i cho ph\u00e9p b\u1ea1n d\u1ec5 d\u00e0ng ch\u1ed1ng \u0111\u1ee1 t\u1ea5m che n\u1eafng v\u00e0 c\u1ea5t gi\u1eef b\u1eb1ng kh\u00f3a d\u00e1n. N\u00f3 c\u0169ng c\u00f3 th\u1ec3 \u0111\u01b0\u1ee3c \u0111\u1ea3o ng\u01b0\u1ee3c v\u00e0 s\u1eed d\u1ee5ng \u1edf c\u1ea3 hai m\u1eb7t v\u1edbi c\u00f9ng kh\u1ea3 n\u0103ng b\u1ea3o v\u1ec7!<\/li>\n<\/ul>\n","protected":false},"excerpt":{"rendered":"<p>\u0110\u01b0\u1ee3c thi\u1ebft k\u1ebf chung cho h\u1ea7u h\u1ebft c\u00e1c lo\u1ea1i xe c\u00e1 nh\u00e2n v\u00e0 v\u1eeba v\u1eb7n v\u1edbi k\u00ednh ch\u1eafn gi\u00f3 b\u1eb1ng [&hellip;]<\/p>\n","protected":false},"featured_media":965,"comment_status":"open","ping_status":"closed","template":"","meta":{"site-sidebar-layout":"default","site-content-layout":"","ast-site-content-layout":"default","site-content-style":"default","site-sidebar-style":"default","ast-global-header-display":"","ast-banner-title-visibility":"","ast-main-header-display":"","ast-hfb-above-header-display":"","ast-hfb-below-header-display":"","ast-hfb-mobile-header-display":"","site-post-title":"","ast-breadcrumbs-content":"","ast-featured-img":"","footer-sml-layout":"","theme-transparent-header-meta":"default","adv-header-id-meta":"","stick-header-meta":"","header-above-stick-meta":"","header-main-stick-meta":"","header-below-stick-meta":"","astra-migrate-meta-layouts":"set","ast-page-background-enabled":"default","ast-page-background-meta":{"desktop":{"background-color":"var(--ast-global-color-4)","background-image":"","background-repeat":"repeat","background-position":"center center","background-size":"auto","background-attachment":"scroll","background-type":"","background-media":"","overlay-type":"","overlay-color":"","overlay-opacity":"","overlay-gradient":""},"tablet":{"background-color":"","background-image":"","background-repeat":"repeat","background-position":"center center","background-size":"auto","background-attachment":"scroll","background-type":"","background-media":"","overlay-type":"","overlay-color":"","overlay-opacity":"","overlay-gradient":""},"mobile":{"background-color":"","background-image":"","background-repeat":"repeat","background-position":"center center","background-size":"auto","background-attachment":"scroll","background-type":"","background-media":"","overlay-type":"","overlay-color":"","overlay-opacity":"","overlay-gradient":""}},"ast-content-background-meta":{"desktop":{"background-color":"var(--ast-global-color-5)","background-image":"","background-repeat":"repeat","background-position":"center center","background-size":"auto","background-attachment":"scroll","background-type":"","background-media":"","overlay-type":"","overlay-color":"","overlay-opacity":"","overlay-gradient":""},"tablet":{"background-color":"var(--ast-global-color-5)","background-image":"","background-repeat":"repeat","background-position":"center center","background-size":"auto","background-attachment":"scroll","background-type":"","background-media":"","overlay-type":"","overlay-color":"","overlay-opacity":"","overlay-gradient":""},"mobile":{"background-color":"var(--ast-global-color-5)","background-image":"","background-repeat":"repeat","background-position":"center center","background-size":"auto","background-attachment":"scroll","background-type":"","background-media":"","overlay-type":"","overlay-color":"","overlay-opacity":"","overlay-gradient":""}}},"product_cat":[68],"product_tag":[],"class_list":{"0":"post-279","1":"product","2":"type-product","3":"status-publish","4":"has-post-thumbnail","6":"product_cat-nha-cua","7":"desktop-align-left","8":"tablet-align-left","9":"mobile-align-left","11":"first","12":"instock","13":"shipping-taxable","14":"purchasable","15":"product-type-simple"},"yoast_head":"<!-- This site is optimized with the Yoast SEO plugin v23.0 - https:\/\/yoast.com\/wordpress\/plugins\/seo\/ -->\n<title>T\u1ea5m che n\u1eafng \u00f4 t\u00f4 - Product Designer App<\/title>\n<meta name=\"robots\" content=\"index, follow, max-snippet:-1, max-image-preview:large, max-video-preview:-1\" \/>\n<link rel=\"canonical\" href=\"https:\/\/demo.productdesignerapp.com\/wordpress\/san-pham\/tam-che-nang-o-to\/\" \/>\n<meta property=\"og:locale\" content=\"en_US\" \/>\n<meta property=\"og:type\" content=\"article\" \/>\n<meta property=\"og:title\" content=\"T\u1ea5m che n\u1eafng \u00f4 t\u00f4 - Product Designer App\" \/>\n<meta property=\"og:description\" content=\"\u0110\u01b0\u1ee3c thi\u1ebft k\u1ebf chung cho h\u1ea7u h\u1ebft c\u00e1c lo\u1ea1i xe c\u00e1 nh\u00e2n v\u00e0 v\u1eeba v\u1eb7n v\u1edbi k\u00ednh ch\u1eafn gi\u00f3 b\u1eb1ng [&hellip;]\" \/>\n<meta property=\"og:url\" content=\"https:\/\/demo.productdesignerapp.com\/wordpress\/san-pham\/tam-che-nang-o-to\/\" \/>\n<meta property=\"og:site_name\" content=\"Product Designer App\" \/>\n<meta property=\"article:publisher\" content=\"https:\/\/www.facebook.com\/productdesignerapps\" \/>\n<meta property=\"article:modified_time\" content=\"2026-01-28T09:14:12+00:00\" \/>\n<meta property=\"og:image\" content=\"https:\/\/demo.productdesignerapp.com\/wordpress\/wp-content\/uploads\/2024\/06\/Car-sunshade.png\" \/>\n\t<meta property=\"og:image:width\" content=\"1200\" \/>\n\t<meta property=\"og:image:height\" content=\"1200\" \/>\n\t<meta property=\"og:image:type\" content=\"image\/png\" \/>\n<meta name=\"twitter:card\" content=\"summary_large_image\" \/>\n<meta name=\"twitter:site\" content=\"@pdesignerapp\" \/>\n<meta name=\"twitter:label1\" content=\"Est. reading time\" \/>\n\t<meta name=\"twitter:data1\" content=\"2 minutes\" \/>\n<script type=\"application\/ld+json\" class=\"yoast-schema-graph\">{\"@context\":\"https:\/\/schema.org\",\"@graph\":[{\"@type\":\"WebPage\",\"@id\":\"https:\/\/demo.productdesignerapp.com\/wordpress\/san-pham\/tam-che-nang-o-to\/\",\"url\":\"https:\/\/demo.productdesignerapp.com\/wordpress\/san-pham\/tam-che-nang-o-to\/\",\"name\":\"T\u1ea5m che n\u1eafng \u00f4 t\u00f4 - Product Designer App\",\"isPartOf\":{\"@id\":\"https:\/\/demo.productdesignerapp.com\/wordpress\/#website\"},\"primaryImageOfPage\":{\"@id\":\"https:\/\/demo.productdesignerapp.com\/wordpress\/san-pham\/tam-che-nang-o-to\/#primaryimage\"},\"image\":{\"@id\":\"https:\/\/demo.productdesignerapp.com\/wordpress\/san-pham\/tam-che-nang-o-to\/#primaryimage\"},\"thumbnailUrl\":\"https:\/\/demo.productdesignerapp.com\/wordpress\/wp-content\/uploads\/2024\/06\/Car-sunshade.jpg\",\"datePublished\":\"2024-06-03T08:44:45+00:00\",\"dateModified\":\"2026-01-28T09:14:12+00:00\",\"breadcrumb\":{\"@id\":\"https:\/\/demo.productdesignerapp.com\/wordpress\/san-pham\/tam-che-nang-o-to\/#breadcrumb\"},\"inLanguage\":\"en-US\",\"potentialAction\":[{\"@type\":\"ReadAction\",\"target\":[\"https:\/\/demo.productdesignerapp.com\/wordpress\/san-pham\/tam-che-nang-o-to\/\"]}]},{\"@type\":\"ImageObject\",\"inLanguage\":\"en-US\",\"@id\":\"https:\/\/demo.productdesignerapp.com\/wordpress\/san-pham\/tam-che-nang-o-to\/#primaryimage\",\"url\":\"https:\/\/demo.productdesignerapp.com\/wordpress\/wp-content\/uploads\/2024\/06\/Car-sunshade.jpg\",\"contentUrl\":\"https:\/\/demo.productdesignerapp.com\/wordpress\/wp-content\/uploads\/2024\/06\/Car-sunshade.jpg\",\"width\":1000,\"height\":1000},{\"@type\":\"BreadcrumbList\",\"@id\":\"https:\/\/demo.productdesignerapp.com\/wordpress\/san-pham\/tam-che-nang-o-to\/#breadcrumb\",\"itemListElement\":[{\"@type\":\"ListItem\",\"position\":1,\"name\":\"Home\",\"item\":\"https:\/\/demo.productdesignerapp.com\/wordpress\/\"},{\"@type\":\"ListItem\",\"position\":2,\"name\":\"Shop\",\"item\":\"https:\/\/demo.productdesignerapp.com\/wordpress\/shop\/\"},{\"@type\":\"ListItem\",\"position\":3,\"name\":\"T\u1ea5m che n\u1eafng \u00f4 t\u00f4\"}]},{\"@type\":\"WebSite\",\"@id\":\"https:\/\/demo.productdesignerapp.com\/wordpress\/#website\",\"url\":\"https:\/\/demo.productdesignerapp.com\/wordpress\/\",\"name\":\"Product Designer App\",\"description\":\"Demo\",\"publisher\":{\"@id\":\"https:\/\/demo.productdesignerapp.com\/wordpress\/#organization\"},\"alternateName\":\"PDA\",\"potentialAction\":[{\"@type\":\"SearchAction\",\"target\":{\"@type\":\"EntryPoint\",\"urlTemplate\":\"https:\/\/demo.productdesignerapp.com\/wordpress\/?s={search_term_string}\"},\"query-input\":\"required name=search_term_string\"}],\"inLanguage\":\"en-US\"},{\"@type\":\"Organization\",\"@id\":\"https:\/\/demo.productdesignerapp.com\/wordpress\/#organization\",\"name\":\"Product Designer App\",\"alternateName\":\"PDA\",\"url\":\"https:\/\/demo.productdesignerapp.com\/wordpress\/\",\"logo\":{\"@type\":\"ImageObject\",\"inLanguage\":\"en-US\",\"@id\":\"https:\/\/demo.productdesignerapp.com\/wordpress\/#\/schema\/logo\/image\/\",\"url\":\"https:\/\/demo.productdesignerapp.com\/wordpress\/wp-content\/uploads\/2024\/05\/pda-logo-600.png\",\"contentUrl\":\"https:\/\/demo.productdesignerapp.com\/wordpress\/wp-content\/uploads\/2024\/05\/pda-logo-600.png\",\"width\":600,\"height\":600,\"caption\":\"Product Designer App\"},\"image\":{\"@id\":\"https:\/\/demo.productdesignerapp.com\/wordpress\/#\/schema\/logo\/image\/\"},\"sameAs\":[\"https:\/\/www.facebook.com\/productdesignerapps\",\"https:\/\/x.com\/pdesignerapp\",\"https:\/\/www.youtube.com\/@productdesignerapp\"]}]}<\/script>\n<!-- \/ Yoast SEO plugin. -->","yoast_head_json":{"title":"T\u1ea5m che n\u1eafng \u00f4 t\u00f4 - Product Designer App","robots":{"index":"index","follow":"follow","max-snippet":"max-snippet:-1","max-image-preview":"max-image-preview:large","max-video-preview":"max-video-preview:-1"},"canonical":"https:\/\/demo.productdesignerapp.com\/wordpress\/san-pham\/tam-che-nang-o-to\/","og_locale":"en_US","og_type":"article","og_title":"T\u1ea5m che n\u1eafng \u00f4 t\u00f4 - Product Designer App","og_description":"\u0110\u01b0\u1ee3c thi\u1ebft k\u1ebf chung cho h\u1ea7u h\u1ebft c\u00e1c lo\u1ea1i xe c\u00e1 nh\u00e2n v\u00e0 v\u1eeba v\u1eb7n v\u1edbi k\u00ednh ch\u1eafn gi\u00f3 b\u1eb1ng [&hellip;]","og_url":"https:\/\/demo.productdesignerapp.com\/wordpress\/san-pham\/tam-che-nang-o-to\/","og_site_name":"Product Designer App","article_publisher":"https:\/\/www.facebook.com\/productdesignerapps","article_modified_time":"2026-01-28T09:14:12+00:00","og_image":[{"width":1200,"height":1200,"url":"https:\/\/demo.productdesignerapp.com\/wordpress\/wp-content\/uploads\/2024\/06\/Car-sunshade.png","type":"image\/png"}],"twitter_card":"summary_large_image","twitter_site":"@pdesignerapp","twitter_misc":{"Est. reading time":"2 minutes"},"schema":{"@context":"https:\/\/schema.org","@graph":[{"@type":"WebPage","@id":"https:\/\/demo.productdesignerapp.com\/wordpress\/san-pham\/tam-che-nang-o-to\/","url":"https:\/\/demo.productdesignerapp.com\/wordpress\/san-pham\/tam-che-nang-o-to\/","name":"T\u1ea5m che n\u1eafng \u00f4 t\u00f4 - Product Designer App","isPartOf":{"@id":"https:\/\/demo.productdesignerapp.com\/wordpress\/#website"},"primaryImageOfPage":{"@id":"https:\/\/demo.productdesignerapp.com\/wordpress\/san-pham\/tam-che-nang-o-to\/#primaryimage"},"image":{"@id":"https:\/\/demo.productdesignerapp.com\/wordpress\/san-pham\/tam-che-nang-o-to\/#primaryimage"},"thumbnailUrl":"https:\/\/demo.productdesignerapp.com\/wordpress\/wp-content\/uploads\/2024\/06\/Car-sunshade.jpg","datePublished":"2024-06-03T08:44:45+00:00","dateModified":"2026-01-28T09:14:12+00:00","breadcrumb":{"@id":"https:\/\/demo.productdesignerapp.com\/wordpress\/san-pham\/tam-che-nang-o-to\/#breadcrumb"},"inLanguage":"en-US","potentialAction":[{"@type":"ReadAction","target":["https:\/\/demo.productdesignerapp.com\/wordpress\/san-pham\/tam-che-nang-o-to\/"]}]},{"@type":"ImageObject","inLanguage":"en-US","@id":"https:\/\/demo.productdesignerapp.com\/wordpress\/san-pham\/tam-che-nang-o-to\/#primaryimage","url":"https:\/\/demo.productdesignerapp.com\/wordpress\/wp-content\/uploads\/2024\/06\/Car-sunshade.jpg","contentUrl":"https:\/\/demo.productdesignerapp.com\/wordpress\/wp-content\/uploads\/2024\/06\/Car-sunshade.jpg","width":1000,"height":1000},{"@type":"BreadcrumbList","@id":"https:\/\/demo.productdesignerapp.com\/wordpress\/san-pham\/tam-che-nang-o-to\/#breadcrumb","itemListElement":[{"@type":"ListItem","position":1,"name":"Home","item":"https:\/\/demo.productdesignerapp.com\/wordpress\/"},{"@type":"ListItem","position":2,"name":"Shop","item":"https:\/\/demo.productdesignerapp.com\/wordpress\/shop\/"},{"@type":"ListItem","position":3,"name":"T\u1ea5m che n\u1eafng \u00f4 t\u00f4"}]},{"@type":"WebSite","@id":"https:\/\/demo.productdesignerapp.com\/wordpress\/#website","url":"https:\/\/demo.productdesignerapp.com\/wordpress\/","name":"Product Designer App","description":"Demo","publisher":{"@id":"https:\/\/demo.productdesignerapp.com\/wordpress\/#organization"},"alternateName":"PDA","potentialAction":[{"@type":"SearchAction","target":{"@type":"EntryPoint","urlTemplate":"https:\/\/demo.productdesignerapp.com\/wordpress\/?s={search_term_string}"},"query-input":"required name=search_term_string"}],"inLanguage":"en-US"},{"@type":"Organization","@id":"https:\/\/demo.productdesignerapp.com\/wordpress\/#organization","name":"Product Designer App","alternateName":"PDA","url":"https:\/\/demo.productdesignerapp.com\/wordpress\/","logo":{"@type":"ImageObject","inLanguage":"en-US","@id":"https:\/\/demo.productdesignerapp.com\/wordpress\/#\/schema\/logo\/image\/","url":"https:\/\/demo.productdesignerapp.com\/wordpress\/wp-content\/uploads\/2024\/05\/pda-logo-600.png","contentUrl":"https:\/\/demo.productdesignerapp.com\/wordpress\/wp-content\/uploads\/2024\/05\/pda-logo-600.png","width":600,"height":600,"caption":"Product Designer App"},"image":{"@id":"https:\/\/demo.productdesignerapp.com\/wordpress\/#\/schema\/logo\/image\/"},"sameAs":["https:\/\/www.facebook.com\/productdesignerapps","https:\/\/x.com\/pdesignerapp","https:\/\/www.youtube.com\/@productdesignerapp"]}]}},"lang":"vi","translations":{"vi":279,"en":277},"pll_sync_post":[],"_links":{"self":[{"href":"https:\/\/demo.productdesignerapp.com\/wordpress\/wp-json\/wp\/v2\/product\/279","targetHints":{"allow":["GET"]}}],"collection":[{"href":"https:\/\/demo.productdesignerapp.com\/wordpress\/wp-json\/wp\/v2\/product"}],"about":[{"href":"https:\/\/demo.productdesignerapp.com\/wordpress\/wp-json\/wp\/v2\/types\/product"}],"replies":[{"embeddable":true,"href":"https:\/\/demo.productdesignerapp.com\/wordpress\/wp-json\/wp\/v2\/comments?post=279"}],"wp:featuredmedia":[{"embeddable":true,"href":"https:\/\/demo.productdesignerapp.com\/wordpress\/wp-json\/wp\/v2\/media\/965"}],"wp:attachment":[{"href":"https:\/\/demo.productdesignerapp.com\/wordpress\/wp-json\/wp\/v2\/media?parent=279"}],"wp:term":[{"taxonomy":"product_cat","embeddable":true,"href":"https:\/\/demo.productdesignerapp.com\/wordpress\/wp-json\/wp\/v2\/product_cat?post=279"},{"taxonomy":"product_tag","embeddable":true,"href":"https:\/\/demo.productdesignerapp.com\/wordpress\/wp-json\/wp\/v2\/product_tag?post=279"}],"curies":[{"name":"wp","href":"https:\/\/api.w.org\/{rel}","templated":true}]}}