{"id":291,"date":"2024-06-03T09:07:05","date_gmt":"2024-06-03T09:07:05","guid":{"rendered":"https:\/\/demo.productdesignerapp.com\/wordpress\/?post_type=product&#038;p=291"},"modified":"2026-01-28T09:48:37","modified_gmt":"2026-01-28T09:48:37","slug":"291","status":"publish","type":"product","link":"https:\/\/demo.productdesignerapp.com\/wordpress\/san-pham\/291\/","title":{"rendered":"C\u00e2u \u0111\u1ed1 tr\u00e1i tim"},"content":{"rendered":"<ul>\n<li>Nh\u1eefng c\u00e2u \u0111\u1ed1 h\u00ecnh tr\u00e1i tim m\u00e0u tr\u1eafng ho\u00e0n to\u00e0n tr\u1ed1ng, mang \u0111\u1ebfn m\u1ed9t b\u1ee9c tranh ho\u00e0n h\u1ea3o cho s\u1ef1 s\u00e1ng t\u1ea1o c\u1ee7a b\u1ea1n. V\u1ebd, t\u00f4 m\u00e0u ho\u1eb7c th\u1eadm ch\u00ed vi\u1ebft l\u00ean ch\u00fang \u0111\u1ec3 t\u1ea1o ra m\u1ed9t c\u00e2u \u0111\u1ed1 \u0111\u01b0\u1ee3c c\u00e1 nh\u00e2n h\u00f3a.<\/li>\n<li>Ch\u1ea5t li\u1ec7u cao c\u1ea5p &#8211; M\u1ed7i c\u00e2u \u0111\u1ed1 \u0111\u01b0\u1ee3c l\u00e0m t\u1eeb b\u00eca c\u1ee9ng d\u00e0y 0,05&#8243; b\u1ec1n. M\u1eb7t tr\u01b0\u1edbc c\u00f3 m\u00e0u tr\u1eafng m\u1edd, ho\u00e0n h\u1ea3o cho m\u1ecdi lo\u1ea1i ph\u01b0\u01a1ng ti\u1ec7n ngh\u1ec7 thu\u1eadt, trong khi m\u1eb7t sau l\u00e0 b\u00eca c\u1ee9ng m\u00e0u x\u00e1m.<\/li>\n<li>C\u00e2u \u0111\u1ed1 t\u1ef1 l\u00e0m &#8211; C\u00e2u \u0111\u1ed1 tr\u1ed1ng n\u00e0y cung c\u1ea5p m\u1ed9t d\u1ef1 \u00e1n t\u1ef1 l\u00e0m th\u00fa v\u1ecb v\u00e0 \u0111\u1ed9c \u0111\u00e1o. T\u1ea1o thi\u1ebft k\u1ebf c\u00e2u \u0111\u1ed1 c\u1ee7a ri\u00eang b\u1ea1n \u0111\u1ec3 l\u00e0m qu\u00e0 t\u1eb7ng \u0111\u01b0\u1ee3c c\u00e1 nh\u00e2n h\u00f3a ho\u1eb7c k\u1ef7 v\u1eadt \u0111\u00e1ng nh\u1edb.<\/li>\n<li>THI\u1ebeT K\u1ebe C\u1ea2I TI\u1ebeN &#8211; Nh\u1eefng c\u00e2u \u0111\u1ed1 cao c\u1ea5p n\u00e0y \u0111\u01b0\u1ee3c l\u1eafp r\u00e1p s\u1eb5n \u0111\u1ec3 b\u1ea1n c\u00f3 th\u1ec3 b\u1eaft \u0111\u1ea7u trang tr\u00ed ngay l\u1eadp t\u1ee9c. D\u1ec4 D\u00c0NG T\u00c1CH c\u00e1c m\u1ea3nh gh\u00e9p m\u00e0 kh\u00f4ng l\u00e0m r\u00e1ch ch\u00fang!<\/li>\n<li>T\u1ef0 L\u00c0M &#8211; Cho d\u00f9 b\u1ea1n \u0111ang t\u1ea1o m\u1ed9t m\u00f3n qu\u00e0 sinh nh\u1eadt \u0111\u1ed9c \u0111\u00e1o cho m\u1ed9t c\u00f4 g\u00e1i, t\u1ea1o ra m\u1ed9t b\u1ea5t ng\u1edd \u0111\u1eb7c bi\u1ec7t cho ng\u00e0y l\u1ec5 t\u00ecnh nh\u00e2n hay ch\u1ec9 \u0111\u01a1n gi\u1ea3n l\u00e0 t\u00ecm ki\u1ebfm m\u1ed9t d\u1ef1 \u00e1n t\u1ef1 l\u00e0m th\u00fa v\u1ecb, nh\u1eefng c\u00e2u \u0111\u1ed1 h\u00ecnh tr\u00e1i tim tr\u1ed1ng n\u00e0y cung c\u1ea5p v\u00f4 s\u1ed1 kh\u1ea3 n\u0103ng.<\/li>\n<\/ul>\n","protected":false},"excerpt":{"rendered":"<p>Nh\u1eefng c\u00e2u \u0111\u1ed1 h\u00ecnh tr\u00e1i tim m\u00e0u tr\u1eafng ho\u00e0n to\u00e0n tr\u1ed1ng, mang \u0111\u1ebfn m\u1ed9t b\u1ee9c tranh ho\u00e0n h\u1ea3o cho s\u1ef1 [&hellip;]<\/p>\n","protected":false},"featured_media":969,"comment_status":"open","ping_status":"closed","template":"","meta":{"site-sidebar-layout":"default","site-content-layout":"","ast-site-content-layout":"default","site-content-style":"default","site-sidebar-style":"default","ast-global-header-display":"","ast-banner-title-visibility":"","ast-main-header-display":"","ast-hfb-above-header-display":"","ast-hfb-below-header-display":"","ast-hfb-mobile-header-display":"","site-post-title":"","ast-breadcrumbs-content":"","ast-featured-img":"","footer-sml-layout":"","theme-transparent-header-meta":"default","adv-header-id-meta":"","stick-header-meta":"","header-above-stick-meta":"","header-main-stick-meta":"","header-below-stick-meta":"","astra-migrate-meta-layouts":"set","ast-page-background-enabled":"default","ast-page-background-meta":{"desktop":{"background-color":"var(--ast-global-color-4)","background-image":"","background-repeat":"repeat","background-position":"center center","background-size":"auto","background-attachment":"scroll","background-type":"","background-media":"","overlay-type":"","overlay-color":"","overlay-opacity":"","overlay-gradient":""},"tablet":{"background-color":"","background-image":"","background-repeat":"repeat","background-position":"center center","background-size":"auto","background-attachment":"scroll","background-type":"","background-media":"","overlay-type":"","overlay-color":"","overlay-opacity":"","overlay-gradient":""},"mobile":{"background-color":"","background-image":"","background-repeat":"repeat","background-position":"center center","background-size":"auto","background-attachment":"scroll","background-type":"","background-media":"","overlay-type":"","overlay-color":"","overlay-opacity":"","overlay-gradient":""}},"ast-content-background-meta":{"desktop":{"background-color":"var(--ast-global-color-5)","background-image":"","background-repeat":"repeat","background-position":"center center","background-size":"auto","background-attachment":"scroll","background-type":"","background-media":"","overlay-type":"","overlay-color":"","overlay-opacity":"","overlay-gradient":""},"tablet":{"background-color":"var(--ast-global-color-5)","background-image":"","background-repeat":"repeat","background-position":"center center","background-size":"auto","background-attachment":"scroll","background-type":"","background-media":"","overlay-type":"","overlay-color":"","overlay-opacity":"","overlay-gradient":""},"mobile":{"background-color":"var(--ast-global-color-5)","background-image":"","background-repeat":"repeat","background-position":"center center","background-size":"auto","background-attachment":"scroll","background-type":"","background-media":"","overlay-type":"","overlay-color":"","overlay-opacity":"","overlay-gradient":""}}},"product_cat":[68],"product_tag":[],"class_list":{"0":"post-291","1":"product","2":"type-product","3":"status-publish","4":"has-post-thumbnail","6":"product_cat-nha-cua","7":"desktop-align-left","8":"tablet-align-left","9":"mobile-align-left","11":"first","12":"instock","13":"shipping-taxable","14":"purchasable","15":"product-type-simple"},"yoast_head":"<!-- This site is optimized with the Yoast SEO plugin v23.0 - https:\/\/yoast.com\/wordpress\/plugins\/seo\/ -->\n<title>C\u00e2u \u0111\u1ed1 tr\u00e1i tim - Product Designer App<\/title>\n<meta name=\"robots\" content=\"index, follow, max-snippet:-1, max-image-preview:large, max-video-preview:-1\" \/>\n<link rel=\"canonical\" href=\"https:\/\/demo.productdesignerapp.com\/wordpress\/san-pham\/291\/\" \/>\n<meta property=\"og:locale\" content=\"en_US\" \/>\n<meta property=\"og:type\" content=\"article\" \/>\n<meta property=\"og:title\" content=\"C\u00e2u \u0111\u1ed1 tr\u00e1i tim - Product Designer App\" \/>\n<meta property=\"og:description\" content=\"Nh\u1eefng c\u00e2u \u0111\u1ed1 h\u00ecnh tr\u00e1i tim m\u00e0u tr\u1eafng ho\u00e0n to\u00e0n tr\u1ed1ng, mang \u0111\u1ebfn m\u1ed9t b\u1ee9c tranh ho\u00e0n h\u1ea3o cho s\u1ef1 [&hellip;]\" \/>\n<meta property=\"og:url\" content=\"https:\/\/demo.productdesignerapp.com\/wordpress\/san-pham\/291\/\" \/>\n<meta property=\"og:site_name\" content=\"Product Designer App\" \/>\n<meta property=\"article:publisher\" content=\"https:\/\/www.facebook.com\/productdesignerapps\" \/>\n<meta property=\"article:modified_time\" content=\"2026-01-28T09:48:37+00:00\" \/>\n<meta property=\"og:image\" content=\"https:\/\/demo.productdesignerapp.com\/wordpress\/wp-content\/uploads\/2024\/06\/Heart-puzzle.png\" \/>\n\t<meta property=\"og:image:width\" content=\"1200\" \/>\n\t<meta property=\"og:image:height\" content=\"1200\" \/>\n\t<meta property=\"og:image:type\" content=\"image\/png\" \/>\n<meta name=\"twitter:card\" content=\"summary_large_image\" \/>\n<meta name=\"twitter:site\" content=\"@pdesignerapp\" \/>\n<meta name=\"twitter:label1\" content=\"Est. reading time\" \/>\n\t<meta name=\"twitter:data1\" content=\"2 minutes\" \/>\n<script type=\"application\/ld+json\" class=\"yoast-schema-graph\">{\"@context\":\"https:\/\/schema.org\",\"@graph\":[{\"@type\":\"WebPage\",\"@id\":\"https:\/\/demo.productdesignerapp.com\/wordpress\/san-pham\/291\/\",\"url\":\"https:\/\/demo.productdesignerapp.com\/wordpress\/san-pham\/291\/\",\"name\":\"C\u00e2u \u0111\u1ed1 tr\u00e1i tim - Product Designer App\",\"isPartOf\":{\"@id\":\"https:\/\/demo.productdesignerapp.com\/wordpress\/#website\"},\"primaryImageOfPage\":{\"@id\":\"https:\/\/demo.productdesignerapp.com\/wordpress\/san-pham\/291\/#primaryimage\"},\"image\":{\"@id\":\"https:\/\/demo.productdesignerapp.com\/wordpress\/san-pham\/291\/#primaryimage\"},\"thumbnailUrl\":\"https:\/\/demo.productdesignerapp.com\/wordpress\/wp-content\/uploads\/2024\/06\/Heart-puzzle.jpg\",\"datePublished\":\"2024-06-03T09:07:05+00:00\",\"dateModified\":\"2026-01-28T09:48:37+00:00\",\"breadcrumb\":{\"@id\":\"https:\/\/demo.productdesignerapp.com\/wordpress\/san-pham\/291\/#breadcrumb\"},\"inLanguage\":\"en-US\",\"potentialAction\":[{\"@type\":\"ReadAction\",\"target\":[\"https:\/\/demo.productdesignerapp.com\/wordpress\/san-pham\/291\/\"]}]},{\"@type\":\"ImageObject\",\"inLanguage\":\"en-US\",\"@id\":\"https:\/\/demo.productdesignerapp.com\/wordpress\/san-pham\/291\/#primaryimage\",\"url\":\"https:\/\/demo.productdesignerapp.com\/wordpress\/wp-content\/uploads\/2024\/06\/Heart-puzzle.jpg\",\"contentUrl\":\"https:\/\/demo.productdesignerapp.com\/wordpress\/wp-content\/uploads\/2024\/06\/Heart-puzzle.jpg\",\"width\":1000,\"height\":1000},{\"@type\":\"BreadcrumbList\",\"@id\":\"https:\/\/demo.productdesignerapp.com\/wordpress\/san-pham\/291\/#breadcrumb\",\"itemListElement\":[{\"@type\":\"ListItem\",\"position\":1,\"name\":\"Home\",\"item\":\"https:\/\/demo.productdesignerapp.com\/wordpress\/\"},{\"@type\":\"ListItem\",\"position\":2,\"name\":\"Shop\",\"item\":\"https:\/\/demo.productdesignerapp.com\/wordpress\/shop\/\"},{\"@type\":\"ListItem\",\"position\":3,\"name\":\"C\u00e2u \u0111\u1ed1 tr\u00e1i tim\"}]},{\"@type\":\"WebSite\",\"@id\":\"https:\/\/demo.productdesignerapp.com\/wordpress\/#website\",\"url\":\"https:\/\/demo.productdesignerapp.com\/wordpress\/\",\"name\":\"Product Designer App\",\"description\":\"Demo\",\"publisher\":{\"@id\":\"https:\/\/demo.productdesignerapp.com\/wordpress\/#organization\"},\"alternateName\":\"PDA\",\"potentialAction\":[{\"@type\":\"SearchAction\",\"target\":{\"@type\":\"EntryPoint\",\"urlTemplate\":\"https:\/\/demo.productdesignerapp.com\/wordpress\/?s={search_term_string}\"},\"query-input\":\"required name=search_term_string\"}],\"inLanguage\":\"en-US\"},{\"@type\":\"Organization\",\"@id\":\"https:\/\/demo.productdesignerapp.com\/wordpress\/#organization\",\"name\":\"Product Designer App\",\"alternateName\":\"PDA\",\"url\":\"https:\/\/demo.productdesignerapp.com\/wordpress\/\",\"logo\":{\"@type\":\"ImageObject\",\"inLanguage\":\"en-US\",\"@id\":\"https:\/\/demo.productdesignerapp.com\/wordpress\/#\/schema\/logo\/image\/\",\"url\":\"https:\/\/demo.productdesignerapp.com\/wordpress\/wp-content\/uploads\/2024\/05\/pda-logo-600.png\",\"contentUrl\":\"https:\/\/demo.productdesignerapp.com\/wordpress\/wp-content\/uploads\/2024\/05\/pda-logo-600.png\",\"width\":600,\"height\":600,\"caption\":\"Product Designer App\"},\"image\":{\"@id\":\"https:\/\/demo.productdesignerapp.com\/wordpress\/#\/schema\/logo\/image\/\"},\"sameAs\":[\"https:\/\/www.facebook.com\/productdesignerapps\",\"https:\/\/x.com\/pdesignerapp\",\"https:\/\/www.youtube.com\/@productdesignerapp\"]}]}<\/script>\n<!-- \/ Yoast SEO plugin. -->","yoast_head_json":{"title":"C\u00e2u \u0111\u1ed1 tr\u00e1i tim - Product Designer App","robots":{"index":"index","follow":"follow","max-snippet":"max-snippet:-1","max-image-preview":"max-image-preview:large","max-video-preview":"max-video-preview:-1"},"canonical":"https:\/\/demo.productdesignerapp.com\/wordpress\/san-pham\/291\/","og_locale":"en_US","og_type":"article","og_title":"C\u00e2u \u0111\u1ed1 tr\u00e1i tim - Product Designer App","og_description":"Nh\u1eefng c\u00e2u \u0111\u1ed1 h\u00ecnh tr\u00e1i tim m\u00e0u tr\u1eafng ho\u00e0n to\u00e0n tr\u1ed1ng, mang \u0111\u1ebfn m\u1ed9t b\u1ee9c tranh ho\u00e0n h\u1ea3o cho s\u1ef1 [&hellip;]","og_url":"https:\/\/demo.productdesignerapp.com\/wordpress\/san-pham\/291\/","og_site_name":"Product Designer App","article_publisher":"https:\/\/www.facebook.com\/productdesignerapps","article_modified_time":"2026-01-28T09:48:37+00:00","og_image":[{"width":1200,"height":1200,"url":"https:\/\/demo.productdesignerapp.com\/wordpress\/wp-content\/uploads\/2024\/06\/Heart-puzzle.png","type":"image\/png"}],"twitter_card":"summary_large_image","twitter_site":"@pdesignerapp","twitter_misc":{"Est. reading time":"2 minutes"},"schema":{"@context":"https:\/\/schema.org","@graph":[{"@type":"WebPage","@id":"https:\/\/demo.productdesignerapp.com\/wordpress\/san-pham\/291\/","url":"https:\/\/demo.productdesignerapp.com\/wordpress\/san-pham\/291\/","name":"C\u00e2u \u0111\u1ed1 tr\u00e1i tim - Product Designer App","isPartOf":{"@id":"https:\/\/demo.productdesignerapp.com\/wordpress\/#website"},"primaryImageOfPage":{"@id":"https:\/\/demo.productdesignerapp.com\/wordpress\/san-pham\/291\/#primaryimage"},"image":{"@id":"https:\/\/demo.productdesignerapp.com\/wordpress\/san-pham\/291\/#primaryimage"},"thumbnailUrl":"https:\/\/demo.productdesignerapp.com\/wordpress\/wp-content\/uploads\/2024\/06\/Heart-puzzle.jpg","datePublished":"2024-06-03T09:07:05+00:00","dateModified":"2026-01-28T09:48:37+00:00","breadcrumb":{"@id":"https:\/\/demo.productdesignerapp.com\/wordpress\/san-pham\/291\/#breadcrumb"},"inLanguage":"en-US","potentialAction":[{"@type":"ReadAction","target":["https:\/\/demo.productdesignerapp.com\/wordpress\/san-pham\/291\/"]}]},{"@type":"ImageObject","inLanguage":"en-US","@id":"https:\/\/demo.productdesignerapp.com\/wordpress\/san-pham\/291\/#primaryimage","url":"https:\/\/demo.productdesignerapp.com\/wordpress\/wp-content\/uploads\/2024\/06\/Heart-puzzle.jpg","contentUrl":"https:\/\/demo.productdesignerapp.com\/wordpress\/wp-content\/uploads\/2024\/06\/Heart-puzzle.jpg","width":1000,"height":1000},{"@type":"BreadcrumbList","@id":"https:\/\/demo.productdesignerapp.com\/wordpress\/san-pham\/291\/#breadcrumb","itemListElement":[{"@type":"ListItem","position":1,"name":"Home","item":"https:\/\/demo.productdesignerapp.com\/wordpress\/"},{"@type":"ListItem","position":2,"name":"Shop","item":"https:\/\/demo.productdesignerapp.com\/wordpress\/shop\/"},{"@type":"ListItem","position":3,"name":"C\u00e2u \u0111\u1ed1 tr\u00e1i tim"}]},{"@type":"WebSite","@id":"https:\/\/demo.productdesignerapp.com\/wordpress\/#website","url":"https:\/\/demo.productdesignerapp.com\/wordpress\/","name":"Product Designer App","description":"Demo","publisher":{"@id":"https:\/\/demo.productdesignerapp.com\/wordpress\/#organization"},"alternateName":"PDA","potentialAction":[{"@type":"SearchAction","target":{"@type":"EntryPoint","urlTemplate":"https:\/\/demo.productdesignerapp.com\/wordpress\/?s={search_term_string}"},"query-input":"required name=search_term_string"}],"inLanguage":"en-US"},{"@type":"Organization","@id":"https:\/\/demo.productdesignerapp.com\/wordpress\/#organization","name":"Product Designer App","alternateName":"PDA","url":"https:\/\/demo.productdesignerapp.com\/wordpress\/","logo":{"@type":"ImageObject","inLanguage":"en-US","@id":"https:\/\/demo.productdesignerapp.com\/wordpress\/#\/schema\/logo\/image\/","url":"https:\/\/demo.productdesignerapp.com\/wordpress\/wp-content\/uploads\/2024\/05\/pda-logo-600.png","contentUrl":"https:\/\/demo.productdesignerapp.com\/wordpress\/wp-content\/uploads\/2024\/05\/pda-logo-600.png","width":600,"height":600,"caption":"Product Designer App"},"image":{"@id":"https:\/\/demo.productdesignerapp.com\/wordpress\/#\/schema\/logo\/image\/"},"sameAs":["https:\/\/www.facebook.com\/productdesignerapps","https:\/\/x.com\/pdesignerapp","https:\/\/www.youtube.com\/@productdesignerapp"]}]}},"lang":"vi","translations":{"vi":291,"en":289},"pll_sync_post":[],"_links":{"self":[{"href":"https:\/\/demo.productdesignerapp.com\/wordpress\/wp-json\/wp\/v2\/product\/291","targetHints":{"allow":["GET"]}}],"collection":[{"href":"https:\/\/demo.productdesignerapp.com\/wordpress\/wp-json\/wp\/v2\/product"}],"about":[{"href":"https:\/\/demo.productdesignerapp.com\/wordpress\/wp-json\/wp\/v2\/types\/product"}],"replies":[{"embeddable":true,"href":"https:\/\/demo.productdesignerapp.com\/wordpress\/wp-json\/wp\/v2\/comments?post=291"}],"wp:featuredmedia":[{"embeddable":true,"href":"https:\/\/demo.productdesignerapp.com\/wordpress\/wp-json\/wp\/v2\/media\/969"}],"wp:attachment":[{"href":"https:\/\/demo.productdesignerapp.com\/wordpress\/wp-json\/wp\/v2\/media?parent=291"}],"wp:term":[{"taxonomy":"product_cat","embeddable":true,"href":"https:\/\/demo.productdesignerapp.com\/wordpress\/wp-json\/wp\/v2\/product_cat?post=291"},{"taxonomy":"product_tag","embeddable":true,"href":"https:\/\/demo.productdesignerapp.com\/wordpress\/wp-json\/wp\/v2\/product_tag?post=291"}],"curies":[{"name":"wp","href":"https:\/\/api.w.org\/{rel}","templated":true}]}}