{"id":315,"date":"2024-06-03T15:52:47","date_gmt":"2024-06-03T15:52:47","guid":{"rendered":"https:\/\/demo.productdesignerapp.com\/wordpress\/?post_type=product&#038;p=315"},"modified":"2026-01-28T10:28:40","modified_gmt":"2026-01-28T10:28:40","slug":"do-trang-tri-ngoi-sao-bang-go","status":"publish","type":"product","link":"https:\/\/demo.productdesignerapp.com\/wordpress\/san-pham\/do-trang-tri-ngoi-sao-bang-go\/","title":{"rendered":"\u0110\u1ed3 trang tr\u00ed ng\u00f4i sao b\u1eb1ng g\u1ed7"},"content":{"rendered":"<ul>\n<li>\u0110\u1ed3 trang tr\u00ed b\u1eb1ng g\u1ed7 \u00f4 liu v\u01b0\u1ee3t th\u1eddi gian. \u0110\u01b0\u1ee3c l\u00e0m th\u1ee7 c\u00f4ng \u0111\u1ec3 t\u00f4 \u0111i\u1ec3m cho c\u00e2y th\u00f4ng Noel c\u1ee7a b\u1ea1n v\u1edbi n\u00e9t quy\u1ebfn r\u0169 m\u1ed9c m\u1ea1c \u0111\u1ed9c \u0111\u00e1o v\u00e0 m\u1ed9t ch\u00fat ch\u00e2n th\u1ef1c.<\/li>\n<li>Tay ngh\u1ec1 th\u1ee7 c\u00f4ng &#8211; M\u1ed7i ng\u00f4i sao trong b\u1ed9 trang tr\u00ed c\u00e2y th\u00f4ng th\u1ee7 c\u00f4ng n\u00e0y \u0111\u01b0\u1ee3c ch\u1ea1m kh\u1eafc \u0111\u1ed9c \u0111\u00e1o t\u1eeb g\u1ed7 \u00f4 liu, mang \u0111\u1ebfn s\u1ef1 b\u1ed5 sung th\u00e2n thi\u1ec7n v\u1edbi m\u00f4i tr\u01b0\u1eddng v\u00e0 \u0111\u01b0\u1ee3c ch\u1ebf t\u00e1c \u0111\u1eb7c bi\u1ec7t cho B\u1ed9 s\u01b0u t\u1eadp \u0111\u1ed3 trang tr\u00ed m\u1ed9c m\u1ea1c c\u1ee7a b\u1ea1n.<\/li>\n<li>\u0110\u1ed3 trang tr\u00ed ng\u00e0y l\u1ec5 th\u00e2n thi\u1ec7n v\u1edbi m\u00f4i tr\u01b0\u1eddng &#8211; H\u00e3y ch\u1ecdn m\u1ed9t Gi\u00e1ng sinh xanh h\u01a1n v\u1edbi nh\u1eefng \u0111i\u1ec3m nh\u1ea5n c\u00e2y th\u00f4ng l\u1ec5 h\u1ed9i n\u00e0y. \u0110\u1ed3 trang tr\u00ed ng\u00f4i sao b\u1eb1ng g\u1ed7 \u0111\u01b0\u1ee3c ch\u1ebf t\u00e1c b\u1ec1n v\u1eefng, ho\u00e0n h\u1ea3o \u0111\u1ec3 l\u00e0m phong ph\u00fa th\u00eam B\u1ed9 Gi\u00e1ng sinh truy\u1ec1n th\u1ed1ng c\u1ee7a b\u1ea1n trong khi v\u1eabn th\u00e2n thi\u1ec7n v\u1edbi m\u00f4i tr\u01b0\u1eddng.<\/li>\n<li>Ch\u1ea5t l\u01b0\u1ee3ng th\u1ee7 c\u00f4ng v\u00f4 song &#8211; H\u00e3y t\u1eadn h\u01b0\u1edfng s\u1ef1 kh\u00e9o l\u00e9o v\u00f4 song c\u1ee7a t\u1eebng ng\u00f4i sao trong B\u1ed9 trang tr\u00ed ng\u00e0y l\u1ec5 n\u00e0y, \u0111\u01b0\u1ee3c ch\u1ebf t\u00e1c t\u1ec9 m\u1ec9 b\u1edfi nh\u1eefng ngh\u1ec7 nh\u00e2n l\u00e0nh ngh\u1ec1. Treo nh\u1eefng<\/li>\n<li>\u0110\u1ed3 trang tr\u00ed b\u1eb1ng g\u1ed7 \u00f4 liu n\u00e0y \u0111\u1ec3 th\u1ec3 hi\u1ec7n tinh th\u1ea7n c\u1ee7a m\u00f9a l\u1ec5 v\u00e0 s\u1ef1 c\u1ed1ng hi\u1ebfn cho ngh\u1ec7 thu\u1eadt.<\/li>\n<\/ul>\n","protected":false},"excerpt":{"rendered":"<p>\u0110\u1ed3 trang tr\u00ed b\u1eb1ng g\u1ed7 \u00f4 liu v\u01b0\u1ee3t th\u1eddi gian. \u0110\u01b0\u1ee3c l\u00e0m th\u1ee7 c\u00f4ng \u0111\u1ec3 t\u00f4 \u0111i\u1ec3m cho c\u00e2y th\u00f4ng [&hellip;]<\/p>\n","protected":false},"featured_media":978,"comment_status":"open","ping_status":"closed","template":"","meta":{"site-sidebar-layout":"default","site-content-layout":"","ast-site-content-layout":"default","site-content-style":"default","site-sidebar-style":"default","ast-global-header-display":"","ast-banner-title-visibility":"","ast-main-header-display":"","ast-hfb-above-header-display":"","ast-hfb-below-header-display":"","ast-hfb-mobile-header-display":"","site-post-title":"","ast-breadcrumbs-content":"","ast-featured-img":"","footer-sml-layout":"","theme-transparent-header-meta":"default","adv-header-id-meta":"","stick-header-meta":"","header-above-stick-meta":"","header-main-stick-meta":"","header-below-stick-meta":"","astra-migrate-meta-layouts":"set","ast-page-background-enabled":"default","ast-page-background-meta":{"desktop":{"background-color":"var(--ast-global-color-4)","background-image":"","background-repeat":"repeat","background-position":"center center","background-size":"auto","background-attachment":"scroll","background-type":"","background-media":"","overlay-type":"","overlay-color":"","overlay-opacity":"","overlay-gradient":""},"tablet":{"background-color":"","background-image":"","background-repeat":"repeat","background-position":"center center","background-size":"auto","background-attachment":"scroll","background-type":"","background-media":"","overlay-type":"","overlay-color":"","overlay-opacity":"","overlay-gradient":""},"mobile":{"background-color":"","background-image":"","background-repeat":"repeat","background-position":"center center","background-size":"auto","background-attachment":"scroll","background-type":"","background-media":"","overlay-type":"","overlay-color":"","overlay-opacity":"","overlay-gradient":""}},"ast-content-background-meta":{"desktop":{"background-color":"var(--ast-global-color-5)","background-image":"","background-repeat":"repeat","background-position":"center center","background-size":"auto","background-attachment":"scroll","background-type":"","background-media":"","overlay-type":"","overlay-color":"","overlay-opacity":"","overlay-gradient":""},"tablet":{"background-color":"var(--ast-global-color-5)","background-image":"","background-repeat":"repeat","background-position":"center center","background-size":"auto","background-attachment":"scroll","background-type":"","background-media":"","overlay-type":"","overlay-color":"","overlay-opacity":"","overlay-gradient":""},"mobile":{"background-color":"var(--ast-global-color-5)","background-image":"","background-repeat":"repeat","background-position":"center center","background-size":"auto","background-attachment":"scroll","background-type":"","background-media":"","overlay-type":"","overlay-color":"","overlay-opacity":"","overlay-gradient":""}}},"product_cat":[68],"product_tag":[],"class_list":{"0":"post-315","1":"product","2":"type-product","3":"status-publish","4":"has-post-thumbnail","6":"product_cat-nha-cua","7":"desktop-align-left","8":"tablet-align-left","9":"mobile-align-left","11":"first","12":"instock","13":"shipping-taxable","14":"purchasable","15":"product-type-simple"},"yoast_head":"<!-- This site is optimized with the Yoast SEO plugin v23.0 - https:\/\/yoast.com\/wordpress\/plugins\/seo\/ -->\n<title>\u0110\u1ed3 trang tr\u00ed ng\u00f4i sao b\u1eb1ng g\u1ed7 - Product Designer App<\/title>\n<meta name=\"robots\" content=\"index, follow, max-snippet:-1, max-image-preview:large, max-video-preview:-1\" \/>\n<link rel=\"canonical\" href=\"https:\/\/demo.productdesignerapp.com\/wordpress\/san-pham\/do-trang-tri-ngoi-sao-bang-go\/\" \/>\n<meta property=\"og:locale\" content=\"en_US\" \/>\n<meta property=\"og:type\" content=\"article\" \/>\n<meta property=\"og:title\" content=\"\u0110\u1ed3 trang tr\u00ed ng\u00f4i sao b\u1eb1ng g\u1ed7 - Product Designer App\" \/>\n<meta property=\"og:description\" content=\"\u0110\u1ed3 trang tr\u00ed b\u1eb1ng g\u1ed7 \u00f4 liu v\u01b0\u1ee3t th\u1eddi gian. \u0110\u01b0\u1ee3c l\u00e0m th\u1ee7 c\u00f4ng \u0111\u1ec3 t\u00f4 \u0111i\u1ec3m cho c\u00e2y th\u00f4ng [&hellip;]\" \/>\n<meta property=\"og:url\" content=\"https:\/\/demo.productdesignerapp.com\/wordpress\/san-pham\/do-trang-tri-ngoi-sao-bang-go\/\" \/>\n<meta property=\"og:site_name\" content=\"Product Designer App\" \/>\n<meta property=\"article:publisher\" content=\"https:\/\/www.facebook.com\/productdesignerapps\" \/>\n<meta property=\"article:modified_time\" content=\"2026-01-28T10:28:40+00:00\" \/>\n<meta property=\"og:image\" content=\"https:\/\/demo.productdesignerapp.com\/wordpress\/wp-content\/uploads\/2024\/06\/Wood-star-ornament.png\" \/>\n\t<meta property=\"og:image:width\" content=\"1200\" \/>\n\t<meta property=\"og:image:height\" content=\"1200\" \/>\n\t<meta property=\"og:image:type\" content=\"image\/png\" \/>\n<meta name=\"twitter:card\" content=\"summary_large_image\" \/>\n<meta name=\"twitter:site\" content=\"@pdesignerapp\" \/>\n<meta name=\"twitter:label1\" content=\"Est. reading time\" \/>\n\t<meta name=\"twitter:data1\" content=\"2 minutes\" \/>\n<script type=\"application\/ld+json\" class=\"yoast-schema-graph\">{\"@context\":\"https:\/\/schema.org\",\"@graph\":[{\"@type\":\"WebPage\",\"@id\":\"https:\/\/demo.productdesignerapp.com\/wordpress\/san-pham\/do-trang-tri-ngoi-sao-bang-go\/\",\"url\":\"https:\/\/demo.productdesignerapp.com\/wordpress\/san-pham\/do-trang-tri-ngoi-sao-bang-go\/\",\"name\":\"\u0110\u1ed3 trang tr\u00ed ng\u00f4i sao b\u1eb1ng g\u1ed7 - Product Designer App\",\"isPartOf\":{\"@id\":\"https:\/\/demo.productdesignerapp.com\/wordpress\/#website\"},\"primaryImageOfPage\":{\"@id\":\"https:\/\/demo.productdesignerapp.com\/wordpress\/san-pham\/do-trang-tri-ngoi-sao-bang-go\/#primaryimage\"},\"image\":{\"@id\":\"https:\/\/demo.productdesignerapp.com\/wordpress\/san-pham\/do-trang-tri-ngoi-sao-bang-go\/#primaryimage\"},\"thumbnailUrl\":\"https:\/\/demo.productdesignerapp.com\/wordpress\/wp-content\/uploads\/2024\/06\/Wood-star-ornament.jpg\",\"datePublished\":\"2024-06-03T15:52:47+00:00\",\"dateModified\":\"2026-01-28T10:28:40+00:00\",\"breadcrumb\":{\"@id\":\"https:\/\/demo.productdesignerapp.com\/wordpress\/san-pham\/do-trang-tri-ngoi-sao-bang-go\/#breadcrumb\"},\"inLanguage\":\"en-US\",\"potentialAction\":[{\"@type\":\"ReadAction\",\"target\":[\"https:\/\/demo.productdesignerapp.com\/wordpress\/san-pham\/do-trang-tri-ngoi-sao-bang-go\/\"]}]},{\"@type\":\"ImageObject\",\"inLanguage\":\"en-US\",\"@id\":\"https:\/\/demo.productdesignerapp.com\/wordpress\/san-pham\/do-trang-tri-ngoi-sao-bang-go\/#primaryimage\",\"url\":\"https:\/\/demo.productdesignerapp.com\/wordpress\/wp-content\/uploads\/2024\/06\/Wood-star-ornament.jpg\",\"contentUrl\":\"https:\/\/demo.productdesignerapp.com\/wordpress\/wp-content\/uploads\/2024\/06\/Wood-star-ornament.jpg\",\"width\":1000,\"height\":1000},{\"@type\":\"BreadcrumbList\",\"@id\":\"https:\/\/demo.productdesignerapp.com\/wordpress\/san-pham\/do-trang-tri-ngoi-sao-bang-go\/#breadcrumb\",\"itemListElement\":[{\"@type\":\"ListItem\",\"position\":1,\"name\":\"Home\",\"item\":\"https:\/\/demo.productdesignerapp.com\/wordpress\/\"},{\"@type\":\"ListItem\",\"position\":2,\"name\":\"Shop\",\"item\":\"https:\/\/demo.productdesignerapp.com\/wordpress\/shop\/\"},{\"@type\":\"ListItem\",\"position\":3,\"name\":\"\u0110\u1ed3 trang tr\u00ed ng\u00f4i sao b\u1eb1ng g\u1ed7\"}]},{\"@type\":\"WebSite\",\"@id\":\"https:\/\/demo.productdesignerapp.com\/wordpress\/#website\",\"url\":\"https:\/\/demo.productdesignerapp.com\/wordpress\/\",\"name\":\"Product Designer App\",\"description\":\"Demo\",\"publisher\":{\"@id\":\"https:\/\/demo.productdesignerapp.com\/wordpress\/#organization\"},\"alternateName\":\"PDA\",\"potentialAction\":[{\"@type\":\"SearchAction\",\"target\":{\"@type\":\"EntryPoint\",\"urlTemplate\":\"https:\/\/demo.productdesignerapp.com\/wordpress\/?s={search_term_string}\"},\"query-input\":\"required name=search_term_string\"}],\"inLanguage\":\"en-US\"},{\"@type\":\"Organization\",\"@id\":\"https:\/\/demo.productdesignerapp.com\/wordpress\/#organization\",\"name\":\"Product Designer App\",\"alternateName\":\"PDA\",\"url\":\"https:\/\/demo.productdesignerapp.com\/wordpress\/\",\"logo\":{\"@type\":\"ImageObject\",\"inLanguage\":\"en-US\",\"@id\":\"https:\/\/demo.productdesignerapp.com\/wordpress\/#\/schema\/logo\/image\/\",\"url\":\"https:\/\/demo.productdesignerapp.com\/wordpress\/wp-content\/uploads\/2024\/05\/pda-logo-600.png\",\"contentUrl\":\"https:\/\/demo.productdesignerapp.com\/wordpress\/wp-content\/uploads\/2024\/05\/pda-logo-600.png\",\"width\":600,\"height\":600,\"caption\":\"Product Designer App\"},\"image\":{\"@id\":\"https:\/\/demo.productdesignerapp.com\/wordpress\/#\/schema\/logo\/image\/\"},\"sameAs\":[\"https:\/\/www.facebook.com\/productdesignerapps\",\"https:\/\/x.com\/pdesignerapp\",\"https:\/\/www.youtube.com\/@productdesignerapp\"]}]}<\/script>\n<!-- \/ Yoast SEO plugin. -->","yoast_head_json":{"title":"\u0110\u1ed3 trang tr\u00ed ng\u00f4i sao b\u1eb1ng g\u1ed7 - Product Designer App","robots":{"index":"index","follow":"follow","max-snippet":"max-snippet:-1","max-image-preview":"max-image-preview:large","max-video-preview":"max-video-preview:-1"},"canonical":"https:\/\/demo.productdesignerapp.com\/wordpress\/san-pham\/do-trang-tri-ngoi-sao-bang-go\/","og_locale":"en_US","og_type":"article","og_title":"\u0110\u1ed3 trang tr\u00ed ng\u00f4i sao b\u1eb1ng g\u1ed7 - Product Designer App","og_description":"\u0110\u1ed3 trang tr\u00ed b\u1eb1ng g\u1ed7 \u00f4 liu v\u01b0\u1ee3t th\u1eddi gian. \u0110\u01b0\u1ee3c l\u00e0m th\u1ee7 c\u00f4ng \u0111\u1ec3 t\u00f4 \u0111i\u1ec3m cho c\u00e2y th\u00f4ng [&hellip;]","og_url":"https:\/\/demo.productdesignerapp.com\/wordpress\/san-pham\/do-trang-tri-ngoi-sao-bang-go\/","og_site_name":"Product Designer App","article_publisher":"https:\/\/www.facebook.com\/productdesignerapps","article_modified_time":"2026-01-28T10:28:40+00:00","og_image":[{"width":1200,"height":1200,"url":"https:\/\/demo.productdesignerapp.com\/wordpress\/wp-content\/uploads\/2024\/06\/Wood-star-ornament.png","type":"image\/png"}],"twitter_card":"summary_large_image","twitter_site":"@pdesignerapp","twitter_misc":{"Est. reading time":"2 minutes"},"schema":{"@context":"https:\/\/schema.org","@graph":[{"@type":"WebPage","@id":"https:\/\/demo.productdesignerapp.com\/wordpress\/san-pham\/do-trang-tri-ngoi-sao-bang-go\/","url":"https:\/\/demo.productdesignerapp.com\/wordpress\/san-pham\/do-trang-tri-ngoi-sao-bang-go\/","name":"\u0110\u1ed3 trang tr\u00ed ng\u00f4i sao b\u1eb1ng g\u1ed7 - Product Designer App","isPartOf":{"@id":"https:\/\/demo.productdesignerapp.com\/wordpress\/#website"},"primaryImageOfPage":{"@id":"https:\/\/demo.productdesignerapp.com\/wordpress\/san-pham\/do-trang-tri-ngoi-sao-bang-go\/#primaryimage"},"image":{"@id":"https:\/\/demo.productdesignerapp.com\/wordpress\/san-pham\/do-trang-tri-ngoi-sao-bang-go\/#primaryimage"},"thumbnailUrl":"https:\/\/demo.productdesignerapp.com\/wordpress\/wp-content\/uploads\/2024\/06\/Wood-star-ornament.jpg","datePublished":"2024-06-03T15:52:47+00:00","dateModified":"2026-01-28T10:28:40+00:00","breadcrumb":{"@id":"https:\/\/demo.productdesignerapp.com\/wordpress\/san-pham\/do-trang-tri-ngoi-sao-bang-go\/#breadcrumb"},"inLanguage":"en-US","potentialAction":[{"@type":"ReadAction","target":["https:\/\/demo.productdesignerapp.com\/wordpress\/san-pham\/do-trang-tri-ngoi-sao-bang-go\/"]}]},{"@type":"ImageObject","inLanguage":"en-US","@id":"https:\/\/demo.productdesignerapp.com\/wordpress\/san-pham\/do-trang-tri-ngoi-sao-bang-go\/#primaryimage","url":"https:\/\/demo.productdesignerapp.com\/wordpress\/wp-content\/uploads\/2024\/06\/Wood-star-ornament.jpg","contentUrl":"https:\/\/demo.productdesignerapp.com\/wordpress\/wp-content\/uploads\/2024\/06\/Wood-star-ornament.jpg","width":1000,"height":1000},{"@type":"BreadcrumbList","@id":"https:\/\/demo.productdesignerapp.com\/wordpress\/san-pham\/do-trang-tri-ngoi-sao-bang-go\/#breadcrumb","itemListElement":[{"@type":"ListItem","position":1,"name":"Home","item":"https:\/\/demo.productdesignerapp.com\/wordpress\/"},{"@type":"ListItem","position":2,"name":"Shop","item":"https:\/\/demo.productdesignerapp.com\/wordpress\/shop\/"},{"@type":"ListItem","position":3,"name":"\u0110\u1ed3 trang tr\u00ed ng\u00f4i sao b\u1eb1ng g\u1ed7"}]},{"@type":"WebSite","@id":"https:\/\/demo.productdesignerapp.com\/wordpress\/#website","url":"https:\/\/demo.productdesignerapp.com\/wordpress\/","name":"Product Designer App","description":"Demo","publisher":{"@id":"https:\/\/demo.productdesignerapp.com\/wordpress\/#organization"},"alternateName":"PDA","potentialAction":[{"@type":"SearchAction","target":{"@type":"EntryPoint","urlTemplate":"https:\/\/demo.productdesignerapp.com\/wordpress\/?s={search_term_string}"},"query-input":"required name=search_term_string"}],"inLanguage":"en-US"},{"@type":"Organization","@id":"https:\/\/demo.productdesignerapp.com\/wordpress\/#organization","name":"Product Designer App","alternateName":"PDA","url":"https:\/\/demo.productdesignerapp.com\/wordpress\/","logo":{"@type":"ImageObject","inLanguage":"en-US","@id":"https:\/\/demo.productdesignerapp.com\/wordpress\/#\/schema\/logo\/image\/","url":"https:\/\/demo.productdesignerapp.com\/wordpress\/wp-content\/uploads\/2024\/05\/pda-logo-600.png","contentUrl":"https:\/\/demo.productdesignerapp.com\/wordpress\/wp-content\/uploads\/2024\/05\/pda-logo-600.png","width":600,"height":600,"caption":"Product Designer App"},"image":{"@id":"https:\/\/demo.productdesignerapp.com\/wordpress\/#\/schema\/logo\/image\/"},"sameAs":["https:\/\/www.facebook.com\/productdesignerapps","https:\/\/x.com\/pdesignerapp","https:\/\/www.youtube.com\/@productdesignerapp"]}]}},"lang":"vi","translations":{"vi":315,"en":313},"pll_sync_post":[],"_links":{"self":[{"href":"https:\/\/demo.productdesignerapp.com\/wordpress\/wp-json\/wp\/v2\/product\/315","targetHints":{"allow":["GET"]}}],"collection":[{"href":"https:\/\/demo.productdesignerapp.com\/wordpress\/wp-json\/wp\/v2\/product"}],"about":[{"href":"https:\/\/demo.productdesignerapp.com\/wordpress\/wp-json\/wp\/v2\/types\/product"}],"replies":[{"embeddable":true,"href":"https:\/\/demo.productdesignerapp.com\/wordpress\/wp-json\/wp\/v2\/comments?post=315"}],"wp:featuredmedia":[{"embeddable":true,"href":"https:\/\/demo.productdesignerapp.com\/wordpress\/wp-json\/wp\/v2\/media\/978"}],"wp:attachment":[{"href":"https:\/\/demo.productdesignerapp.com\/wordpress\/wp-json\/wp\/v2\/media?parent=315"}],"wp:term":[{"taxonomy":"product_cat","embeddable":true,"href":"https:\/\/demo.productdesignerapp.com\/wordpress\/wp-json\/wp\/v2\/product_cat?post=315"},{"taxonomy":"product_tag","embeddable":true,"href":"https:\/\/demo.productdesignerapp.com\/wordpress\/wp-json\/wp\/v2\/product_tag?post=315"}],"curies":[{"name":"wp","href":"https:\/\/api.w.org\/{rel}","templated":true}]}}