{"id":374,"date":"2024-06-04T07:31:20","date_gmt":"2024-06-04T07:31:20","guid":{"rendered":"https:\/\/demo.productdesignerapp.com\/wordpress\/?post_type=product&#038;p=374"},"modified":"2026-01-29T02:11:44","modified_gmt":"2026-01-29T02:11:44","slug":"dep-le","status":"publish","type":"product","link":"https:\/\/demo.productdesignerapp.com\/wordpress\/san-pham\/dep-le\/","title":{"rendered":"D\u00e9p l\u00ea"},"content":{"rendered":"<ul>\n<li>SUMMER FLIP: Nh\u1eb9 v\u00e0 tho\u1ea3i m\u00e1i, d\u00e9p x\u1ecf ng\u00f3n c\u00f3 \u0111\u1ec7m n\u00e0y l\u00e0 l\u1ef1a ch\u1ecdn \u0111\u1ea7u ti\u00ean c\u1ee7a b\u1ea1n cho nh\u1eefng ng\u00e0y h\u00e8.<\/li>\n<li>THO\u1ea2I M\u00c1I C\u1ea2 NG\u00c0Y: \u0110\u1ebf gi\u1eefa EVA tho\u1ea3i m\u00e1i mang l\u1ea1i s\u1ef1 \u0111\u1ec7m \u00eam \u00e1i v\u00e0 \u1ed5n \u0111\u1ecbnh cho t\u1eebng b\u01b0\u1edbc ch\u00e2n.<\/li>\n<li>KI\u1ec2U D\u00c1NG \u0110A N\u0102NG: V\u1edbi thi\u1ebft k\u1ebf quai m\u1ed9t m\u1ea3nh m\u1ec1m m\u1ea1i v\u00e0 tho\u1ea3i m\u00e1i, d\u00e9p x\u1ecf ng\u00f3n c\u1ed5 \u0111i\u1ec3n n\u00e0y ho\u00e0n h\u1ea3o cho nh\u1eefng chuy\u1ebfn \u0111i d\u1ea1o trong th\u00e0nh ph\u1ed1 v\u00e0 \u0111i ch\u01a1i b\u00ean h\u1ed3 b\u01a1i.<\/li>\n<li>L\u1ef0C K\u00c9O: \u0110\u1ebf EVA c\u1ea5p \u0111\u1ebf ngo\u00e0i v\u1edbi c\u00e1c mi\u1ebfng cao su \u0111\u00fac t\u1ea1o l\u1ef1c k\u00e9o \u1ed5n \u0111\u1ecbnh tr\u00ean \u0111\u1ecba h\u00ecnh \u01b0\u1edbt v\u00e0 kh\u00f4.<\/li>\n<li>\u0110\u01af\u1ee2C CH\u1ebe T\u1ea0O \u0110\u1ec2 B\u1ec0N B\u1ec8: S\u1ef1 ch\u00fa \u00fd \u0111\u1ebfn t\u1eebng chi ti\u1ebft c\u1ee7a Columbia l\u00e0 \u0111i\u1ec1u t\u1ea1o n\u00ean s\u1ef1 kh\u00e1c bi\u1ec7t cho \u0111\u00f4i gi\u00e0y c\u1ee7a ch\u00fang t\u00f4i. Ch\u1ec9 s\u1eed d\u1ee5ng nh\u1eefng v\u1eadt li\u1ec7u ch\u1ea5t l\u01b0\u1ee3ng cao nh\u1ea5t, \u0111\u01b0\u1eddng kh\u00e2u chuy\u00ean nghi\u1ec7p v\u00e0 tay ngh\u1ec1 th\u1ee7 c\u00f4ng. \u0110\u00e2y l\u00e0 \u0111\u00f4i gi\u00e0y b\u1ec1n b\u1ec9 m\u00e0 b\u1ea1n s\u1ebd th\u00edch trong nhi\u1ec1u m\u00f9a s\u1eafp t\u1edbi.<\/li>\n<\/ul>\n","protected":false},"excerpt":{"rendered":"<p>SUMMER FLIP: Nh\u1eb9 v\u00e0 tho\u1ea3i m\u00e1i, d\u00e9p x\u1ecf ng\u00f3n c\u00f3 \u0111\u1ec7m n\u00e0y l\u00e0 l\u1ef1a ch\u1ecdn \u0111\u1ea7u ti\u00ean c\u1ee7a b\u1ea1n cho [&hellip;]<\/p>\n","protected":false},"featured_media":998,"comment_status":"open","ping_status":"closed","template":"","meta":{"site-sidebar-layout":"default","site-content-layout":"","ast-site-content-layout":"default","site-content-style":"default","site-sidebar-style":"default","ast-global-header-display":"","ast-banner-title-visibility":"","ast-main-header-display":"","ast-hfb-above-header-display":"","ast-hfb-below-header-display":"","ast-hfb-mobile-header-display":"","site-post-title":"","ast-breadcrumbs-content":"","ast-featured-img":"","footer-sml-layout":"","theme-transparent-header-meta":"default","adv-header-id-meta":"","stick-header-meta":"","header-above-stick-meta":"","header-main-stick-meta":"","header-below-stick-meta":"","astra-migrate-meta-layouts":"set","ast-page-background-enabled":"default","ast-page-background-meta":{"desktop":{"background-color":"var(--ast-global-color-4)","background-image":"","background-repeat":"repeat","background-position":"center center","background-size":"auto","background-attachment":"scroll","background-type":"","background-media":"","overlay-type":"","overlay-color":"","overlay-opacity":"","overlay-gradient":""},"tablet":{"background-color":"","background-image":"","background-repeat":"repeat","background-position":"center center","background-size":"auto","background-attachment":"scroll","background-type":"","background-media":"","overlay-type":"","overlay-color":"","overlay-opacity":"","overlay-gradient":""},"mobile":{"background-color":"","background-image":"","background-repeat":"repeat","background-position":"center center","background-size":"auto","background-attachment":"scroll","background-type":"","background-media":"","overlay-type":"","overlay-color":"","overlay-opacity":"","overlay-gradient":""}},"ast-content-background-meta":{"desktop":{"background-color":"var(--ast-global-color-5)","background-image":"","background-repeat":"repeat","background-position":"center center","background-size":"auto","background-attachment":"scroll","background-type":"","background-media":"","overlay-type":"","overlay-color":"","overlay-opacity":"","overlay-gradient":""},"tablet":{"background-color":"var(--ast-global-color-5)","background-image":"","background-repeat":"repeat","background-position":"center center","background-size":"auto","background-attachment":"scroll","background-type":"","background-media":"","overlay-type":"","overlay-color":"","overlay-opacity":"","overlay-gradient":""},"mobile":{"background-color":"var(--ast-global-color-5)","background-image":"","background-repeat":"repeat","background-position":"center center","background-size":"auto","background-attachment":"scroll","background-type":"","background-media":"","overlay-type":"","overlay-color":"","overlay-opacity":"","overlay-gradient":""}}},"product_cat":[80],"product_tag":[],"class_list":{"0":"post-374","1":"product","2":"type-product","3":"status-publish","4":"has-post-thumbnail","6":"product_cat-giay-dep","7":"desktop-align-left","8":"tablet-align-left","9":"mobile-align-left","11":"first","12":"instock","13":"shipping-taxable","14":"purchasable","15":"product-type-simple"},"yoast_head":"<!-- This site is optimized with the Yoast SEO plugin v23.0 - https:\/\/yoast.com\/wordpress\/plugins\/seo\/ -->\n<title>D\u00e9p l\u00ea - Product Designer App<\/title>\n<meta name=\"robots\" content=\"index, follow, max-snippet:-1, max-image-preview:large, max-video-preview:-1\" \/>\n<link rel=\"canonical\" href=\"https:\/\/demo.productdesignerapp.com\/wordpress\/san-pham\/dep-le\/\" \/>\n<meta property=\"og:locale\" content=\"en_US\" \/>\n<meta property=\"og:type\" content=\"article\" \/>\n<meta property=\"og:title\" content=\"D\u00e9p l\u00ea - Product Designer App\" \/>\n<meta property=\"og:description\" content=\"SUMMER FLIP: Nh\u1eb9 v\u00e0 tho\u1ea3i m\u00e1i, d\u00e9p x\u1ecf ng\u00f3n c\u00f3 \u0111\u1ec7m n\u00e0y l\u00e0 l\u1ef1a ch\u1ecdn \u0111\u1ea7u ti\u00ean c\u1ee7a b\u1ea1n cho [&hellip;]\" \/>\n<meta property=\"og:url\" content=\"https:\/\/demo.productdesignerapp.com\/wordpress\/san-pham\/dep-le\/\" \/>\n<meta property=\"og:site_name\" content=\"Product Designer App\" \/>\n<meta property=\"article:publisher\" content=\"https:\/\/www.facebook.com\/productdesignerapps\" \/>\n<meta property=\"article:modified_time\" content=\"2026-01-29T02:11:44+00:00\" \/>\n<meta property=\"og:image\" content=\"https:\/\/demo.productdesignerapp.com\/wordpress\/wp-content\/uploads\/2024\/06\/Flip-flop.png\" \/>\n\t<meta property=\"og:image:width\" content=\"1200\" \/>\n\t<meta property=\"og:image:height\" content=\"1200\" \/>\n\t<meta property=\"og:image:type\" content=\"image\/png\" \/>\n<meta name=\"twitter:card\" content=\"summary_large_image\" \/>\n<meta name=\"twitter:site\" content=\"@pdesignerapp\" \/>\n<meta name=\"twitter:label1\" content=\"Est. reading time\" \/>\n\t<meta name=\"twitter:data1\" content=\"1 minute\" \/>\n<script type=\"application\/ld+json\" class=\"yoast-schema-graph\">{\"@context\":\"https:\/\/schema.org\",\"@graph\":[{\"@type\":\"WebPage\",\"@id\":\"https:\/\/demo.productdesignerapp.com\/wordpress\/san-pham\/dep-le\/\",\"url\":\"https:\/\/demo.productdesignerapp.com\/wordpress\/san-pham\/dep-le\/\",\"name\":\"D\u00e9p l\u00ea - Product Designer App\",\"isPartOf\":{\"@id\":\"https:\/\/demo.productdesignerapp.com\/wordpress\/#website\"},\"primaryImageOfPage\":{\"@id\":\"https:\/\/demo.productdesignerapp.com\/wordpress\/san-pham\/dep-le\/#primaryimage\"},\"image\":{\"@id\":\"https:\/\/demo.productdesignerapp.com\/wordpress\/san-pham\/dep-le\/#primaryimage\"},\"thumbnailUrl\":\"https:\/\/demo.productdesignerapp.com\/wordpress\/wp-content\/uploads\/2024\/06\/Flip-flop.jpg\",\"datePublished\":\"2024-06-04T07:31:20+00:00\",\"dateModified\":\"2026-01-29T02:11:44+00:00\",\"breadcrumb\":{\"@id\":\"https:\/\/demo.productdesignerapp.com\/wordpress\/san-pham\/dep-le\/#breadcrumb\"},\"inLanguage\":\"en-US\",\"potentialAction\":[{\"@type\":\"ReadAction\",\"target\":[\"https:\/\/demo.productdesignerapp.com\/wordpress\/san-pham\/dep-le\/\"]}]},{\"@type\":\"ImageObject\",\"inLanguage\":\"en-US\",\"@id\":\"https:\/\/demo.productdesignerapp.com\/wordpress\/san-pham\/dep-le\/#primaryimage\",\"url\":\"https:\/\/demo.productdesignerapp.com\/wordpress\/wp-content\/uploads\/2024\/06\/Flip-flop.jpg\",\"contentUrl\":\"https:\/\/demo.productdesignerapp.com\/wordpress\/wp-content\/uploads\/2024\/06\/Flip-flop.jpg\",\"width\":1000,\"height\":1000},{\"@type\":\"BreadcrumbList\",\"@id\":\"https:\/\/demo.productdesignerapp.com\/wordpress\/san-pham\/dep-le\/#breadcrumb\",\"itemListElement\":[{\"@type\":\"ListItem\",\"position\":1,\"name\":\"Home\",\"item\":\"https:\/\/demo.productdesignerapp.com\/wordpress\/\"},{\"@type\":\"ListItem\",\"position\":2,\"name\":\"Shop\",\"item\":\"https:\/\/demo.productdesignerapp.com\/wordpress\/shop\/\"},{\"@type\":\"ListItem\",\"position\":3,\"name\":\"D\u00e9p l\u00ea\"}]},{\"@type\":\"WebSite\",\"@id\":\"https:\/\/demo.productdesignerapp.com\/wordpress\/#website\",\"url\":\"https:\/\/demo.productdesignerapp.com\/wordpress\/\",\"name\":\"Product Designer App\",\"description\":\"Demo\",\"publisher\":{\"@id\":\"https:\/\/demo.productdesignerapp.com\/wordpress\/#organization\"},\"alternateName\":\"PDA\",\"potentialAction\":[{\"@type\":\"SearchAction\",\"target\":{\"@type\":\"EntryPoint\",\"urlTemplate\":\"https:\/\/demo.productdesignerapp.com\/wordpress\/?s={search_term_string}\"},\"query-input\":\"required name=search_term_string\"}],\"inLanguage\":\"en-US\"},{\"@type\":\"Organization\",\"@id\":\"https:\/\/demo.productdesignerapp.com\/wordpress\/#organization\",\"name\":\"Product Designer App\",\"alternateName\":\"PDA\",\"url\":\"https:\/\/demo.productdesignerapp.com\/wordpress\/\",\"logo\":{\"@type\":\"ImageObject\",\"inLanguage\":\"en-US\",\"@id\":\"https:\/\/demo.productdesignerapp.com\/wordpress\/#\/schema\/logo\/image\/\",\"url\":\"https:\/\/demo.productdesignerapp.com\/wordpress\/wp-content\/uploads\/2024\/05\/pda-logo-600.png\",\"contentUrl\":\"https:\/\/demo.productdesignerapp.com\/wordpress\/wp-content\/uploads\/2024\/05\/pda-logo-600.png\",\"width\":600,\"height\":600,\"caption\":\"Product Designer App\"},\"image\":{\"@id\":\"https:\/\/demo.productdesignerapp.com\/wordpress\/#\/schema\/logo\/image\/\"},\"sameAs\":[\"https:\/\/www.facebook.com\/productdesignerapps\",\"https:\/\/x.com\/pdesignerapp\",\"https:\/\/www.youtube.com\/@productdesignerapp\"]}]}<\/script>\n<!-- \/ Yoast SEO plugin. -->","yoast_head_json":{"title":"D\u00e9p l\u00ea - Product Designer App","robots":{"index":"index","follow":"follow","max-snippet":"max-snippet:-1","max-image-preview":"max-image-preview:large","max-video-preview":"max-video-preview:-1"},"canonical":"https:\/\/demo.productdesignerapp.com\/wordpress\/san-pham\/dep-le\/","og_locale":"en_US","og_type":"article","og_title":"D\u00e9p l\u00ea - Product Designer App","og_description":"SUMMER FLIP: Nh\u1eb9 v\u00e0 tho\u1ea3i m\u00e1i, d\u00e9p x\u1ecf ng\u00f3n c\u00f3 \u0111\u1ec7m n\u00e0y l\u00e0 l\u1ef1a ch\u1ecdn \u0111\u1ea7u ti\u00ean c\u1ee7a b\u1ea1n cho [&hellip;]","og_url":"https:\/\/demo.productdesignerapp.com\/wordpress\/san-pham\/dep-le\/","og_site_name":"Product Designer App","article_publisher":"https:\/\/www.facebook.com\/productdesignerapps","article_modified_time":"2026-01-29T02:11:44+00:00","og_image":[{"width":1200,"height":1200,"url":"https:\/\/demo.productdesignerapp.com\/wordpress\/wp-content\/uploads\/2024\/06\/Flip-flop.png","type":"image\/png"}],"twitter_card":"summary_large_image","twitter_site":"@pdesignerapp","twitter_misc":{"Est. reading time":"1 minute"},"schema":{"@context":"https:\/\/schema.org","@graph":[{"@type":"WebPage","@id":"https:\/\/demo.productdesignerapp.com\/wordpress\/san-pham\/dep-le\/","url":"https:\/\/demo.productdesignerapp.com\/wordpress\/san-pham\/dep-le\/","name":"D\u00e9p l\u00ea - Product Designer App","isPartOf":{"@id":"https:\/\/demo.productdesignerapp.com\/wordpress\/#website"},"primaryImageOfPage":{"@id":"https:\/\/demo.productdesignerapp.com\/wordpress\/san-pham\/dep-le\/#primaryimage"},"image":{"@id":"https:\/\/demo.productdesignerapp.com\/wordpress\/san-pham\/dep-le\/#primaryimage"},"thumbnailUrl":"https:\/\/demo.productdesignerapp.com\/wordpress\/wp-content\/uploads\/2024\/06\/Flip-flop.jpg","datePublished":"2024-06-04T07:31:20+00:00","dateModified":"2026-01-29T02:11:44+00:00","breadcrumb":{"@id":"https:\/\/demo.productdesignerapp.com\/wordpress\/san-pham\/dep-le\/#breadcrumb"},"inLanguage":"en-US","potentialAction":[{"@type":"ReadAction","target":["https:\/\/demo.productdesignerapp.com\/wordpress\/san-pham\/dep-le\/"]}]},{"@type":"ImageObject","inLanguage":"en-US","@id":"https:\/\/demo.productdesignerapp.com\/wordpress\/san-pham\/dep-le\/#primaryimage","url":"https:\/\/demo.productdesignerapp.com\/wordpress\/wp-content\/uploads\/2024\/06\/Flip-flop.jpg","contentUrl":"https:\/\/demo.productdesignerapp.com\/wordpress\/wp-content\/uploads\/2024\/06\/Flip-flop.jpg","width":1000,"height":1000},{"@type":"BreadcrumbList","@id":"https:\/\/demo.productdesignerapp.com\/wordpress\/san-pham\/dep-le\/#breadcrumb","itemListElement":[{"@type":"ListItem","position":1,"name":"Home","item":"https:\/\/demo.productdesignerapp.com\/wordpress\/"},{"@type":"ListItem","position":2,"name":"Shop","item":"https:\/\/demo.productdesignerapp.com\/wordpress\/shop\/"},{"@type":"ListItem","position":3,"name":"D\u00e9p l\u00ea"}]},{"@type":"WebSite","@id":"https:\/\/demo.productdesignerapp.com\/wordpress\/#website","url":"https:\/\/demo.productdesignerapp.com\/wordpress\/","name":"Product Designer App","description":"Demo","publisher":{"@id":"https:\/\/demo.productdesignerapp.com\/wordpress\/#organization"},"alternateName":"PDA","potentialAction":[{"@type":"SearchAction","target":{"@type":"EntryPoint","urlTemplate":"https:\/\/demo.productdesignerapp.com\/wordpress\/?s={search_term_string}"},"query-input":"required name=search_term_string"}],"inLanguage":"en-US"},{"@type":"Organization","@id":"https:\/\/demo.productdesignerapp.com\/wordpress\/#organization","name":"Product Designer App","alternateName":"PDA","url":"https:\/\/demo.productdesignerapp.com\/wordpress\/","logo":{"@type":"ImageObject","inLanguage":"en-US","@id":"https:\/\/demo.productdesignerapp.com\/wordpress\/#\/schema\/logo\/image\/","url":"https:\/\/demo.productdesignerapp.com\/wordpress\/wp-content\/uploads\/2024\/05\/pda-logo-600.png","contentUrl":"https:\/\/demo.productdesignerapp.com\/wordpress\/wp-content\/uploads\/2024\/05\/pda-logo-600.png","width":600,"height":600,"caption":"Product Designer App"},"image":{"@id":"https:\/\/demo.productdesignerapp.com\/wordpress\/#\/schema\/logo\/image\/"},"sameAs":["https:\/\/www.facebook.com\/productdesignerapps","https:\/\/x.com\/pdesignerapp","https:\/\/www.youtube.com\/@productdesignerapp"]}]}},"lang":"vi","translations":{"vi":374,"en":372},"pll_sync_post":[],"_links":{"self":[{"href":"https:\/\/demo.productdesignerapp.com\/wordpress\/wp-json\/wp\/v2\/product\/374","targetHints":{"allow":["GET"]}}],"collection":[{"href":"https:\/\/demo.productdesignerapp.com\/wordpress\/wp-json\/wp\/v2\/product"}],"about":[{"href":"https:\/\/demo.productdesignerapp.com\/wordpress\/wp-json\/wp\/v2\/types\/product"}],"replies":[{"embeddable":true,"href":"https:\/\/demo.productdesignerapp.com\/wordpress\/wp-json\/wp\/v2\/comments?post=374"}],"wp:featuredmedia":[{"embeddable":true,"href":"https:\/\/demo.productdesignerapp.com\/wordpress\/wp-json\/wp\/v2\/media\/998"}],"wp:attachment":[{"href":"https:\/\/demo.productdesignerapp.com\/wordpress\/wp-json\/wp\/v2\/media?parent=374"}],"wp:term":[{"taxonomy":"product_cat","embeddable":true,"href":"https:\/\/demo.productdesignerapp.com\/wordpress\/wp-json\/wp\/v2\/product_cat?post=374"},{"taxonomy":"product_tag","embeddable":true,"href":"https:\/\/demo.productdesignerapp.com\/wordpress\/wp-json\/wp\/v2\/product_tag?post=374"}],"curies":[{"name":"wp","href":"https:\/\/api.w.org\/{rel}","templated":true}]}}