{"id":377,"date":"2024-06-04T07:36:41","date_gmt":"2024-06-04T07:36:41","guid":{"rendered":"https:\/\/demo.productdesignerapp.com\/wordpress\/?post_type=product&#038;p=377"},"modified":"2026-01-29T02:14:29","modified_gmt":"2026-01-29T02:14:29","slug":"giay-m-soul","status":"publish","type":"product","link":"https:\/\/demo.productdesignerapp.com\/wordpress\/san-pham\/giay-m-soul\/","title":{"rendered":"Gi\u00e0y M soul"},"content":{"rendered":"<ul>\n<li>\u0110\u00c3 KI\u1ec2M TRA HI\u1ec6U SU\u1ea4T: Trong qu\u00e1 tr\u00ecnh th\u1eed nghi\u1ec7m \u0111\u1ed9c l\u1eadp t\u1ea1i ph\u00f2ng th\u00ed nghi\u1ec7m, gi\u00e0y b\u1ea3o h\u1ed9 lao \u0111\u1ed9ng nam c\u1ee7a ch\u00fang t\u00f4i v\u01b0\u1ee3t tr\u1ed9i h\u01a1n m\u1ee9c trung b\u00ecnh c\u1ee7a ng\u00e0nh v\u1ec1 \u0111\u1ed9 tho\u1ea3i m\u00e1i v\u00e0 \u0111\u1ec7m. \u0110\u1ebf ngo\u00e0i Lock Step ch\u1ed1ng d\u1ea7u, ch\u1ed1ng tr\u01b0\u1ee3t \u0111\u00e1p \u1ee9ng c\u00e1c ti\u00eau chu\u1ea9n SATRA TM63 v\u00e0 TM144.<\/li>\n<li>CH\u1ea4T LI\u1ec6U: Ph\u1ea7n l\u1edbn l\u00e0 da, c\u00e2n b\u1eb1ng nh\u00e2n t\u1ea1o.<\/li>\n<li>V\u1eeaA V\u1eb6N: Ph\u00eda tr\u01b0\u1edbc bu\u1ed9c d\u00e2y v\u1edbi l\u01b0\u1ee1i gi\u00e0y v\u00e0 c\u1ed5 gi\u00e0y c\u00f3 \u0111\u1ec7m \u0111\u1ec3 v\u1eeba v\u1eb7n an to\u00e0n.<\/li>\n<li>C\u1ea2M GI\u00c1C: C\u00f4ng ngh\u1ec7 \u0111\u1ebf trong v\u1edbi \u0111\u1ec7m gi\u1ea3i ph\u1eabu, tho\u1ea3i m\u00e1i v\u00e0 h\u1ed7 tr\u1ee3.<\/li>\n<li>\u0110\u1ebe TRONG: \u0110\u1ebf trong ch\u1ed1ng n\u00e9n Memory Foam, t\u1ea5t th\u00f4ng h\u01a1i \u0111\u1ec3 tho\u00e1ng kh\u00ed<\/li>\n<li>\u0110\u1ebe GI\u1eeeA: Gi\u1ea3m \u00e1p l\u1ef1c cho b\u00e0n ch\u00e2n, h\u1ea5p th\u1ee5 s\u1ed1c v\u00e0 chuy\u1ec3n \u0111\u1ed9ng theo b\u00e0n ch\u00e2n c\u1ee7a b\u1ea1n.<\/li>\n<\/ul>\n","protected":false},"excerpt":{"rendered":"<p>\u0110\u00c3 KI\u1ec2M TRA HI\u1ec6U SU\u1ea4T: Trong qu\u00e1 tr\u00ecnh th\u1eed nghi\u1ec7m \u0111\u1ed9c l\u1eadp t\u1ea1i ph\u00f2ng th\u00ed nghi\u1ec7m, gi\u00e0y b\u1ea3o h\u1ed9 lao [&hellip;]<\/p>\n","protected":false},"featured_media":999,"comment_status":"open","ping_status":"closed","template":"","meta":{"site-sidebar-layout":"default","site-content-layout":"","ast-site-content-layout":"default","site-content-style":"default","site-sidebar-style":"default","ast-global-header-display":"","ast-banner-title-visibility":"","ast-main-header-display":"","ast-hfb-above-header-display":"","ast-hfb-below-header-display":"","ast-hfb-mobile-header-display":"","site-post-title":"","ast-breadcrumbs-content":"","ast-featured-img":"","footer-sml-layout":"","theme-transparent-header-meta":"default","adv-header-id-meta":"","stick-header-meta":"","header-above-stick-meta":"","header-main-stick-meta":"","header-below-stick-meta":"","astra-migrate-meta-layouts":"set","ast-page-background-enabled":"default","ast-page-background-meta":{"desktop":{"background-color":"var(--ast-global-color-4)","background-image":"","background-repeat":"repeat","background-position":"center center","background-size":"auto","background-attachment":"scroll","background-type":"","background-media":"","overlay-type":"","overlay-color":"","overlay-opacity":"","overlay-gradient":""},"tablet":{"background-color":"","background-image":"","background-repeat":"repeat","background-position":"center center","background-size":"auto","background-attachment":"scroll","background-type":"","background-media":"","overlay-type":"","overlay-color":"","overlay-opacity":"","overlay-gradient":""},"mobile":{"background-color":"","background-image":"","background-repeat":"repeat","background-position":"center center","background-size":"auto","background-attachment":"scroll","background-type":"","background-media":"","overlay-type":"","overlay-color":"","overlay-opacity":"","overlay-gradient":""}},"ast-content-background-meta":{"desktop":{"background-color":"var(--ast-global-color-5)","background-image":"","background-repeat":"repeat","background-position":"center center","background-size":"auto","background-attachment":"scroll","background-type":"","background-media":"","overlay-type":"","overlay-color":"","overlay-opacity":"","overlay-gradient":""},"tablet":{"background-color":"var(--ast-global-color-5)","background-image":"","background-repeat":"repeat","background-position":"center center","background-size":"auto","background-attachment":"scroll","background-type":"","background-media":"","overlay-type":"","overlay-color":"","overlay-opacity":"","overlay-gradient":""},"mobile":{"background-color":"var(--ast-global-color-5)","background-image":"","background-repeat":"repeat","background-position":"center center","background-size":"auto","background-attachment":"scroll","background-type":"","background-media":"","overlay-type":"","overlay-color":"","overlay-opacity":"","overlay-gradient":""}}},"product_cat":[80],"product_tag":[],"class_list":{"0":"post-377","1":"product","2":"type-product","3":"status-publish","4":"has-post-thumbnail","6":"product_cat-giay-dep","7":"desktop-align-left","8":"tablet-align-left","9":"mobile-align-left","11":"first","12":"instock","13":"shipping-taxable","14":"purchasable","15":"product-type-simple"},"yoast_head":"<!-- This site is optimized with the Yoast SEO plugin v23.0 - https:\/\/yoast.com\/wordpress\/plugins\/seo\/ -->\n<title>Gi\u00e0y M soul - Product Designer App<\/title>\n<meta name=\"robots\" content=\"index, follow, max-snippet:-1, max-image-preview:large, max-video-preview:-1\" \/>\n<link rel=\"canonical\" href=\"https:\/\/demo.productdesignerapp.com\/wordpress\/san-pham\/giay-m-soul\/\" \/>\n<meta property=\"og:locale\" content=\"en_US\" \/>\n<meta property=\"og:type\" content=\"article\" \/>\n<meta property=\"og:title\" content=\"Gi\u00e0y M soul - Product Designer App\" \/>\n<meta property=\"og:description\" content=\"\u0110\u00c3 KI\u1ec2M TRA HI\u1ec6U SU\u1ea4T: Trong qu\u00e1 tr\u00ecnh th\u1eed nghi\u1ec7m \u0111\u1ed9c l\u1eadp t\u1ea1i ph\u00f2ng th\u00ed nghi\u1ec7m, gi\u00e0y b\u1ea3o h\u1ed9 lao [&hellip;]\" \/>\n<meta property=\"og:url\" content=\"https:\/\/demo.productdesignerapp.com\/wordpress\/san-pham\/giay-m-soul\/\" \/>\n<meta property=\"og:site_name\" content=\"Product Designer App\" \/>\n<meta property=\"article:publisher\" content=\"https:\/\/www.facebook.com\/productdesignerapps\" \/>\n<meta property=\"article:modified_time\" content=\"2026-01-29T02:14:29+00:00\" \/>\n<meta property=\"og:image\" content=\"https:\/\/demo.productdesignerapp.com\/wordpress\/wp-content\/uploads\/2024\/06\/On-leg.png\" \/>\n\t<meta property=\"og:image:width\" content=\"1200\" \/>\n\t<meta property=\"og:image:height\" content=\"1200\" \/>\n\t<meta property=\"og:image:type\" content=\"image\/png\" \/>\n<meta name=\"twitter:card\" content=\"summary_large_image\" \/>\n<meta name=\"twitter:site\" content=\"@pdesignerapp\" \/>\n<meta name=\"twitter:label1\" content=\"Est. reading time\" \/>\n\t<meta name=\"twitter:data1\" content=\"1 minute\" \/>\n<script type=\"application\/ld+json\" class=\"yoast-schema-graph\">{\"@context\":\"https:\/\/schema.org\",\"@graph\":[{\"@type\":\"WebPage\",\"@id\":\"https:\/\/demo.productdesignerapp.com\/wordpress\/san-pham\/giay-m-soul\/\",\"url\":\"https:\/\/demo.productdesignerapp.com\/wordpress\/san-pham\/giay-m-soul\/\",\"name\":\"Gi\u00e0y M soul - Product Designer App\",\"isPartOf\":{\"@id\":\"https:\/\/demo.productdesignerapp.com\/wordpress\/#website\"},\"primaryImageOfPage\":{\"@id\":\"https:\/\/demo.productdesignerapp.com\/wordpress\/san-pham\/giay-m-soul\/#primaryimage\"},\"image\":{\"@id\":\"https:\/\/demo.productdesignerapp.com\/wordpress\/san-pham\/giay-m-soul\/#primaryimage\"},\"thumbnailUrl\":\"https:\/\/demo.productdesignerapp.com\/wordpress\/wp-content\/uploads\/2024\/06\/On-leg.jpg\",\"datePublished\":\"2024-06-04T07:36:41+00:00\",\"dateModified\":\"2026-01-29T02:14:29+00:00\",\"breadcrumb\":{\"@id\":\"https:\/\/demo.productdesignerapp.com\/wordpress\/san-pham\/giay-m-soul\/#breadcrumb\"},\"inLanguage\":\"en-US\",\"potentialAction\":[{\"@type\":\"ReadAction\",\"target\":[\"https:\/\/demo.productdesignerapp.com\/wordpress\/san-pham\/giay-m-soul\/\"]}]},{\"@type\":\"ImageObject\",\"inLanguage\":\"en-US\",\"@id\":\"https:\/\/demo.productdesignerapp.com\/wordpress\/san-pham\/giay-m-soul\/#primaryimage\",\"url\":\"https:\/\/demo.productdesignerapp.com\/wordpress\/wp-content\/uploads\/2024\/06\/On-leg.jpg\",\"contentUrl\":\"https:\/\/demo.productdesignerapp.com\/wordpress\/wp-content\/uploads\/2024\/06\/On-leg.jpg\",\"width\":1000,\"height\":1000},{\"@type\":\"BreadcrumbList\",\"@id\":\"https:\/\/demo.productdesignerapp.com\/wordpress\/san-pham\/giay-m-soul\/#breadcrumb\",\"itemListElement\":[{\"@type\":\"ListItem\",\"position\":1,\"name\":\"Home\",\"item\":\"https:\/\/demo.productdesignerapp.com\/wordpress\/\"},{\"@type\":\"ListItem\",\"position\":2,\"name\":\"Shop\",\"item\":\"https:\/\/demo.productdesignerapp.com\/wordpress\/shop\/\"},{\"@type\":\"ListItem\",\"position\":3,\"name\":\"Gi\u00e0y M soul\"}]},{\"@type\":\"WebSite\",\"@id\":\"https:\/\/demo.productdesignerapp.com\/wordpress\/#website\",\"url\":\"https:\/\/demo.productdesignerapp.com\/wordpress\/\",\"name\":\"Product Designer App\",\"description\":\"Demo\",\"publisher\":{\"@id\":\"https:\/\/demo.productdesignerapp.com\/wordpress\/#organization\"},\"alternateName\":\"PDA\",\"potentialAction\":[{\"@type\":\"SearchAction\",\"target\":{\"@type\":\"EntryPoint\",\"urlTemplate\":\"https:\/\/demo.productdesignerapp.com\/wordpress\/?s={search_term_string}\"},\"query-input\":\"required name=search_term_string\"}],\"inLanguage\":\"en-US\"},{\"@type\":\"Organization\",\"@id\":\"https:\/\/demo.productdesignerapp.com\/wordpress\/#organization\",\"name\":\"Product Designer App\",\"alternateName\":\"PDA\",\"url\":\"https:\/\/demo.productdesignerapp.com\/wordpress\/\",\"logo\":{\"@type\":\"ImageObject\",\"inLanguage\":\"en-US\",\"@id\":\"https:\/\/demo.productdesignerapp.com\/wordpress\/#\/schema\/logo\/image\/\",\"url\":\"https:\/\/demo.productdesignerapp.com\/wordpress\/wp-content\/uploads\/2024\/05\/pda-logo-600.png\",\"contentUrl\":\"https:\/\/demo.productdesignerapp.com\/wordpress\/wp-content\/uploads\/2024\/05\/pda-logo-600.png\",\"width\":600,\"height\":600,\"caption\":\"Product Designer App\"},\"image\":{\"@id\":\"https:\/\/demo.productdesignerapp.com\/wordpress\/#\/schema\/logo\/image\/\"},\"sameAs\":[\"https:\/\/www.facebook.com\/productdesignerapps\",\"https:\/\/x.com\/pdesignerapp\",\"https:\/\/www.youtube.com\/@productdesignerapp\"]}]}<\/script>\n<!-- \/ Yoast SEO plugin. -->","yoast_head_json":{"title":"Gi\u00e0y M soul - Product Designer App","robots":{"index":"index","follow":"follow","max-snippet":"max-snippet:-1","max-image-preview":"max-image-preview:large","max-video-preview":"max-video-preview:-1"},"canonical":"https:\/\/demo.productdesignerapp.com\/wordpress\/san-pham\/giay-m-soul\/","og_locale":"en_US","og_type":"article","og_title":"Gi\u00e0y M soul - Product Designer App","og_description":"\u0110\u00c3 KI\u1ec2M TRA HI\u1ec6U SU\u1ea4T: Trong qu\u00e1 tr\u00ecnh th\u1eed nghi\u1ec7m \u0111\u1ed9c l\u1eadp t\u1ea1i ph\u00f2ng th\u00ed nghi\u1ec7m, gi\u00e0y b\u1ea3o h\u1ed9 lao [&hellip;]","og_url":"https:\/\/demo.productdesignerapp.com\/wordpress\/san-pham\/giay-m-soul\/","og_site_name":"Product Designer App","article_publisher":"https:\/\/www.facebook.com\/productdesignerapps","article_modified_time":"2026-01-29T02:14:29+00:00","og_image":[{"width":1200,"height":1200,"url":"https:\/\/demo.productdesignerapp.com\/wordpress\/wp-content\/uploads\/2024\/06\/On-leg.png","type":"image\/png"}],"twitter_card":"summary_large_image","twitter_site":"@pdesignerapp","twitter_misc":{"Est. reading time":"1 minute"},"schema":{"@context":"https:\/\/schema.org","@graph":[{"@type":"WebPage","@id":"https:\/\/demo.productdesignerapp.com\/wordpress\/san-pham\/giay-m-soul\/","url":"https:\/\/demo.productdesignerapp.com\/wordpress\/san-pham\/giay-m-soul\/","name":"Gi\u00e0y M soul - Product Designer App","isPartOf":{"@id":"https:\/\/demo.productdesignerapp.com\/wordpress\/#website"},"primaryImageOfPage":{"@id":"https:\/\/demo.productdesignerapp.com\/wordpress\/san-pham\/giay-m-soul\/#primaryimage"},"image":{"@id":"https:\/\/demo.productdesignerapp.com\/wordpress\/san-pham\/giay-m-soul\/#primaryimage"},"thumbnailUrl":"https:\/\/demo.productdesignerapp.com\/wordpress\/wp-content\/uploads\/2024\/06\/On-leg.jpg","datePublished":"2024-06-04T07:36:41+00:00","dateModified":"2026-01-29T02:14:29+00:00","breadcrumb":{"@id":"https:\/\/demo.productdesignerapp.com\/wordpress\/san-pham\/giay-m-soul\/#breadcrumb"},"inLanguage":"en-US","potentialAction":[{"@type":"ReadAction","target":["https:\/\/demo.productdesignerapp.com\/wordpress\/san-pham\/giay-m-soul\/"]}]},{"@type":"ImageObject","inLanguage":"en-US","@id":"https:\/\/demo.productdesignerapp.com\/wordpress\/san-pham\/giay-m-soul\/#primaryimage","url":"https:\/\/demo.productdesignerapp.com\/wordpress\/wp-content\/uploads\/2024\/06\/On-leg.jpg","contentUrl":"https:\/\/demo.productdesignerapp.com\/wordpress\/wp-content\/uploads\/2024\/06\/On-leg.jpg","width":1000,"height":1000},{"@type":"BreadcrumbList","@id":"https:\/\/demo.productdesignerapp.com\/wordpress\/san-pham\/giay-m-soul\/#breadcrumb","itemListElement":[{"@type":"ListItem","position":1,"name":"Home","item":"https:\/\/demo.productdesignerapp.com\/wordpress\/"},{"@type":"ListItem","position":2,"name":"Shop","item":"https:\/\/demo.productdesignerapp.com\/wordpress\/shop\/"},{"@type":"ListItem","position":3,"name":"Gi\u00e0y M soul"}]},{"@type":"WebSite","@id":"https:\/\/demo.productdesignerapp.com\/wordpress\/#website","url":"https:\/\/demo.productdesignerapp.com\/wordpress\/","name":"Product Designer App","description":"Demo","publisher":{"@id":"https:\/\/demo.productdesignerapp.com\/wordpress\/#organization"},"alternateName":"PDA","potentialAction":[{"@type":"SearchAction","target":{"@type":"EntryPoint","urlTemplate":"https:\/\/demo.productdesignerapp.com\/wordpress\/?s={search_term_string}"},"query-input":"required name=search_term_string"}],"inLanguage":"en-US"},{"@type":"Organization","@id":"https:\/\/demo.productdesignerapp.com\/wordpress\/#organization","name":"Product Designer App","alternateName":"PDA","url":"https:\/\/demo.productdesignerapp.com\/wordpress\/","logo":{"@type":"ImageObject","inLanguage":"en-US","@id":"https:\/\/demo.productdesignerapp.com\/wordpress\/#\/schema\/logo\/image\/","url":"https:\/\/demo.productdesignerapp.com\/wordpress\/wp-content\/uploads\/2024\/05\/pda-logo-600.png","contentUrl":"https:\/\/demo.productdesignerapp.com\/wordpress\/wp-content\/uploads\/2024\/05\/pda-logo-600.png","width":600,"height":600,"caption":"Product Designer App"},"image":{"@id":"https:\/\/demo.productdesignerapp.com\/wordpress\/#\/schema\/logo\/image\/"},"sameAs":["https:\/\/www.facebook.com\/productdesignerapps","https:\/\/x.com\/pdesignerapp","https:\/\/www.youtube.com\/@productdesignerapp"]}]}},"lang":"vi","translations":{"vi":377,"en":375},"pll_sync_post":[],"_links":{"self":[{"href":"https:\/\/demo.productdesignerapp.com\/wordpress\/wp-json\/wp\/v2\/product\/377","targetHints":{"allow":["GET"]}}],"collection":[{"href":"https:\/\/demo.productdesignerapp.com\/wordpress\/wp-json\/wp\/v2\/product"}],"about":[{"href":"https:\/\/demo.productdesignerapp.com\/wordpress\/wp-json\/wp\/v2\/types\/product"}],"replies":[{"embeddable":true,"href":"https:\/\/demo.productdesignerapp.com\/wordpress\/wp-json\/wp\/v2\/comments?post=377"}],"wp:featuredmedia":[{"embeddable":true,"href":"https:\/\/demo.productdesignerapp.com\/wordpress\/wp-json\/wp\/v2\/media\/999"}],"wp:attachment":[{"href":"https:\/\/demo.productdesignerapp.com\/wordpress\/wp-json\/wp\/v2\/media?parent=377"}],"wp:term":[{"taxonomy":"product_cat","embeddable":true,"href":"https:\/\/demo.productdesignerapp.com\/wordpress\/wp-json\/wp\/v2\/product_cat?post=377"},{"taxonomy":"product_tag","embeddable":true,"href":"https:\/\/demo.productdesignerapp.com\/wordpress\/wp-json\/wp\/v2\/product_tag?post=377"}],"curies":[{"name":"wp","href":"https:\/\/api.w.org\/{rel}","templated":true}]}}