{"id":390,"date":"2024-06-04T07:58:13","date_gmt":"2024-06-04T07:58:13","guid":{"rendered":"https:\/\/demo.productdesignerapp.com\/wordpress\/?post_type=product&#038;p=390"},"modified":"2026-01-29T02:54:10","modified_gmt":"2026-01-29T02:54:10","slug":"ao-thun-tay-ngan-khong-nut-co-chu-v-kieu-2","status":"publish","type":"product","link":"https:\/\/demo.productdesignerapp.com\/wordpress\/san-pham\/ao-thun-tay-ngan-khong-nut-co-chu-v-kieu-2\/","title":{"rendered":"\u00c1o thun tay ng\u1eafn kh\u00f4ng n\u00fat c\u1ed5 ch\u1eef V ki\u1ec3u 2"},"content":{"rendered":"<ul>\n<li>T\u00ednh n\u0103ng: 100% polyester. N\u00fat c\u00e0i, Kh\u00f4-tho\u1ea3i m\u00e1i, Tho\u00e1ng kh\u00ed, Th\u1ea5m h\u00fat \u1ea9m.<\/li>\n<li>T\u1ea5t c\u1ea3 t\u00ean v\u00e0 s\u1ed1 c\u1ee7a c\u1ea7u th\u1ee7 \u0111\u1ec1u \u0111\u01b0\u1ee3c kh\u00e2u ho\u1eb7c in. Ki\u1ec3u d\u00e1ng th\u1ec3 thao &amp; \u0110\u01b0\u1eddng kh\u00e2u tinh t\u1ebf Kh\u00f4ng d\u1ec5 r\u01a1i ra.<\/li>\n<li>C\u00e1ch \u0111\u1eb7t h\u00e0ng: \u0110\u1ea7u ti\u00ean, h\u00e3y ch\u1ecdn ki\u1ec3u c\u1ee7a b\u1ea1n, sau \u0111\u00f3 nh\u1ea5p v\u00e0o &#8220;T\u00f9y ch\u1ec9nh&#8221;, ch\u1ecdn ki\u1ec3u b\u1ea1n mu\u1ed1n t\u00f9y ch\u1ec9nh v\u00e0 nh\u1eadp th\u00f4ng tin t\u00f9y ch\u1ec9nh. B\u1ea1n c\u0169ng c\u00f3 th\u1ec3 t\u00f9y ch\u1ec9nh b\u1ea5t k\u1ef3 mi\u1ebfng v\u00e1 n\u00e0o b\u1ea1n th\u00edch tr\u00ean \u00e1o \u0111\u1ea5u.<\/li>\n<li>N\u1ebfu b\u1ea1n c\u1ea7n t\u00f9y ch\u1ec9nh logo v\u00e0 c\u00e1c thi\u1ebft k\u1ebf kh\u00e1c. Sau khi \u0111\u1eb7t h\u00e0ng, vui l\u00f2ng li\u00ean h\u1ec7 v\u1edbi ch\u00fang t\u00f4i v\u00e0 g\u1eedi cho ch\u00fang t\u00f4i m\u1ed9t h\u00ecnh \u1ea3nh. Ch\u00fang t\u00f4i c\u00f3 th\u1ec3 g\u1eedi b\u1ea3n \u0111\u1ed3 hi\u1ec7u \u1ee9ng \u0111\u1ec3 b\u1ea1n c\u00f3 th\u1ec3 ch\u1ea5p thu\u1eadn thi\u1ebft k\u1ebf.<\/li>\n<li>Qu\u00e0 t\u1eb7ng \u0111\u1ed9c \u0111\u00e1o v\u00e0 s\u00e1ng t\u1ea1o: \u00c1o b\u00f3ng ch\u00e0y t\u00f9y ch\u1ec9nh l\u00e0 m\u00f3n qu\u00e0 \u0111\u01b0\u1ee3c \u01b0a chu\u1ed9ng d\u00e0nh cho \u0111\u1ed3ng \u0111\u1ed9i v\u00e0 gia \u0111\u00ecnh c\u1ee7a b\u1ea1n v\u00e0o c\u00e1c ng\u00e0y l\u1ec5 v\u00e0 l\u1ec5 h\u1ed9i, h\u00e3y t\u1ea1o b\u1ea5t ng\u1edd cho h\u1ecd! M\u00f3n qu\u00e0 tuy\u1ec7t v\u1eddi nh\u1ea5t cho b\u1ed1, m\u1eb9, con trai, con g\u00e1i, b\u00e9 trai, b\u00e9 g\u00e1i, ng\u01b0\u1eddi y\u00eau th\u1ec3 thao, sinh nh\u1eadt, b\u1ea5t k\u1ef3 d\u1ecbp \u0111\u1eb7c bi\u1ec7t n\u00e0o.<\/li>\n<\/ul>\n","protected":false},"excerpt":{"rendered":"<p>T\u00ednh n\u0103ng: 100% polyester. N\u00fat c\u00e0i, Kh\u00f4-tho\u1ea3i m\u00e1i, Tho\u00e1ng kh\u00ed, Th\u1ea5m h\u00fat \u1ea9m. T\u1ea5t c\u1ea3 t\u00ean v\u00e0 s\u1ed1 c\u1ee7a c\u1ea7u [&hellip;]<\/p>\n","protected":false},"featured_media":1003,"comment_status":"open","ping_status":"closed","template":"","meta":{"site-sidebar-layout":"default","site-content-layout":"","ast-site-content-layout":"default","site-content-style":"default","site-sidebar-style":"default","ast-global-header-display":"","ast-banner-title-visibility":"","ast-main-header-display":"","ast-hfb-above-header-display":"","ast-hfb-below-header-display":"","ast-hfb-mobile-header-display":"","site-post-title":"","ast-breadcrumbs-content":"","ast-featured-img":"","footer-sml-layout":"","theme-transparent-header-meta":"default","adv-header-id-meta":"","stick-header-meta":"","header-above-stick-meta":"","header-main-stick-meta":"","header-below-stick-meta":"","astra-migrate-meta-layouts":"set","ast-page-background-enabled":"default","ast-page-background-meta":{"desktop":{"background-color":"var(--ast-global-color-4)","background-image":"","background-repeat":"repeat","background-position":"center center","background-size":"auto","background-attachment":"scroll","background-type":"","background-media":"","overlay-type":"","overlay-color":"","overlay-opacity":"","overlay-gradient":""},"tablet":{"background-color":"","background-image":"","background-repeat":"repeat","background-position":"center center","background-size":"auto","background-attachment":"scroll","background-type":"","background-media":"","overlay-type":"","overlay-color":"","overlay-opacity":"","overlay-gradient":""},"mobile":{"background-color":"","background-image":"","background-repeat":"repeat","background-position":"center center","background-size":"auto","background-attachment":"scroll","background-type":"","background-media":"","overlay-type":"","overlay-color":"","overlay-opacity":"","overlay-gradient":""}},"ast-content-background-meta":{"desktop":{"background-color":"var(--ast-global-color-5)","background-image":"","background-repeat":"repeat","background-position":"center center","background-size":"auto","background-attachment":"scroll","background-type":"","background-media":"","overlay-type":"","overlay-color":"","overlay-opacity":"","overlay-gradient":""},"tablet":{"background-color":"var(--ast-global-color-5)","background-image":"","background-repeat":"repeat","background-position":"center center","background-size":"auto","background-attachment":"scroll","background-type":"","background-media":"","overlay-type":"","overlay-color":"","overlay-opacity":"","overlay-gradient":""},"mobile":{"background-color":"var(--ast-global-color-5)","background-image":"","background-repeat":"repeat","background-position":"center center","background-size":"auto","background-attachment":"scroll","background-type":"","background-media":"","overlay-type":"","overlay-color":"","overlay-opacity":"","overlay-gradient":""}}},"product_cat":[84],"product_tag":[],"class_list":{"0":"post-390","1":"product","2":"type-product","3":"status-publish","4":"has-post-thumbnail","6":"product_cat-the-thao","7":"desktop-align-left","8":"tablet-align-left","9":"mobile-align-left","11":"first","12":"instock","13":"featured","14":"shipping-taxable","15":"purchasable","16":"product-type-simple"},"yoast_head":"<!-- This site is optimized with the Yoast SEO plugin v23.0 - https:\/\/yoast.com\/wordpress\/plugins\/seo\/ -->\n<title>\u00c1o thun tay ng\u1eafn kh\u00f4ng n\u00fat c\u1ed5 ch\u1eef V ki\u1ec3u 2 - Product Designer App<\/title>\n<meta name=\"robots\" content=\"index, follow, max-snippet:-1, max-image-preview:large, max-video-preview:-1\" \/>\n<link rel=\"canonical\" href=\"https:\/\/demo.productdesignerapp.com\/wordpress\/san-pham\/ao-thun-tay-ngan-khong-nut-co-chu-v-kieu-2\/\" \/>\n<meta property=\"og:locale\" content=\"en_US\" \/>\n<meta property=\"og:type\" content=\"article\" \/>\n<meta property=\"og:title\" content=\"\u00c1o thun tay ng\u1eafn kh\u00f4ng n\u00fat c\u1ed5 ch\u1eef V ki\u1ec3u 2 - Product Designer App\" \/>\n<meta property=\"og:description\" content=\"T\u00ednh n\u0103ng: 100% polyester. N\u00fat c\u00e0i, Kh\u00f4-tho\u1ea3i m\u00e1i, Tho\u00e1ng kh\u00ed, Th\u1ea5m h\u00fat \u1ea9m. T\u1ea5t c\u1ea3 t\u00ean v\u00e0 s\u1ed1 c\u1ee7a c\u1ea7u [&hellip;]\" \/>\n<meta property=\"og:url\" content=\"https:\/\/demo.productdesignerapp.com\/wordpress\/san-pham\/ao-thun-tay-ngan-khong-nut-co-chu-v-kieu-2\/\" \/>\n<meta property=\"og:site_name\" content=\"Product Designer App\" \/>\n<meta property=\"article:publisher\" content=\"https:\/\/www.facebook.com\/productdesignerapps\" \/>\n<meta property=\"article:modified_time\" content=\"2026-01-29T02:54:10+00:00\" \/>\n<meta property=\"og:image\" content=\"https:\/\/demo.productdesignerapp.com\/wordpress\/wp-content\/uploads\/2024\/06\/No-Button-Short-Sleeve-Jersey-V-Neck-style-3.png\" \/>\n\t<meta property=\"og:image:width\" content=\"800\" \/>\n\t<meta property=\"og:image:height\" content=\"800\" \/>\n\t<meta property=\"og:image:type\" content=\"image\/png\" \/>\n<meta name=\"twitter:card\" content=\"summary_large_image\" \/>\n<meta name=\"twitter:site\" content=\"@pdesignerapp\" \/>\n<meta name=\"twitter:label1\" content=\"Est. reading time\" \/>\n\t<meta name=\"twitter:data1\" content=\"2 minutes\" \/>\n<script type=\"application\/ld+json\" class=\"yoast-schema-graph\">{\"@context\":\"https:\/\/schema.org\",\"@graph\":[{\"@type\":\"WebPage\",\"@id\":\"https:\/\/demo.productdesignerapp.com\/wordpress\/san-pham\/ao-thun-tay-ngan-khong-nut-co-chu-v-kieu-2\/\",\"url\":\"https:\/\/demo.productdesignerapp.com\/wordpress\/san-pham\/ao-thun-tay-ngan-khong-nut-co-chu-v-kieu-2\/\",\"name\":\"\u00c1o thun tay ng\u1eafn kh\u00f4ng n\u00fat c\u1ed5 ch\u1eef V ki\u1ec3u 2 - Product Designer App\",\"isPartOf\":{\"@id\":\"https:\/\/demo.productdesignerapp.com\/wordpress\/#website\"},\"primaryImageOfPage\":{\"@id\":\"https:\/\/demo.productdesignerapp.com\/wordpress\/san-pham\/ao-thun-tay-ngan-khong-nut-co-chu-v-kieu-2\/#primaryimage\"},\"image\":{\"@id\":\"https:\/\/demo.productdesignerapp.com\/wordpress\/san-pham\/ao-thun-tay-ngan-khong-nut-co-chu-v-kieu-2\/#primaryimage\"},\"thumbnailUrl\":\"https:\/\/demo.productdesignerapp.com\/wordpress\/wp-content\/uploads\/2024\/06\/No-Button-Short-Sleeve-Jersey-V-Neck-style-3.jpg\",\"datePublished\":\"2024-06-04T07:58:13+00:00\",\"dateModified\":\"2026-01-29T02:54:10+00:00\",\"breadcrumb\":{\"@id\":\"https:\/\/demo.productdesignerapp.com\/wordpress\/san-pham\/ao-thun-tay-ngan-khong-nut-co-chu-v-kieu-2\/#breadcrumb\"},\"inLanguage\":\"en-US\",\"potentialAction\":[{\"@type\":\"ReadAction\",\"target\":[\"https:\/\/demo.productdesignerapp.com\/wordpress\/san-pham\/ao-thun-tay-ngan-khong-nut-co-chu-v-kieu-2\/\"]}]},{\"@type\":\"ImageObject\",\"inLanguage\":\"en-US\",\"@id\":\"https:\/\/demo.productdesignerapp.com\/wordpress\/san-pham\/ao-thun-tay-ngan-khong-nut-co-chu-v-kieu-2\/#primaryimage\",\"url\":\"https:\/\/demo.productdesignerapp.com\/wordpress\/wp-content\/uploads\/2024\/06\/No-Button-Short-Sleeve-Jersey-V-Neck-style-3.jpg\",\"contentUrl\":\"https:\/\/demo.productdesignerapp.com\/wordpress\/wp-content\/uploads\/2024\/06\/No-Button-Short-Sleeve-Jersey-V-Neck-style-3.jpg\",\"width\":1000,\"height\":1000},{\"@type\":\"BreadcrumbList\",\"@id\":\"https:\/\/demo.productdesignerapp.com\/wordpress\/san-pham\/ao-thun-tay-ngan-khong-nut-co-chu-v-kieu-2\/#breadcrumb\",\"itemListElement\":[{\"@type\":\"ListItem\",\"position\":1,\"name\":\"Home\",\"item\":\"https:\/\/demo.productdesignerapp.com\/wordpress\/\"},{\"@type\":\"ListItem\",\"position\":2,\"name\":\"Shop\",\"item\":\"https:\/\/demo.productdesignerapp.com\/wordpress\/shop\/\"},{\"@type\":\"ListItem\",\"position\":3,\"name\":\"\u00c1o thun tay ng\u1eafn kh\u00f4ng n\u00fat c\u1ed5 ch\u1eef V ki\u1ec3u 2\"}]},{\"@type\":\"WebSite\",\"@id\":\"https:\/\/demo.productdesignerapp.com\/wordpress\/#website\",\"url\":\"https:\/\/demo.productdesignerapp.com\/wordpress\/\",\"name\":\"Product Designer App\",\"description\":\"Demo\",\"publisher\":{\"@id\":\"https:\/\/demo.productdesignerapp.com\/wordpress\/#organization\"},\"alternateName\":\"PDA\",\"potentialAction\":[{\"@type\":\"SearchAction\",\"target\":{\"@type\":\"EntryPoint\",\"urlTemplate\":\"https:\/\/demo.productdesignerapp.com\/wordpress\/?s={search_term_string}\"},\"query-input\":\"required name=search_term_string\"}],\"inLanguage\":\"en-US\"},{\"@type\":\"Organization\",\"@id\":\"https:\/\/demo.productdesignerapp.com\/wordpress\/#organization\",\"name\":\"Product Designer App\",\"alternateName\":\"PDA\",\"url\":\"https:\/\/demo.productdesignerapp.com\/wordpress\/\",\"logo\":{\"@type\":\"ImageObject\",\"inLanguage\":\"en-US\",\"@id\":\"https:\/\/demo.productdesignerapp.com\/wordpress\/#\/schema\/logo\/image\/\",\"url\":\"https:\/\/demo.productdesignerapp.com\/wordpress\/wp-content\/uploads\/2024\/05\/pda-logo-600.png\",\"contentUrl\":\"https:\/\/demo.productdesignerapp.com\/wordpress\/wp-content\/uploads\/2024\/05\/pda-logo-600.png\",\"width\":600,\"height\":600,\"caption\":\"Product Designer App\"},\"image\":{\"@id\":\"https:\/\/demo.productdesignerapp.com\/wordpress\/#\/schema\/logo\/image\/\"},\"sameAs\":[\"https:\/\/www.facebook.com\/productdesignerapps\",\"https:\/\/x.com\/pdesignerapp\",\"https:\/\/www.youtube.com\/@productdesignerapp\"]}]}<\/script>\n<!-- \/ Yoast SEO plugin. -->","yoast_head_json":{"title":"\u00c1o thun tay ng\u1eafn kh\u00f4ng n\u00fat c\u1ed5 ch\u1eef V ki\u1ec3u 2 - Product Designer App","robots":{"index":"index","follow":"follow","max-snippet":"max-snippet:-1","max-image-preview":"max-image-preview:large","max-video-preview":"max-video-preview:-1"},"canonical":"https:\/\/demo.productdesignerapp.com\/wordpress\/san-pham\/ao-thun-tay-ngan-khong-nut-co-chu-v-kieu-2\/","og_locale":"en_US","og_type":"article","og_title":"\u00c1o thun tay ng\u1eafn kh\u00f4ng n\u00fat c\u1ed5 ch\u1eef V ki\u1ec3u 2 - Product Designer App","og_description":"T\u00ednh n\u0103ng: 100% polyester. N\u00fat c\u00e0i, Kh\u00f4-tho\u1ea3i m\u00e1i, Tho\u00e1ng kh\u00ed, Th\u1ea5m h\u00fat \u1ea9m. T\u1ea5t c\u1ea3 t\u00ean v\u00e0 s\u1ed1 c\u1ee7a c\u1ea7u [&hellip;]","og_url":"https:\/\/demo.productdesignerapp.com\/wordpress\/san-pham\/ao-thun-tay-ngan-khong-nut-co-chu-v-kieu-2\/","og_site_name":"Product Designer App","article_publisher":"https:\/\/www.facebook.com\/productdesignerapps","article_modified_time":"2026-01-29T02:54:10+00:00","og_image":[{"width":800,"height":800,"url":"https:\/\/demo.productdesignerapp.com\/wordpress\/wp-content\/uploads\/2024\/06\/No-Button-Short-Sleeve-Jersey-V-Neck-style-3.png","type":"image\/png"}],"twitter_card":"summary_large_image","twitter_site":"@pdesignerapp","twitter_misc":{"Est. reading time":"2 minutes"},"schema":{"@context":"https:\/\/schema.org","@graph":[{"@type":"WebPage","@id":"https:\/\/demo.productdesignerapp.com\/wordpress\/san-pham\/ao-thun-tay-ngan-khong-nut-co-chu-v-kieu-2\/","url":"https:\/\/demo.productdesignerapp.com\/wordpress\/san-pham\/ao-thun-tay-ngan-khong-nut-co-chu-v-kieu-2\/","name":"\u00c1o thun tay ng\u1eafn kh\u00f4ng n\u00fat c\u1ed5 ch\u1eef V ki\u1ec3u 2 - Product Designer App","isPartOf":{"@id":"https:\/\/demo.productdesignerapp.com\/wordpress\/#website"},"primaryImageOfPage":{"@id":"https:\/\/demo.productdesignerapp.com\/wordpress\/san-pham\/ao-thun-tay-ngan-khong-nut-co-chu-v-kieu-2\/#primaryimage"},"image":{"@id":"https:\/\/demo.productdesignerapp.com\/wordpress\/san-pham\/ao-thun-tay-ngan-khong-nut-co-chu-v-kieu-2\/#primaryimage"},"thumbnailUrl":"https:\/\/demo.productdesignerapp.com\/wordpress\/wp-content\/uploads\/2024\/06\/No-Button-Short-Sleeve-Jersey-V-Neck-style-3.jpg","datePublished":"2024-06-04T07:58:13+00:00","dateModified":"2026-01-29T02:54:10+00:00","breadcrumb":{"@id":"https:\/\/demo.productdesignerapp.com\/wordpress\/san-pham\/ao-thun-tay-ngan-khong-nut-co-chu-v-kieu-2\/#breadcrumb"},"inLanguage":"en-US","potentialAction":[{"@type":"ReadAction","target":["https:\/\/demo.productdesignerapp.com\/wordpress\/san-pham\/ao-thun-tay-ngan-khong-nut-co-chu-v-kieu-2\/"]}]},{"@type":"ImageObject","inLanguage":"en-US","@id":"https:\/\/demo.productdesignerapp.com\/wordpress\/san-pham\/ao-thun-tay-ngan-khong-nut-co-chu-v-kieu-2\/#primaryimage","url":"https:\/\/demo.productdesignerapp.com\/wordpress\/wp-content\/uploads\/2024\/06\/No-Button-Short-Sleeve-Jersey-V-Neck-style-3.jpg","contentUrl":"https:\/\/demo.productdesignerapp.com\/wordpress\/wp-content\/uploads\/2024\/06\/No-Button-Short-Sleeve-Jersey-V-Neck-style-3.jpg","width":1000,"height":1000},{"@type":"BreadcrumbList","@id":"https:\/\/demo.productdesignerapp.com\/wordpress\/san-pham\/ao-thun-tay-ngan-khong-nut-co-chu-v-kieu-2\/#breadcrumb","itemListElement":[{"@type":"ListItem","position":1,"name":"Home","item":"https:\/\/demo.productdesignerapp.com\/wordpress\/"},{"@type":"ListItem","position":2,"name":"Shop","item":"https:\/\/demo.productdesignerapp.com\/wordpress\/shop\/"},{"@type":"ListItem","position":3,"name":"\u00c1o thun tay ng\u1eafn kh\u00f4ng n\u00fat c\u1ed5 ch\u1eef V ki\u1ec3u 2"}]},{"@type":"WebSite","@id":"https:\/\/demo.productdesignerapp.com\/wordpress\/#website","url":"https:\/\/demo.productdesignerapp.com\/wordpress\/","name":"Product Designer App","description":"Demo","publisher":{"@id":"https:\/\/demo.productdesignerapp.com\/wordpress\/#organization"},"alternateName":"PDA","potentialAction":[{"@type":"SearchAction","target":{"@type":"EntryPoint","urlTemplate":"https:\/\/demo.productdesignerapp.com\/wordpress\/?s={search_term_string}"},"query-input":"required name=search_term_string"}],"inLanguage":"en-US"},{"@type":"Organization","@id":"https:\/\/demo.productdesignerapp.com\/wordpress\/#organization","name":"Product Designer App","alternateName":"PDA","url":"https:\/\/demo.productdesignerapp.com\/wordpress\/","logo":{"@type":"ImageObject","inLanguage":"en-US","@id":"https:\/\/demo.productdesignerapp.com\/wordpress\/#\/schema\/logo\/image\/","url":"https:\/\/demo.productdesignerapp.com\/wordpress\/wp-content\/uploads\/2024\/05\/pda-logo-600.png","contentUrl":"https:\/\/demo.productdesignerapp.com\/wordpress\/wp-content\/uploads\/2024\/05\/pda-logo-600.png","width":600,"height":600,"caption":"Product Designer App"},"image":{"@id":"https:\/\/demo.productdesignerapp.com\/wordpress\/#\/schema\/logo\/image\/"},"sameAs":["https:\/\/www.facebook.com\/productdesignerapps","https:\/\/x.com\/pdesignerapp","https:\/\/www.youtube.com\/@productdesignerapp"]}]}},"lang":"vi","translations":{"vi":390,"en":388},"pll_sync_post":[],"_links":{"self":[{"href":"https:\/\/demo.productdesignerapp.com\/wordpress\/wp-json\/wp\/v2\/product\/390","targetHints":{"allow":["GET"]}}],"collection":[{"href":"https:\/\/demo.productdesignerapp.com\/wordpress\/wp-json\/wp\/v2\/product"}],"about":[{"href":"https:\/\/demo.productdesignerapp.com\/wordpress\/wp-json\/wp\/v2\/types\/product"}],"replies":[{"embeddable":true,"href":"https:\/\/demo.productdesignerapp.com\/wordpress\/wp-json\/wp\/v2\/comments?post=390"}],"wp:featuredmedia":[{"embeddable":true,"href":"https:\/\/demo.productdesignerapp.com\/wordpress\/wp-json\/wp\/v2\/media\/1003"}],"wp:attachment":[{"href":"https:\/\/demo.productdesignerapp.com\/wordpress\/wp-json\/wp\/v2\/media?parent=390"}],"wp:term":[{"taxonomy":"product_cat","embeddable":true,"href":"https:\/\/demo.productdesignerapp.com\/wordpress\/wp-json\/wp\/v2\/product_cat?post=390"},{"taxonomy":"product_tag","embeddable":true,"href":"https:\/\/demo.productdesignerapp.com\/wordpress\/wp-json\/wp\/v2\/product_tag?post=390"}],"curies":[{"name":"wp","href":"https:\/\/api.w.org\/{rel}","templated":true}]}}