{"id":511,"date":"2024-06-15T08:09:38","date_gmt":"2024-06-15T08:09:38","guid":{"rendered":"https:\/\/demo.productdesignerapp.com\/wordpress\/?post_type=product&#038;p=511"},"modified":"2026-01-29T04:15:35","modified_gmt":"2026-01-29T04:15:35","slug":"tuy-chinh-the-ten-thu-cung","status":"publish","type":"product","link":"https:\/\/demo.productdesignerapp.com\/wordpress\/san-pham\/tuy-chinh-the-ten-thu-cung\/","title":{"rendered":"T\u00f9y ch\u1ec9nh th\u1ebb t\u00ean th\u00fa c\u01b0ng"},"content":{"rendered":"<ul>\n<li>\u0110\u1ed9 b\u1ec1n t\u1ed1i \u01b0u: Th\u1ebb nh\u00f4m c\u1ea5p m\u00e1y bay anodized ch\u1ea5t l\u01b0\u1ee3ng cao c\u1ee7a ch\u00fang t\u00f4i c\u00f3 th\u1ec3 ch\u1ecbu \u0111\u01b0\u1ee3c ngay c\u1ea3 nh\u1eefng cu\u1ed9c phi\u00eau l\u01b0u n\u0103ng \u0111\u1ed9ng nh\u1ea5t c\u1ee7a th\u00fa c\u01b0ng. Th\u1ebb ch\u1ed1ng nhai, ch\u1ed1ng g\u1ec9, d\u00e0y v\u00e0 kh\u00f4ng bao gi\u1edd b\u1ecb cong, \u0111\u1ea3m b\u1ea3o s\u1eed d\u1ee5ng \u0111\u01b0\u1ee3c l\u00e2u d\u00e0i<\/li>\n<li>Kh\u1eafc trong su\u1ed1t: Kh\u1eafc laser \u1edf c\u1ea3 hai m\u1eb7t v\u1edbi h\u00ecnh kh\u1eafc s\u00e2u, mang l\u1ea1i kh\u1ea3 n\u0103ng \u0111\u1ecdc cao v\u00e0 \u0111\u1ea3m b\u1ea3o th\u00f4ng tin quan tr\u1ecdng c\u1ee7a th\u00fa c\u01b0ng lu\u00f4n r\u00f5 r\u00e0ng<\/li>\n<li>Nh\u1ea5p v\u00e0o t\u00f9y ch\u1ec9nh: Th\u1ecfa s\u1ee9c s\u00e1ng t\u1ea1o v\u00e0 c\u00e1 nh\u00e2n h\u00f3a v\u1edbi t\u1ed1i \u0111a 8 d\u00f2ng v\u0103n b\u1ea3n &#8211; t\u1ed1i \u0111a 4 d\u00f2ng \u1edf m\u1eb7t tr\u01b0\u1edbc th\u1ebb v\u00e0 4 d\u00f2ng \u1edf m\u1eb7t sau th\u1ebb &#8211; v\u00e0 ch\u1ecdn t\u1eeb 8 h\u00ecnh d\u1ea1ng kh\u00e1c nhau tr\u00ean 8 t\u00f9y ch\u1ecdn m\u00e0u s\u1eafc r\u1ef1c r\u1ee1<\/li>\n<li>K\u00edch th\u01b0\u1edbc ho\u00e0n h\u1ea3o cho m\u1ecdi th\u00fa c\u01b0ng: K\u00edch th\u01b0\u1edbc th\u00f4ng th\u01b0\u1eddng c\u1ee7a ch\u00fang t\u00f4i \u0111\u1ea3m b\u1ea3o nh\u1eefng ch\u00fa ch\u00f3 l\u1edbn v\u00e0 v\u1eeba to\u00e1t l\u00ean v\u1ebb uy nghi\u00eam tuy\u1ec7t \u0111\u1ed1i, trong khi k\u00edch th\u01b0\u1edbc nh\u1ecf c\u1ee7a ch\u00fang t\u00f4i n\u00e2ng cao s\u1ef1 thanh l\u1ecbch c\u1ee7a m\u00e8o v\u00e0 c\u00e1c gi\u1ed1ng ch\u00f3 nh\u1ecf h\u01a1n<\/li>\n<li>Nh\u1eb9 v\u00e0 an to\u00e0n: Nh\u00f4m c\u1ea5p m\u00e1y bay nh\u1eb9 tr\u00ean c\u1ed5 th\u00fa c\u01b0ng c\u1ee7a b\u1ea1n v\u00e0 c\u00f3 c\u00e1c c\u1ea1nh \u0111\u01b0\u1ee3c cu\u1ed9n \u0111\u1ec3 tr\u00e1nh g\u00e2y k\u00edch \u1ee9ng<\/li>\n<li>M\u00f4 t\u1ea3 \u0111\u1ed9 tu\u1ed5i: m\u1ecdi giai \u0111o\u1ea1n<\/li>\n<li>Kh\u1eafc laser ch\u1ea5t l\u01b0\u1ee3ng cao<\/li>\n<\/ul>\n","protected":false},"excerpt":{"rendered":"<p>\u0110\u1ed9 b\u1ec1n t\u1ed1i \u01b0u: Th\u1ebb nh\u00f4m c\u1ea5p m\u00e1y bay anodized ch\u1ea5t l\u01b0\u1ee3ng cao c\u1ee7a ch\u00fang t\u00f4i c\u00f3 th\u1ec3 ch\u1ecbu \u0111\u01b0\u1ee3c [&hellip;]<\/p>\n","protected":false},"featured_media":510,"comment_status":"open","ping_status":"closed","template":"","meta":{"site-sidebar-layout":"default","site-content-layout":"","ast-site-content-layout":"default","site-content-style":"default","site-sidebar-style":"default","ast-global-header-display":"","ast-banner-title-visibility":"","ast-main-header-display":"","ast-hfb-above-header-display":"","ast-hfb-below-header-display":"","ast-hfb-mobile-header-display":"","site-post-title":"","ast-breadcrumbs-content":"","ast-featured-img":"","footer-sml-layout":"","theme-transparent-header-meta":"default","adv-header-id-meta":"","stick-header-meta":"","header-above-stick-meta":"","header-main-stick-meta":"","header-below-stick-meta":"","astra-migrate-meta-layouts":"set","ast-page-background-enabled":"default","ast-page-background-meta":{"desktop":{"background-color":"var(--ast-global-color-4)","background-image":"","background-repeat":"repeat","background-position":"center center","background-size":"auto","background-attachment":"scroll","background-type":"","background-media":"","overlay-type":"","overlay-color":"","overlay-opacity":"","overlay-gradient":""},"tablet":{"background-color":"","background-image":"","background-repeat":"repeat","background-position":"center center","background-size":"auto","background-attachment":"scroll","background-type":"","background-media":"","overlay-type":"","overlay-color":"","overlay-opacity":"","overlay-gradient":""},"mobile":{"background-color":"","background-image":"","background-repeat":"repeat","background-position":"center center","background-size":"auto","background-attachment":"scroll","background-type":"","background-media":"","overlay-type":"","overlay-color":"","overlay-opacity":"","overlay-gradient":""}},"ast-content-background-meta":{"desktop":{"background-color":"var(--ast-global-color-5)","background-image":"","background-repeat":"repeat","background-position":"center center","background-size":"auto","background-attachment":"scroll","background-type":"","background-media":"","overlay-type":"","overlay-color":"","overlay-opacity":"","overlay-gradient":""},"tablet":{"background-color":"var(--ast-global-color-5)","background-image":"","background-repeat":"repeat","background-position":"center center","background-size":"auto","background-attachment":"scroll","background-type":"","background-media":"","overlay-type":"","overlay-color":"","overlay-opacity":"","overlay-gradient":""},"mobile":{"background-color":"var(--ast-global-color-5)","background-image":"","background-repeat":"repeat","background-position":"center center","background-size":"auto","background-attachment":"scroll","background-type":"","background-media":"","overlay-type":"","overlay-color":"","overlay-opacity":"","overlay-gradient":""}}},"product_cat":[154],"product_tag":[],"class_list":{"0":"post-511","1":"product","2":"type-product","3":"status-publish","4":"has-post-thumbnail","6":"product_cat-danh-muc-mau","7":"desktop-align-left","8":"tablet-align-left","9":"mobile-align-left","11":"first","12":"instock","13":"shipping-taxable","14":"purchasable","15":"product-type-simple"},"yoast_head":"<!-- This site is optimized with the Yoast SEO plugin v23.0 - https:\/\/yoast.com\/wordpress\/plugins\/seo\/ -->\n<title>T\u00f9y ch\u1ec9nh th\u1ebb t\u00ean th\u00fa c\u01b0ng - Product Designer App<\/title>\n<meta name=\"robots\" content=\"index, follow, max-snippet:-1, max-image-preview:large, max-video-preview:-1\" \/>\n<link rel=\"canonical\" href=\"https:\/\/demo.productdesignerapp.com\/wordpress\/san-pham\/tuy-chinh-the-ten-thu-cung\/\" \/>\n<meta property=\"og:locale\" content=\"en_US\" \/>\n<meta property=\"og:type\" content=\"article\" \/>\n<meta property=\"og:title\" content=\"T\u00f9y ch\u1ec9nh th\u1ebb t\u00ean th\u00fa c\u01b0ng - Product Designer App\" \/>\n<meta property=\"og:description\" content=\"\u0110\u1ed9 b\u1ec1n t\u1ed1i \u01b0u: Th\u1ebb nh\u00f4m c\u1ea5p m\u00e1y bay anodized ch\u1ea5t l\u01b0\u1ee3ng cao c\u1ee7a ch\u00fang t\u00f4i c\u00f3 th\u1ec3 ch\u1ecbu \u0111\u01b0\u1ee3c [&hellip;]\" \/>\n<meta property=\"og:url\" content=\"https:\/\/demo.productdesignerapp.com\/wordpress\/san-pham\/tuy-chinh-the-ten-thu-cung\/\" \/>\n<meta property=\"og:site_name\" content=\"Product Designer App\" \/>\n<meta property=\"article:publisher\" content=\"https:\/\/www.facebook.com\/productdesignerapps\" \/>\n<meta property=\"article:modified_time\" content=\"2026-01-29T04:15:35+00:00\" \/>\n<meta property=\"og:image\" content=\"https:\/\/demo.productdesignerapp.com\/wordpress\/wp-content\/uploads\/2024\/06\/pet-tag-id-thumb.png\" \/>\n\t<meta property=\"og:image:width\" content=\"1000\" \/>\n\t<meta property=\"og:image:height\" content=\"1000\" \/>\n\t<meta property=\"og:image:type\" content=\"image\/png\" \/>\n<meta name=\"twitter:card\" content=\"summary_large_image\" \/>\n<meta name=\"twitter:site\" content=\"@pdesignerapp\" \/>\n<meta name=\"twitter:label1\" content=\"Est. reading time\" \/>\n\t<meta name=\"twitter:data1\" content=\"2 minutes\" \/>\n<script type=\"application\/ld+json\" class=\"yoast-schema-graph\">{\"@context\":\"https:\/\/schema.org\",\"@graph\":[{\"@type\":\"WebPage\",\"@id\":\"https:\/\/demo.productdesignerapp.com\/wordpress\/san-pham\/tuy-chinh-the-ten-thu-cung\/\",\"url\":\"https:\/\/demo.productdesignerapp.com\/wordpress\/san-pham\/tuy-chinh-the-ten-thu-cung\/\",\"name\":\"T\u00f9y ch\u1ec9nh th\u1ebb t\u00ean th\u00fa c\u01b0ng - Product Designer App\",\"isPartOf\":{\"@id\":\"https:\/\/demo.productdesignerapp.com\/wordpress\/#website\"},\"primaryImageOfPage\":{\"@id\":\"https:\/\/demo.productdesignerapp.com\/wordpress\/san-pham\/tuy-chinh-the-ten-thu-cung\/#primaryimage\"},\"image\":{\"@id\":\"https:\/\/demo.productdesignerapp.com\/wordpress\/san-pham\/tuy-chinh-the-ten-thu-cung\/#primaryimage\"},\"thumbnailUrl\":\"https:\/\/demo.productdesignerapp.com\/wordpress\/wp-content\/uploads\/2024\/06\/pet-tag-id-thumb.png\",\"datePublished\":\"2024-06-15T08:09:38+00:00\",\"dateModified\":\"2026-01-29T04:15:35+00:00\",\"breadcrumb\":{\"@id\":\"https:\/\/demo.productdesignerapp.com\/wordpress\/san-pham\/tuy-chinh-the-ten-thu-cung\/#breadcrumb\"},\"inLanguage\":\"en-US\",\"potentialAction\":[{\"@type\":\"ReadAction\",\"target\":[\"https:\/\/demo.productdesignerapp.com\/wordpress\/san-pham\/tuy-chinh-the-ten-thu-cung\/\"]}]},{\"@type\":\"ImageObject\",\"inLanguage\":\"en-US\",\"@id\":\"https:\/\/demo.productdesignerapp.com\/wordpress\/san-pham\/tuy-chinh-the-ten-thu-cung\/#primaryimage\",\"url\":\"https:\/\/demo.productdesignerapp.com\/wordpress\/wp-content\/uploads\/2024\/06\/pet-tag-id-thumb.png\",\"contentUrl\":\"https:\/\/demo.productdesignerapp.com\/wordpress\/wp-content\/uploads\/2024\/06\/pet-tag-id-thumb.png\",\"width\":1000,\"height\":1000},{\"@type\":\"BreadcrumbList\",\"@id\":\"https:\/\/demo.productdesignerapp.com\/wordpress\/san-pham\/tuy-chinh-the-ten-thu-cung\/#breadcrumb\",\"itemListElement\":[{\"@type\":\"ListItem\",\"position\":1,\"name\":\"Home\",\"item\":\"https:\/\/demo.productdesignerapp.com\/wordpress\/\"},{\"@type\":\"ListItem\",\"position\":2,\"name\":\"Shop\",\"item\":\"https:\/\/demo.productdesignerapp.com\/wordpress\/shop\/\"},{\"@type\":\"ListItem\",\"position\":3,\"name\":\"T\u00f9y ch\u1ec9nh th\u1ebb t\u00ean th\u00fa c\u01b0ng\"}]},{\"@type\":\"WebSite\",\"@id\":\"https:\/\/demo.productdesignerapp.com\/wordpress\/#website\",\"url\":\"https:\/\/demo.productdesignerapp.com\/wordpress\/\",\"name\":\"Product Designer App\",\"description\":\"Demo\",\"publisher\":{\"@id\":\"https:\/\/demo.productdesignerapp.com\/wordpress\/#organization\"},\"alternateName\":\"PDA\",\"potentialAction\":[{\"@type\":\"SearchAction\",\"target\":{\"@type\":\"EntryPoint\",\"urlTemplate\":\"https:\/\/demo.productdesignerapp.com\/wordpress\/?s={search_term_string}\"},\"query-input\":\"required name=search_term_string\"}],\"inLanguage\":\"en-US\"},{\"@type\":\"Organization\",\"@id\":\"https:\/\/demo.productdesignerapp.com\/wordpress\/#organization\",\"name\":\"Product Designer App\",\"alternateName\":\"PDA\",\"url\":\"https:\/\/demo.productdesignerapp.com\/wordpress\/\",\"logo\":{\"@type\":\"ImageObject\",\"inLanguage\":\"en-US\",\"@id\":\"https:\/\/demo.productdesignerapp.com\/wordpress\/#\/schema\/logo\/image\/\",\"url\":\"https:\/\/demo.productdesignerapp.com\/wordpress\/wp-content\/uploads\/2024\/05\/pda-logo-600.png\",\"contentUrl\":\"https:\/\/demo.productdesignerapp.com\/wordpress\/wp-content\/uploads\/2024\/05\/pda-logo-600.png\",\"width\":600,\"height\":600,\"caption\":\"Product Designer App\"},\"image\":{\"@id\":\"https:\/\/demo.productdesignerapp.com\/wordpress\/#\/schema\/logo\/image\/\"},\"sameAs\":[\"https:\/\/www.facebook.com\/productdesignerapps\",\"https:\/\/x.com\/pdesignerapp\",\"https:\/\/www.youtube.com\/@productdesignerapp\"]}]}<\/script>\n<!-- \/ Yoast SEO plugin. -->","yoast_head_json":{"title":"T\u00f9y ch\u1ec9nh th\u1ebb t\u00ean th\u00fa c\u01b0ng - Product Designer App","robots":{"index":"index","follow":"follow","max-snippet":"max-snippet:-1","max-image-preview":"max-image-preview:large","max-video-preview":"max-video-preview:-1"},"canonical":"https:\/\/demo.productdesignerapp.com\/wordpress\/san-pham\/tuy-chinh-the-ten-thu-cung\/","og_locale":"en_US","og_type":"article","og_title":"T\u00f9y ch\u1ec9nh th\u1ebb t\u00ean th\u00fa c\u01b0ng - Product Designer App","og_description":"\u0110\u1ed9 b\u1ec1n t\u1ed1i \u01b0u: Th\u1ebb nh\u00f4m c\u1ea5p m\u00e1y bay anodized ch\u1ea5t l\u01b0\u1ee3ng cao c\u1ee7a ch\u00fang t\u00f4i c\u00f3 th\u1ec3 ch\u1ecbu \u0111\u01b0\u1ee3c [&hellip;]","og_url":"https:\/\/demo.productdesignerapp.com\/wordpress\/san-pham\/tuy-chinh-the-ten-thu-cung\/","og_site_name":"Product Designer App","article_publisher":"https:\/\/www.facebook.com\/productdesignerapps","article_modified_time":"2026-01-29T04:15:35+00:00","og_image":[{"width":1000,"height":1000,"url":"https:\/\/demo.productdesignerapp.com\/wordpress\/wp-content\/uploads\/2024\/06\/pet-tag-id-thumb.png","type":"image\/png"}],"twitter_card":"summary_large_image","twitter_site":"@pdesignerapp","twitter_misc":{"Est. reading time":"2 minutes"},"schema":{"@context":"https:\/\/schema.org","@graph":[{"@type":"WebPage","@id":"https:\/\/demo.productdesignerapp.com\/wordpress\/san-pham\/tuy-chinh-the-ten-thu-cung\/","url":"https:\/\/demo.productdesignerapp.com\/wordpress\/san-pham\/tuy-chinh-the-ten-thu-cung\/","name":"T\u00f9y ch\u1ec9nh th\u1ebb t\u00ean th\u00fa c\u01b0ng - Product Designer App","isPartOf":{"@id":"https:\/\/demo.productdesignerapp.com\/wordpress\/#website"},"primaryImageOfPage":{"@id":"https:\/\/demo.productdesignerapp.com\/wordpress\/san-pham\/tuy-chinh-the-ten-thu-cung\/#primaryimage"},"image":{"@id":"https:\/\/demo.productdesignerapp.com\/wordpress\/san-pham\/tuy-chinh-the-ten-thu-cung\/#primaryimage"},"thumbnailUrl":"https:\/\/demo.productdesignerapp.com\/wordpress\/wp-content\/uploads\/2024\/06\/pet-tag-id-thumb.png","datePublished":"2024-06-15T08:09:38+00:00","dateModified":"2026-01-29T04:15:35+00:00","breadcrumb":{"@id":"https:\/\/demo.productdesignerapp.com\/wordpress\/san-pham\/tuy-chinh-the-ten-thu-cung\/#breadcrumb"},"inLanguage":"en-US","potentialAction":[{"@type":"ReadAction","target":["https:\/\/demo.productdesignerapp.com\/wordpress\/san-pham\/tuy-chinh-the-ten-thu-cung\/"]}]},{"@type":"ImageObject","inLanguage":"en-US","@id":"https:\/\/demo.productdesignerapp.com\/wordpress\/san-pham\/tuy-chinh-the-ten-thu-cung\/#primaryimage","url":"https:\/\/demo.productdesignerapp.com\/wordpress\/wp-content\/uploads\/2024\/06\/pet-tag-id-thumb.png","contentUrl":"https:\/\/demo.productdesignerapp.com\/wordpress\/wp-content\/uploads\/2024\/06\/pet-tag-id-thumb.png","width":1000,"height":1000},{"@type":"BreadcrumbList","@id":"https:\/\/demo.productdesignerapp.com\/wordpress\/san-pham\/tuy-chinh-the-ten-thu-cung\/#breadcrumb","itemListElement":[{"@type":"ListItem","position":1,"name":"Home","item":"https:\/\/demo.productdesignerapp.com\/wordpress\/"},{"@type":"ListItem","position":2,"name":"Shop","item":"https:\/\/demo.productdesignerapp.com\/wordpress\/shop\/"},{"@type":"ListItem","position":3,"name":"T\u00f9y ch\u1ec9nh th\u1ebb t\u00ean th\u00fa c\u01b0ng"}]},{"@type":"WebSite","@id":"https:\/\/demo.productdesignerapp.com\/wordpress\/#website","url":"https:\/\/demo.productdesignerapp.com\/wordpress\/","name":"Product Designer App","description":"Demo","publisher":{"@id":"https:\/\/demo.productdesignerapp.com\/wordpress\/#organization"},"alternateName":"PDA","potentialAction":[{"@type":"SearchAction","target":{"@type":"EntryPoint","urlTemplate":"https:\/\/demo.productdesignerapp.com\/wordpress\/?s={search_term_string}"},"query-input":"required name=search_term_string"}],"inLanguage":"en-US"},{"@type":"Organization","@id":"https:\/\/demo.productdesignerapp.com\/wordpress\/#organization","name":"Product Designer App","alternateName":"PDA","url":"https:\/\/demo.productdesignerapp.com\/wordpress\/","logo":{"@type":"ImageObject","inLanguage":"en-US","@id":"https:\/\/demo.productdesignerapp.com\/wordpress\/#\/schema\/logo\/image\/","url":"https:\/\/demo.productdesignerapp.com\/wordpress\/wp-content\/uploads\/2024\/05\/pda-logo-600.png","contentUrl":"https:\/\/demo.productdesignerapp.com\/wordpress\/wp-content\/uploads\/2024\/05\/pda-logo-600.png","width":600,"height":600,"caption":"Product Designer App"},"image":{"@id":"https:\/\/demo.productdesignerapp.com\/wordpress\/#\/schema\/logo\/image\/"},"sameAs":["https:\/\/www.facebook.com\/productdesignerapps","https:\/\/x.com\/pdesignerapp","https:\/\/www.youtube.com\/@productdesignerapp"]}]}},"lang":"vi","translations":{"vi":511,"en":509},"pll_sync_post":[],"_links":{"self":[{"href":"https:\/\/demo.productdesignerapp.com\/wordpress\/wp-json\/wp\/v2\/product\/511","targetHints":{"allow":["GET"]}}],"collection":[{"href":"https:\/\/demo.productdesignerapp.com\/wordpress\/wp-json\/wp\/v2\/product"}],"about":[{"href":"https:\/\/demo.productdesignerapp.com\/wordpress\/wp-json\/wp\/v2\/types\/product"}],"replies":[{"embeddable":true,"href":"https:\/\/demo.productdesignerapp.com\/wordpress\/wp-json\/wp\/v2\/comments?post=511"}],"wp:featuredmedia":[{"embeddable":true,"href":"https:\/\/demo.productdesignerapp.com\/wordpress\/wp-json\/wp\/v2\/media\/510"}],"wp:attachment":[{"href":"https:\/\/demo.productdesignerapp.com\/wordpress\/wp-json\/wp\/v2\/media?parent=511"}],"wp:term":[{"taxonomy":"product_cat","embeddable":true,"href":"https:\/\/demo.productdesignerapp.com\/wordpress\/wp-json\/wp\/v2\/product_cat?post=511"},{"taxonomy":"product_tag","embeddable":true,"href":"https:\/\/demo.productdesignerapp.com\/wordpress\/wp-json\/wp\/v2\/product_tag?post=511"}],"curies":[{"name":"wp","href":"https:\/\/api.w.org\/{rel}","templated":true}]}}