{"id":552,"date":"2024-06-18T08:25:36","date_gmt":"2024-06-18T08:25:36","guid":{"rendered":"https:\/\/demo.productdesignerapp.com\/wordpress\/?post_type=product&#038;p=552"},"modified":"2026-01-29T09:00:31","modified_gmt":"2026-01-29T09:00:31","slug":"tuy-chinh-tam-anh-acrylic","status":"publish","type":"product","link":"https:\/\/demo.productdesignerapp.com\/wordpress\/san-pham\/tuy-chinh-tam-anh-acrylic\/","title":{"rendered":"T\u00f9y ch\u1ec9nh t\u1ea5m \u1ea3nh acrylic"},"content":{"rendered":"<ul>\n<li>Ch\u1ea5t li\u1ec7u: \u0110\u01b0\u1ee3c l\u00e0m b\u1eb1ng acrylic ch\u1ea5t l\u01b0\u1ee3ng cao v\u00e0 g\u1ed7 th\u00f4ng t\u1ef1 nhi\u00ean, d\u00e0y v\u00e0 c\u1ee9ng, b\u1ec1n v\u00e0 ch\u1eafc ch\u1eafn, c\u00f3 th\u1ec3 s\u1eed d\u1ee5ng cho nhi\u1ec1u d\u1ecbp v\u00e0 s\u1eed d\u1ee5ng trong th\u1eddi gian d\u00e0i<\/li>\n<li>Bi\u1ec3n hi\u1ec7u acrylic: Nh\u1eefng bi\u1ec3n hi\u1ec7u acrylic trong su\u1ed1t n\u00e0y \u0111\u01b0\u1ee3c c\u1eaft b\u1eb1ng laser chuy\u00ean nghi\u1ec7p, kh\u00f4ng c\u00f3 r\u0103ng c\u01b0a ho\u1eb7c th\u00f4 r\u00e1p, ng\u0103n ng\u01b0\u1eddi d\u00f9ng kh\u1ecfi tr\u1ea7y x\u01b0\u1edbc, r\u1ea5t ti\u1ec7n l\u1ee3i khi b\u1ea1n s\u1eed d\u1ee5ng b\u1ea5t k\u1ef3 b\u00fat s\u01a1n g\u1ed1c n\u01b0\u1edbc ho\u1eb7c g\u1ed1c d\u1ea7u n\u00e0o \u0111\u1ec3 vi\u1ebft l\u00ean v\u00e0 d\u1ec5 d\u00e0ng lau nh\u1eb9 b\u1eb1ng axeton n\u1ebfu b\u1ea1n mu\u1ed1n s\u1eed d\u1ee5ng l\u1ea1i nhi\u1ec1u l\u1ea7n. L\u01afU \u00dd: Nh\u1eefng bi\u1ec3n hi\u1ec7u acrylic n\u00e0y \u0111\u01b0\u1ee3c ph\u1ee7 l\u1edbp ph\u1ee7 b\u1ea3o v\u1ec7 gi\u00fap b\u1ea3o v\u1ec7 ch\u00fang kh\u1ecfi tr\u1ea7y x\u01b0\u1edbc v\u00e0 b\u1ea1n c\u00f3 th\u1ec3 d\u1ec5 d\u00e0ng b\u00f3c l\u1edbp ph\u1ee7 b\u1ea3o v\u1ec7 ra \u0111\u1ec3 l\u1ed9 l\u1edbp acrylic trong su\u1ed1t<\/li>\n<li>Gi\u00e1 \u0111\u1ee1 acrylic: Nh\u1eefng gi\u00e1 \u0111\u1ee1 acrylic n\u00e0y \u0111\u01b0\u1ee3c thi\u1ebft k\u1ebf \u0111\u00e1nh b\u00f3ng c\u1ea9n th\u1eadn, c\u00f3 b\u1ec1 m\u1eb7t nh\u1eb5n v\u00e0 kh\u00f4ng c\u00f3 thanh ch\u1eafn. Thi\u1ebft k\u1ebf thanh l\u1ecbch v\u00e0 c\u1ed5 \u0111i\u1ec3n ph\u00f9 h\u1ee3p v\u1edbi nhi\u1ec1u m\u1ee5c \u0111\u00edch s\u1eed d\u1ee5ng trong khi v\u1eabn gi\u1eef \u0111\u01b0\u1ee3c s\u1ef1 \u1ed5n \u0111\u1ecbnh.<\/li>\n<li>\u1ee8ng d\u1ee5ng r\u1ed9ng r\u00e3i: Nh\u1eefng b\u1ed9 gi\u00e1 \u0111\u1ee1 bi\u1ec3n hi\u1ec7u acrylic n\u00e0y c\u00f3 th\u1ec3 d\u00f9ng l\u00e0m gi\u00e1 \u0111\u1ee1 s\u1ed1 b\u00e0n, gi\u00e1 \u0111\u1ee1 th\u1ebb ch\u1ed7 ng\u1ed3i, gi\u00e1 \u0111\u1ee1 th\u1ebb th\u1ef1c \u0111\u01a1n, bi\u1ec3n ch\u00e0o m\u1eebng, gi\u00e1 \u0111\u1ee1 tr\u01b0ng b\u00e0y \u1ea3nh, v.v., l\u00fd t\u01b0\u1edfng cho Gi\u00e1ng sinh, qu\u00e1n c\u00e0 ph\u00ea, c\u1eeda h\u00e0ng b\u00e1n l\u1ebb, \u0111\u00e1m c\u01b0\u1edbi, ti\u1ec7c t\u00f9ng, ti\u1ec7c chi\u00eau \u0111\u00e3i, ti\u1ec7c t\u1ef1 ch\u1ecdn v\u00e0 c\u00e1c s\u1ef1 ki\u1ec7n v\u00e0 d\u1ecbp quan tr\u1ecdng kh\u00e1c<\/li>\n<\/ul>\n","protected":false},"excerpt":{"rendered":"<p>Ch\u1ea5t li\u1ec7u: \u0110\u01b0\u1ee3c l\u00e0m b\u1eb1ng acrylic ch\u1ea5t l\u01b0\u1ee3ng cao v\u00e0 g\u1ed7 th\u00f4ng t\u1ef1 nhi\u00ean, d\u00e0y v\u00e0 c\u1ee9ng, b\u1ec1n v\u00e0 ch\u1eafc [&hellip;]<\/p>\n","protected":false},"featured_media":1019,"comment_status":"open","ping_status":"closed","template":"","meta":{"site-sidebar-layout":"default","site-content-layout":"","ast-site-content-layout":"default","site-content-style":"default","site-sidebar-style":"default","ast-global-header-display":"","ast-banner-title-visibility":"","ast-main-header-display":"","ast-hfb-above-header-display":"","ast-hfb-below-header-display":"","ast-hfb-mobile-header-display":"","site-post-title":"","ast-breadcrumbs-content":"","ast-featured-img":"","footer-sml-layout":"","theme-transparent-header-meta":"default","adv-header-id-meta":"","stick-header-meta":"","header-above-stick-meta":"","header-main-stick-meta":"","header-below-stick-meta":"","astra-migrate-meta-layouts":"set","ast-page-background-enabled":"default","ast-page-background-meta":{"desktop":{"background-color":"var(--ast-global-color-4)","background-image":"","background-repeat":"repeat","background-position":"center center","background-size":"auto","background-attachment":"scroll","background-type":"","background-media":"","overlay-type":"","overlay-color":"","overlay-opacity":"","overlay-gradient":""},"tablet":{"background-color":"","background-image":"","background-repeat":"repeat","background-position":"center center","background-size":"auto","background-attachment":"scroll","background-type":"","background-media":"","overlay-type":"","overlay-color":"","overlay-opacity":"","overlay-gradient":""},"mobile":{"background-color":"","background-image":"","background-repeat":"repeat","background-position":"center center","background-size":"auto","background-attachment":"scroll","background-type":"","background-media":"","overlay-type":"","overlay-color":"","overlay-opacity":"","overlay-gradient":""}},"ast-content-background-meta":{"desktop":{"background-color":"var(--ast-global-color-5)","background-image":"","background-repeat":"repeat","background-position":"center center","background-size":"auto","background-attachment":"scroll","background-type":"","background-media":"","overlay-type":"","overlay-color":"","overlay-opacity":"","overlay-gradient":""},"tablet":{"background-color":"var(--ast-global-color-5)","background-image":"","background-repeat":"repeat","background-position":"center center","background-size":"auto","background-attachment":"scroll","background-type":"","background-media":"","overlay-type":"","overlay-color":"","overlay-opacity":"","overlay-gradient":""},"mobile":{"background-color":"var(--ast-global-color-5)","background-image":"","background-repeat":"repeat","background-position":"center center","background-size":"auto","background-attachment":"scroll","background-type":"","background-media":"","overlay-type":"","overlay-color":"","overlay-opacity":"","overlay-gradient":""}}},"product_cat":[154],"product_tag":[],"class_list":{"0":"post-552","1":"product","2":"type-product","3":"status-publish","4":"has-post-thumbnail","6":"product_cat-danh-muc-mau","7":"desktop-align-left","8":"tablet-align-left","9":"mobile-align-left","11":"first","12":"instock","13":"shipping-taxable","14":"purchasable","15":"product-type-simple"},"yoast_head":"<!-- This site is optimized with the Yoast SEO plugin v23.0 - https:\/\/yoast.com\/wordpress\/plugins\/seo\/ -->\n<title>T\u00f9y ch\u1ec9nh t\u1ea5m \u1ea3nh acrylic - Product Designer App<\/title>\n<meta name=\"robots\" content=\"index, follow, max-snippet:-1, max-image-preview:large, max-video-preview:-1\" \/>\n<link rel=\"canonical\" href=\"https:\/\/demo.productdesignerapp.com\/wordpress\/san-pham\/tuy-chinh-tam-anh-acrylic\/\" \/>\n<meta property=\"og:locale\" content=\"en_US\" \/>\n<meta property=\"og:type\" content=\"article\" \/>\n<meta property=\"og:title\" content=\"T\u00f9y ch\u1ec9nh t\u1ea5m \u1ea3nh acrylic - Product Designer App\" \/>\n<meta property=\"og:description\" content=\"Ch\u1ea5t li\u1ec7u: \u0110\u01b0\u1ee3c l\u00e0m b\u1eb1ng acrylic ch\u1ea5t l\u01b0\u1ee3ng cao v\u00e0 g\u1ed7 th\u00f4ng t\u1ef1 nhi\u00ean, d\u00e0y v\u00e0 c\u1ee9ng, b\u1ec1n v\u00e0 ch\u1eafc [&hellip;]\" \/>\n<meta property=\"og:url\" content=\"https:\/\/demo.productdesignerapp.com\/wordpress\/san-pham\/tuy-chinh-tam-anh-acrylic\/\" \/>\n<meta property=\"og:site_name\" content=\"Product Designer App\" \/>\n<meta property=\"article:publisher\" content=\"https:\/\/www.facebook.com\/productdesignerapps\" \/>\n<meta property=\"article:modified_time\" content=\"2026-01-29T09:00:31+00:00\" \/>\n<meta property=\"og:image\" content=\"https:\/\/demo.productdesignerapp.com\/wordpress\/wp-content\/uploads\/2024\/06\/arcy-thumb.png\" \/>\n\t<meta property=\"og:image:width\" content=\"1000\" \/>\n\t<meta property=\"og:image:height\" content=\"1000\" \/>\n\t<meta property=\"og:image:type\" content=\"image\/png\" \/>\n<meta name=\"twitter:card\" content=\"summary_large_image\" \/>\n<meta name=\"twitter:site\" content=\"@pdesignerapp\" \/>\n<meta name=\"twitter:label1\" content=\"Est. reading time\" \/>\n\t<meta name=\"twitter:data1\" content=\"2 minutes\" \/>\n<script type=\"application\/ld+json\" class=\"yoast-schema-graph\">{\"@context\":\"https:\/\/schema.org\",\"@graph\":[{\"@type\":\"WebPage\",\"@id\":\"https:\/\/demo.productdesignerapp.com\/wordpress\/san-pham\/tuy-chinh-tam-anh-acrylic\/\",\"url\":\"https:\/\/demo.productdesignerapp.com\/wordpress\/san-pham\/tuy-chinh-tam-anh-acrylic\/\",\"name\":\"T\u00f9y ch\u1ec9nh t\u1ea5m \u1ea3nh acrylic - Product Designer App\",\"isPartOf\":{\"@id\":\"https:\/\/demo.productdesignerapp.com\/wordpress\/#website\"},\"primaryImageOfPage\":{\"@id\":\"https:\/\/demo.productdesignerapp.com\/wordpress\/san-pham\/tuy-chinh-tam-anh-acrylic\/#primaryimage\"},\"image\":{\"@id\":\"https:\/\/demo.productdesignerapp.com\/wordpress\/san-pham\/tuy-chinh-tam-anh-acrylic\/#primaryimage\"},\"thumbnailUrl\":\"https:\/\/demo.productdesignerapp.com\/wordpress\/wp-content\/uploads\/2024\/06\/arcy.jpg\",\"datePublished\":\"2024-06-18T08:25:36+00:00\",\"dateModified\":\"2026-01-29T09:00:31+00:00\",\"breadcrumb\":{\"@id\":\"https:\/\/demo.productdesignerapp.com\/wordpress\/san-pham\/tuy-chinh-tam-anh-acrylic\/#breadcrumb\"},\"inLanguage\":\"en-US\",\"potentialAction\":[{\"@type\":\"ReadAction\",\"target\":[\"https:\/\/demo.productdesignerapp.com\/wordpress\/san-pham\/tuy-chinh-tam-anh-acrylic\/\"]}]},{\"@type\":\"ImageObject\",\"inLanguage\":\"en-US\",\"@id\":\"https:\/\/demo.productdesignerapp.com\/wordpress\/san-pham\/tuy-chinh-tam-anh-acrylic\/#primaryimage\",\"url\":\"https:\/\/demo.productdesignerapp.com\/wordpress\/wp-content\/uploads\/2024\/06\/arcy.jpg\",\"contentUrl\":\"https:\/\/demo.productdesignerapp.com\/wordpress\/wp-content\/uploads\/2024\/06\/arcy.jpg\",\"width\":1000,\"height\":1000},{\"@type\":\"BreadcrumbList\",\"@id\":\"https:\/\/demo.productdesignerapp.com\/wordpress\/san-pham\/tuy-chinh-tam-anh-acrylic\/#breadcrumb\",\"itemListElement\":[{\"@type\":\"ListItem\",\"position\":1,\"name\":\"Home\",\"item\":\"https:\/\/demo.productdesignerapp.com\/wordpress\/\"},{\"@type\":\"ListItem\",\"position\":2,\"name\":\"Shop\",\"item\":\"https:\/\/demo.productdesignerapp.com\/wordpress\/shop\/\"},{\"@type\":\"ListItem\",\"position\":3,\"name\":\"T\u00f9y ch\u1ec9nh t\u1ea5m \u1ea3nh acrylic\"}]},{\"@type\":\"WebSite\",\"@id\":\"https:\/\/demo.productdesignerapp.com\/wordpress\/#website\",\"url\":\"https:\/\/demo.productdesignerapp.com\/wordpress\/\",\"name\":\"Product Designer App\",\"description\":\"Demo\",\"publisher\":{\"@id\":\"https:\/\/demo.productdesignerapp.com\/wordpress\/#organization\"},\"alternateName\":\"PDA\",\"potentialAction\":[{\"@type\":\"SearchAction\",\"target\":{\"@type\":\"EntryPoint\",\"urlTemplate\":\"https:\/\/demo.productdesignerapp.com\/wordpress\/?s={search_term_string}\"},\"query-input\":\"required name=search_term_string\"}],\"inLanguage\":\"en-US\"},{\"@type\":\"Organization\",\"@id\":\"https:\/\/demo.productdesignerapp.com\/wordpress\/#organization\",\"name\":\"Product Designer App\",\"alternateName\":\"PDA\",\"url\":\"https:\/\/demo.productdesignerapp.com\/wordpress\/\",\"logo\":{\"@type\":\"ImageObject\",\"inLanguage\":\"en-US\",\"@id\":\"https:\/\/demo.productdesignerapp.com\/wordpress\/#\/schema\/logo\/image\/\",\"url\":\"https:\/\/demo.productdesignerapp.com\/wordpress\/wp-content\/uploads\/2024\/05\/pda-logo-600.png\",\"contentUrl\":\"https:\/\/demo.productdesignerapp.com\/wordpress\/wp-content\/uploads\/2024\/05\/pda-logo-600.png\",\"width\":600,\"height\":600,\"caption\":\"Product Designer App\"},\"image\":{\"@id\":\"https:\/\/demo.productdesignerapp.com\/wordpress\/#\/schema\/logo\/image\/\"},\"sameAs\":[\"https:\/\/www.facebook.com\/productdesignerapps\",\"https:\/\/x.com\/pdesignerapp\",\"https:\/\/www.youtube.com\/@productdesignerapp\"]}]}<\/script>\n<!-- \/ Yoast SEO plugin. -->","yoast_head_json":{"title":"T\u00f9y ch\u1ec9nh t\u1ea5m \u1ea3nh acrylic - Product Designer App","robots":{"index":"index","follow":"follow","max-snippet":"max-snippet:-1","max-image-preview":"max-image-preview:large","max-video-preview":"max-video-preview:-1"},"canonical":"https:\/\/demo.productdesignerapp.com\/wordpress\/san-pham\/tuy-chinh-tam-anh-acrylic\/","og_locale":"en_US","og_type":"article","og_title":"T\u00f9y ch\u1ec9nh t\u1ea5m \u1ea3nh acrylic - Product Designer App","og_description":"Ch\u1ea5t li\u1ec7u: \u0110\u01b0\u1ee3c l\u00e0m b\u1eb1ng acrylic ch\u1ea5t l\u01b0\u1ee3ng cao v\u00e0 g\u1ed7 th\u00f4ng t\u1ef1 nhi\u00ean, d\u00e0y v\u00e0 c\u1ee9ng, b\u1ec1n v\u00e0 ch\u1eafc [&hellip;]","og_url":"https:\/\/demo.productdesignerapp.com\/wordpress\/san-pham\/tuy-chinh-tam-anh-acrylic\/","og_site_name":"Product Designer App","article_publisher":"https:\/\/www.facebook.com\/productdesignerapps","article_modified_time":"2026-01-29T09:00:31+00:00","og_image":[{"width":1000,"height":1000,"url":"https:\/\/demo.productdesignerapp.com\/wordpress\/wp-content\/uploads\/2024\/06\/arcy-thumb.png","type":"image\/png"}],"twitter_card":"summary_large_image","twitter_site":"@pdesignerapp","twitter_misc":{"Est. reading time":"2 minutes"},"schema":{"@context":"https:\/\/schema.org","@graph":[{"@type":"WebPage","@id":"https:\/\/demo.productdesignerapp.com\/wordpress\/san-pham\/tuy-chinh-tam-anh-acrylic\/","url":"https:\/\/demo.productdesignerapp.com\/wordpress\/san-pham\/tuy-chinh-tam-anh-acrylic\/","name":"T\u00f9y ch\u1ec9nh t\u1ea5m \u1ea3nh acrylic - Product Designer App","isPartOf":{"@id":"https:\/\/demo.productdesignerapp.com\/wordpress\/#website"},"primaryImageOfPage":{"@id":"https:\/\/demo.productdesignerapp.com\/wordpress\/san-pham\/tuy-chinh-tam-anh-acrylic\/#primaryimage"},"image":{"@id":"https:\/\/demo.productdesignerapp.com\/wordpress\/san-pham\/tuy-chinh-tam-anh-acrylic\/#primaryimage"},"thumbnailUrl":"https:\/\/demo.productdesignerapp.com\/wordpress\/wp-content\/uploads\/2024\/06\/arcy.jpg","datePublished":"2024-06-18T08:25:36+00:00","dateModified":"2026-01-29T09:00:31+00:00","breadcrumb":{"@id":"https:\/\/demo.productdesignerapp.com\/wordpress\/san-pham\/tuy-chinh-tam-anh-acrylic\/#breadcrumb"},"inLanguage":"en-US","potentialAction":[{"@type":"ReadAction","target":["https:\/\/demo.productdesignerapp.com\/wordpress\/san-pham\/tuy-chinh-tam-anh-acrylic\/"]}]},{"@type":"ImageObject","inLanguage":"en-US","@id":"https:\/\/demo.productdesignerapp.com\/wordpress\/san-pham\/tuy-chinh-tam-anh-acrylic\/#primaryimage","url":"https:\/\/demo.productdesignerapp.com\/wordpress\/wp-content\/uploads\/2024\/06\/arcy.jpg","contentUrl":"https:\/\/demo.productdesignerapp.com\/wordpress\/wp-content\/uploads\/2024\/06\/arcy.jpg","width":1000,"height":1000},{"@type":"BreadcrumbList","@id":"https:\/\/demo.productdesignerapp.com\/wordpress\/san-pham\/tuy-chinh-tam-anh-acrylic\/#breadcrumb","itemListElement":[{"@type":"ListItem","position":1,"name":"Home","item":"https:\/\/demo.productdesignerapp.com\/wordpress\/"},{"@type":"ListItem","position":2,"name":"Shop","item":"https:\/\/demo.productdesignerapp.com\/wordpress\/shop\/"},{"@type":"ListItem","position":3,"name":"T\u00f9y ch\u1ec9nh t\u1ea5m \u1ea3nh acrylic"}]},{"@type":"WebSite","@id":"https:\/\/demo.productdesignerapp.com\/wordpress\/#website","url":"https:\/\/demo.productdesignerapp.com\/wordpress\/","name":"Product Designer App","description":"Demo","publisher":{"@id":"https:\/\/demo.productdesignerapp.com\/wordpress\/#organization"},"alternateName":"PDA","potentialAction":[{"@type":"SearchAction","target":{"@type":"EntryPoint","urlTemplate":"https:\/\/demo.productdesignerapp.com\/wordpress\/?s={search_term_string}"},"query-input":"required name=search_term_string"}],"inLanguage":"en-US"},{"@type":"Organization","@id":"https:\/\/demo.productdesignerapp.com\/wordpress\/#organization","name":"Product Designer App","alternateName":"PDA","url":"https:\/\/demo.productdesignerapp.com\/wordpress\/","logo":{"@type":"ImageObject","inLanguage":"en-US","@id":"https:\/\/demo.productdesignerapp.com\/wordpress\/#\/schema\/logo\/image\/","url":"https:\/\/demo.productdesignerapp.com\/wordpress\/wp-content\/uploads\/2024\/05\/pda-logo-600.png","contentUrl":"https:\/\/demo.productdesignerapp.com\/wordpress\/wp-content\/uploads\/2024\/05\/pda-logo-600.png","width":600,"height":600,"caption":"Product Designer App"},"image":{"@id":"https:\/\/demo.productdesignerapp.com\/wordpress\/#\/schema\/logo\/image\/"},"sameAs":["https:\/\/www.facebook.com\/productdesignerapps","https:\/\/x.com\/pdesignerapp","https:\/\/www.youtube.com\/@productdesignerapp"]}]}},"lang":"vi","translations":{"vi":552,"en":549},"pll_sync_post":[],"_links":{"self":[{"href":"https:\/\/demo.productdesignerapp.com\/wordpress\/wp-json\/wp\/v2\/product\/552","targetHints":{"allow":["GET"]}}],"collection":[{"href":"https:\/\/demo.productdesignerapp.com\/wordpress\/wp-json\/wp\/v2\/product"}],"about":[{"href":"https:\/\/demo.productdesignerapp.com\/wordpress\/wp-json\/wp\/v2\/types\/product"}],"replies":[{"embeddable":true,"href":"https:\/\/demo.productdesignerapp.com\/wordpress\/wp-json\/wp\/v2\/comments?post=552"}],"wp:featuredmedia":[{"embeddable":true,"href":"https:\/\/demo.productdesignerapp.com\/wordpress\/wp-json\/wp\/v2\/media\/1019"}],"wp:attachment":[{"href":"https:\/\/demo.productdesignerapp.com\/wordpress\/wp-json\/wp\/v2\/media?parent=552"}],"wp:term":[{"taxonomy":"product_cat","embeddable":true,"href":"https:\/\/demo.productdesignerapp.com\/wordpress\/wp-json\/wp\/v2\/product_cat?post=552"},{"taxonomy":"product_tag","embeddable":true,"href":"https:\/\/demo.productdesignerapp.com\/wordpress\/wp-json\/wp\/v2\/product_tag?post=552"}],"curies":[{"name":"wp","href":"https:\/\/api.w.org\/{rel}","templated":true}]}}