{"id":562,"date":"2024-06-18T09:20:24","date_gmt":"2024-06-18T09:20:24","guid":{"rendered":"https:\/\/demo.productdesignerapp.com\/wordpress\/?post_type=product&#038;p=562"},"modified":"2026-01-29T09:14:54","modified_gmt":"2026-01-29T09:14:54","slug":"tuy-chinh-co-nha","status":"publish","type":"product","link":"https:\/\/demo.productdesignerapp.com\/wordpress\/san-pham\/tuy-chinh-co-nha\/","title":{"rendered":"T\u00f9y ch\u1ec9nh c\u1edd nh\u00e0"},"content":{"rendered":"<ul>\n<li>CH\u1ea4T L\u01af\u1ee2NG T\u1ed0T &#8211; Ch\u1ea5t li\u1ec7u v\u1ea3i b\u1ed1 d\u00e0y v\u00e0 b\u1ec1n, ch\u1ed1ng ch\u1ecbu th\u1eddi ti\u1ebft v\u00e0 phai m\u00e0u \u0111\u1ec3 mang l\u1ea1i \u0111\u1ed9 b\u1ec1n l\u00e2u d\u00e0i cho l\u00e1 c\u1edd s\u00e2n v\u01b0\u1eddn Y\u00eau n\u01b0\u1edbc<\/li>\n<li>CH\u1ec8 BAO G\u1ed2M C\u1edc &#8211; D\u00f9ng v\u1edbi b\u1ea5t k\u1ef3 gi\u00e1 treo c\u1edd nh\u00e0 ti\u00eau chu\u1ea9n n\u00e0o (Kh\u00f4ng bao g\u1ed3m gi\u00e1 treo c\u1edd)<\/li>\n<li>HAI M\u1eb6T &#8211; Thi\u1ebft k\u1ebf h\u1ecda ti\u1ebft hai m\u1eb7t, h\u00ecnh \u1ea3nh c\u00f3 th\u1ec3 nh\u00ecn th\u1ea5y t\u1eeb c\u1ea3 hai m\u1eb7t. Th\u00eam n\u00e9t c\u00e1 nh\u00e2n cho kh\u00f4ng gian c\u1ee7a b\u1ea1n v\u1edbi l\u00e1 c\u1edd nh\u00e0 Ng\u00e0y T\u01b0\u1edfng ni\u1ec7m n\u00e0y<\/li>\n<li>TRANG TR\u00cd NH\u00c0 C\u1eecA &#8211; Ch\u00e0o \u0111\u00f3n kh\u00e1ch \u0111\u1ebfn nh\u00e0 b\u1ea1n b\u1eb1ng l\u00e1 c\u1edd theo m\u00f9a \u0111\u1ed9c \u0111\u00e1o n\u00e0y. T\u1ea1o di\u1ec7n m\u1ea1o tuy\u1ec7t v\u1eddi cho khu v\u01b0\u1eddn, hi\u00ean nh\u00e0, s\u00e2n, b\u00e3i c\u1ecf, c\u1eeda tr\u01b0\u1edbc, h\u1ed9p th\u01b0, boong, ban c\u00f4ng v\u00e0 khu v\u1ef1c hi\u00ean nh\u00e0 c\u1ee7a b\u1ea1n.<\/li>\n<\/ul>\n","protected":false},"excerpt":{"rendered":"<p>CH\u1ea4T L\u01af\u1ee2NG T\u1ed0T &#8211; Ch\u1ea5t li\u1ec7u v\u1ea3i b\u1ed1 d\u00e0y v\u00e0 b\u1ec1n, ch\u1ed1ng ch\u1ecbu th\u1eddi ti\u1ebft v\u00e0 phai m\u00e0u \u0111\u1ec3 mang [&hellip;]<\/p>\n","protected":false},"featured_media":1022,"comment_status":"open","ping_status":"closed","template":"","meta":{"site-sidebar-layout":"default","site-content-layout":"","ast-site-content-layout":"default","site-content-style":"default","site-sidebar-style":"default","ast-global-header-display":"","ast-banner-title-visibility":"","ast-main-header-display":"","ast-hfb-above-header-display":"","ast-hfb-below-header-display":"","ast-hfb-mobile-header-display":"","site-post-title":"","ast-breadcrumbs-content":"","ast-featured-img":"","footer-sml-layout":"","theme-transparent-header-meta":"default","adv-header-id-meta":"","stick-header-meta":"","header-above-stick-meta":"","header-main-stick-meta":"","header-below-stick-meta":"","astra-migrate-meta-layouts":"set","ast-page-background-enabled":"default","ast-page-background-meta":{"desktop":{"background-color":"var(--ast-global-color-4)","background-image":"","background-repeat":"repeat","background-position":"center center","background-size":"auto","background-attachment":"scroll","background-type":"","background-media":"","overlay-type":"","overlay-color":"","overlay-opacity":"","overlay-gradient":""},"tablet":{"background-color":"","background-image":"","background-repeat":"repeat","background-position":"center center","background-size":"auto","background-attachment":"scroll","background-type":"","background-media":"","overlay-type":"","overlay-color":"","overlay-opacity":"","overlay-gradient":""},"mobile":{"background-color":"","background-image":"","background-repeat":"repeat","background-position":"center center","background-size":"auto","background-attachment":"scroll","background-type":"","background-media":"","overlay-type":"","overlay-color":"","overlay-opacity":"","overlay-gradient":""}},"ast-content-background-meta":{"desktop":{"background-color":"var(--ast-global-color-5)","background-image":"","background-repeat":"repeat","background-position":"center center","background-size":"auto","background-attachment":"scroll","background-type":"","background-media":"","overlay-type":"","overlay-color":"","overlay-opacity":"","overlay-gradient":""},"tablet":{"background-color":"var(--ast-global-color-5)","background-image":"","background-repeat":"repeat","background-position":"center center","background-size":"auto","background-attachment":"scroll","background-type":"","background-media":"","overlay-type":"","overlay-color":"","overlay-opacity":"","overlay-gradient":""},"mobile":{"background-color":"var(--ast-global-color-5)","background-image":"","background-repeat":"repeat","background-position":"center center","background-size":"auto","background-attachment":"scroll","background-type":"","background-media":"","overlay-type":"","overlay-color":"","overlay-opacity":"","overlay-gradient":""}}},"product_cat":[154],"product_tag":[],"class_list":{"0":"post-562","1":"product","2":"type-product","3":"status-publish","4":"has-post-thumbnail","6":"product_cat-danh-muc-mau","7":"desktop-align-left","8":"tablet-align-left","9":"mobile-align-left","11":"first","12":"instock","13":"shipping-taxable","14":"purchasable","15":"product-type-simple"},"yoast_head":"<!-- This site is optimized with the Yoast SEO plugin v23.0 - https:\/\/yoast.com\/wordpress\/plugins\/seo\/ -->\n<title>T\u00f9y ch\u1ec9nh c\u1edd nh\u00e0 - Product Designer App<\/title>\n<meta name=\"robots\" content=\"index, follow, max-snippet:-1, max-image-preview:large, max-video-preview:-1\" \/>\n<link rel=\"canonical\" href=\"https:\/\/demo.productdesignerapp.com\/wordpress\/san-pham\/tuy-chinh-co-nha\/\" \/>\n<meta property=\"og:locale\" content=\"en_US\" \/>\n<meta property=\"og:type\" content=\"article\" \/>\n<meta property=\"og:title\" content=\"T\u00f9y ch\u1ec9nh c\u1edd nh\u00e0 - Product Designer App\" \/>\n<meta property=\"og:description\" content=\"CH\u1ea4T L\u01af\u1ee2NG T\u1ed0T &#8211; Ch\u1ea5t li\u1ec7u v\u1ea3i b\u1ed1 d\u00e0y v\u00e0 b\u1ec1n, ch\u1ed1ng ch\u1ecbu th\u1eddi ti\u1ebft v\u00e0 phai m\u00e0u \u0111\u1ec3 mang [&hellip;]\" \/>\n<meta property=\"og:url\" content=\"https:\/\/demo.productdesignerapp.com\/wordpress\/san-pham\/tuy-chinh-co-nha\/\" \/>\n<meta property=\"og:site_name\" content=\"Product Designer App\" \/>\n<meta property=\"article:publisher\" content=\"https:\/\/www.facebook.com\/productdesignerapps\" \/>\n<meta property=\"article:modified_time\" content=\"2026-01-29T09:14:54+00:00\" \/>\n<meta property=\"og:image\" content=\"https:\/\/demo.productdesignerapp.com\/wordpress\/wp-content\/uploads\/2024\/06\/flag-thumb.png\" \/>\n\t<meta property=\"og:image:width\" content=\"1000\" \/>\n\t<meta property=\"og:image:height\" content=\"1000\" \/>\n\t<meta property=\"og:image:type\" content=\"image\/png\" \/>\n<meta name=\"twitter:card\" content=\"summary_large_image\" \/>\n<meta name=\"twitter:site\" content=\"@pdesignerapp\" \/>\n<meta name=\"twitter:label1\" content=\"Est. reading time\" \/>\n\t<meta name=\"twitter:data1\" content=\"1 minute\" \/>\n<script type=\"application\/ld+json\" class=\"yoast-schema-graph\">{\"@context\":\"https:\/\/schema.org\",\"@graph\":[{\"@type\":\"WebPage\",\"@id\":\"https:\/\/demo.productdesignerapp.com\/wordpress\/san-pham\/tuy-chinh-co-nha\/\",\"url\":\"https:\/\/demo.productdesignerapp.com\/wordpress\/san-pham\/tuy-chinh-co-nha\/\",\"name\":\"T\u00f9y ch\u1ec9nh c\u1edd nh\u00e0 - Product Designer App\",\"isPartOf\":{\"@id\":\"https:\/\/demo.productdesignerapp.com\/wordpress\/#website\"},\"primaryImageOfPage\":{\"@id\":\"https:\/\/demo.productdesignerapp.com\/wordpress\/san-pham\/tuy-chinh-co-nha\/#primaryimage\"},\"image\":{\"@id\":\"https:\/\/demo.productdesignerapp.com\/wordpress\/san-pham\/tuy-chinh-co-nha\/#primaryimage\"},\"thumbnailUrl\":\"https:\/\/demo.productdesignerapp.com\/wordpress\/wp-content\/uploads\/2024\/06\/flag.jpg\",\"datePublished\":\"2024-06-18T09:20:24+00:00\",\"dateModified\":\"2026-01-29T09:14:54+00:00\",\"breadcrumb\":{\"@id\":\"https:\/\/demo.productdesignerapp.com\/wordpress\/san-pham\/tuy-chinh-co-nha\/#breadcrumb\"},\"inLanguage\":\"en-US\",\"potentialAction\":[{\"@type\":\"ReadAction\",\"target\":[\"https:\/\/demo.productdesignerapp.com\/wordpress\/san-pham\/tuy-chinh-co-nha\/\"]}]},{\"@type\":\"ImageObject\",\"inLanguage\":\"en-US\",\"@id\":\"https:\/\/demo.productdesignerapp.com\/wordpress\/san-pham\/tuy-chinh-co-nha\/#primaryimage\",\"url\":\"https:\/\/demo.productdesignerapp.com\/wordpress\/wp-content\/uploads\/2024\/06\/flag.jpg\",\"contentUrl\":\"https:\/\/demo.productdesignerapp.com\/wordpress\/wp-content\/uploads\/2024\/06\/flag.jpg\",\"width\":1000,\"height\":1000},{\"@type\":\"BreadcrumbList\",\"@id\":\"https:\/\/demo.productdesignerapp.com\/wordpress\/san-pham\/tuy-chinh-co-nha\/#breadcrumb\",\"itemListElement\":[{\"@type\":\"ListItem\",\"position\":1,\"name\":\"Home\",\"item\":\"https:\/\/demo.productdesignerapp.com\/wordpress\/\"},{\"@type\":\"ListItem\",\"position\":2,\"name\":\"Shop\",\"item\":\"https:\/\/demo.productdesignerapp.com\/wordpress\/shop\/\"},{\"@type\":\"ListItem\",\"position\":3,\"name\":\"T\u00f9y ch\u1ec9nh c\u1edd nh\u00e0\"}]},{\"@type\":\"WebSite\",\"@id\":\"https:\/\/demo.productdesignerapp.com\/wordpress\/#website\",\"url\":\"https:\/\/demo.productdesignerapp.com\/wordpress\/\",\"name\":\"Product Designer App\",\"description\":\"Demo\",\"publisher\":{\"@id\":\"https:\/\/demo.productdesignerapp.com\/wordpress\/#organization\"},\"alternateName\":\"PDA\",\"potentialAction\":[{\"@type\":\"SearchAction\",\"target\":{\"@type\":\"EntryPoint\",\"urlTemplate\":\"https:\/\/demo.productdesignerapp.com\/wordpress\/?s={search_term_string}\"},\"query-input\":\"required name=search_term_string\"}],\"inLanguage\":\"en-US\"},{\"@type\":\"Organization\",\"@id\":\"https:\/\/demo.productdesignerapp.com\/wordpress\/#organization\",\"name\":\"Product Designer App\",\"alternateName\":\"PDA\",\"url\":\"https:\/\/demo.productdesignerapp.com\/wordpress\/\",\"logo\":{\"@type\":\"ImageObject\",\"inLanguage\":\"en-US\",\"@id\":\"https:\/\/demo.productdesignerapp.com\/wordpress\/#\/schema\/logo\/image\/\",\"url\":\"https:\/\/demo.productdesignerapp.com\/wordpress\/wp-content\/uploads\/2024\/05\/pda-logo-600.png\",\"contentUrl\":\"https:\/\/demo.productdesignerapp.com\/wordpress\/wp-content\/uploads\/2024\/05\/pda-logo-600.png\",\"width\":600,\"height\":600,\"caption\":\"Product Designer App\"},\"image\":{\"@id\":\"https:\/\/demo.productdesignerapp.com\/wordpress\/#\/schema\/logo\/image\/\"},\"sameAs\":[\"https:\/\/www.facebook.com\/productdesignerapps\",\"https:\/\/x.com\/pdesignerapp\",\"https:\/\/www.youtube.com\/@productdesignerapp\"]}]}<\/script>\n<!-- \/ Yoast SEO plugin. -->","yoast_head_json":{"title":"T\u00f9y ch\u1ec9nh c\u1edd nh\u00e0 - Product Designer App","robots":{"index":"index","follow":"follow","max-snippet":"max-snippet:-1","max-image-preview":"max-image-preview:large","max-video-preview":"max-video-preview:-1"},"canonical":"https:\/\/demo.productdesignerapp.com\/wordpress\/san-pham\/tuy-chinh-co-nha\/","og_locale":"en_US","og_type":"article","og_title":"T\u00f9y ch\u1ec9nh c\u1edd nh\u00e0 - Product Designer App","og_description":"CH\u1ea4T L\u01af\u1ee2NG T\u1ed0T &#8211; Ch\u1ea5t li\u1ec7u v\u1ea3i b\u1ed1 d\u00e0y v\u00e0 b\u1ec1n, ch\u1ed1ng ch\u1ecbu th\u1eddi ti\u1ebft v\u00e0 phai m\u00e0u \u0111\u1ec3 mang [&hellip;]","og_url":"https:\/\/demo.productdesignerapp.com\/wordpress\/san-pham\/tuy-chinh-co-nha\/","og_site_name":"Product Designer App","article_publisher":"https:\/\/www.facebook.com\/productdesignerapps","article_modified_time":"2026-01-29T09:14:54+00:00","og_image":[{"width":1000,"height":1000,"url":"https:\/\/demo.productdesignerapp.com\/wordpress\/wp-content\/uploads\/2024\/06\/flag-thumb.png","type":"image\/png"}],"twitter_card":"summary_large_image","twitter_site":"@pdesignerapp","twitter_misc":{"Est. reading time":"1 minute"},"schema":{"@context":"https:\/\/schema.org","@graph":[{"@type":"WebPage","@id":"https:\/\/demo.productdesignerapp.com\/wordpress\/san-pham\/tuy-chinh-co-nha\/","url":"https:\/\/demo.productdesignerapp.com\/wordpress\/san-pham\/tuy-chinh-co-nha\/","name":"T\u00f9y ch\u1ec9nh c\u1edd nh\u00e0 - Product Designer App","isPartOf":{"@id":"https:\/\/demo.productdesignerapp.com\/wordpress\/#website"},"primaryImageOfPage":{"@id":"https:\/\/demo.productdesignerapp.com\/wordpress\/san-pham\/tuy-chinh-co-nha\/#primaryimage"},"image":{"@id":"https:\/\/demo.productdesignerapp.com\/wordpress\/san-pham\/tuy-chinh-co-nha\/#primaryimage"},"thumbnailUrl":"https:\/\/demo.productdesignerapp.com\/wordpress\/wp-content\/uploads\/2024\/06\/flag.jpg","datePublished":"2024-06-18T09:20:24+00:00","dateModified":"2026-01-29T09:14:54+00:00","breadcrumb":{"@id":"https:\/\/demo.productdesignerapp.com\/wordpress\/san-pham\/tuy-chinh-co-nha\/#breadcrumb"},"inLanguage":"en-US","potentialAction":[{"@type":"ReadAction","target":["https:\/\/demo.productdesignerapp.com\/wordpress\/san-pham\/tuy-chinh-co-nha\/"]}]},{"@type":"ImageObject","inLanguage":"en-US","@id":"https:\/\/demo.productdesignerapp.com\/wordpress\/san-pham\/tuy-chinh-co-nha\/#primaryimage","url":"https:\/\/demo.productdesignerapp.com\/wordpress\/wp-content\/uploads\/2024\/06\/flag.jpg","contentUrl":"https:\/\/demo.productdesignerapp.com\/wordpress\/wp-content\/uploads\/2024\/06\/flag.jpg","width":1000,"height":1000},{"@type":"BreadcrumbList","@id":"https:\/\/demo.productdesignerapp.com\/wordpress\/san-pham\/tuy-chinh-co-nha\/#breadcrumb","itemListElement":[{"@type":"ListItem","position":1,"name":"Home","item":"https:\/\/demo.productdesignerapp.com\/wordpress\/"},{"@type":"ListItem","position":2,"name":"Shop","item":"https:\/\/demo.productdesignerapp.com\/wordpress\/shop\/"},{"@type":"ListItem","position":3,"name":"T\u00f9y ch\u1ec9nh c\u1edd nh\u00e0"}]},{"@type":"WebSite","@id":"https:\/\/demo.productdesignerapp.com\/wordpress\/#website","url":"https:\/\/demo.productdesignerapp.com\/wordpress\/","name":"Product Designer App","description":"Demo","publisher":{"@id":"https:\/\/demo.productdesignerapp.com\/wordpress\/#organization"},"alternateName":"PDA","potentialAction":[{"@type":"SearchAction","target":{"@type":"EntryPoint","urlTemplate":"https:\/\/demo.productdesignerapp.com\/wordpress\/?s={search_term_string}"},"query-input":"required name=search_term_string"}],"inLanguage":"en-US"},{"@type":"Organization","@id":"https:\/\/demo.productdesignerapp.com\/wordpress\/#organization","name":"Product Designer App","alternateName":"PDA","url":"https:\/\/demo.productdesignerapp.com\/wordpress\/","logo":{"@type":"ImageObject","inLanguage":"en-US","@id":"https:\/\/demo.productdesignerapp.com\/wordpress\/#\/schema\/logo\/image\/","url":"https:\/\/demo.productdesignerapp.com\/wordpress\/wp-content\/uploads\/2024\/05\/pda-logo-600.png","contentUrl":"https:\/\/demo.productdesignerapp.com\/wordpress\/wp-content\/uploads\/2024\/05\/pda-logo-600.png","width":600,"height":600,"caption":"Product Designer App"},"image":{"@id":"https:\/\/demo.productdesignerapp.com\/wordpress\/#\/schema\/logo\/image\/"},"sameAs":["https:\/\/www.facebook.com\/productdesignerapps","https:\/\/x.com\/pdesignerapp","https:\/\/www.youtube.com\/@productdesignerapp"]}]}},"lang":"vi","translations":{"vi":562,"en":560},"pll_sync_post":[],"_links":{"self":[{"href":"https:\/\/demo.productdesignerapp.com\/wordpress\/wp-json\/wp\/v2\/product\/562","targetHints":{"allow":["GET"]}}],"collection":[{"href":"https:\/\/demo.productdesignerapp.com\/wordpress\/wp-json\/wp\/v2\/product"}],"about":[{"href":"https:\/\/demo.productdesignerapp.com\/wordpress\/wp-json\/wp\/v2\/types\/product"}],"replies":[{"embeddable":true,"href":"https:\/\/demo.productdesignerapp.com\/wordpress\/wp-json\/wp\/v2\/comments?post=562"}],"wp:featuredmedia":[{"embeddable":true,"href":"https:\/\/demo.productdesignerapp.com\/wordpress\/wp-json\/wp\/v2\/media\/1022"}],"wp:attachment":[{"href":"https:\/\/demo.productdesignerapp.com\/wordpress\/wp-json\/wp\/v2\/media?parent=562"}],"wp:term":[{"taxonomy":"product_cat","embeddable":true,"href":"https:\/\/demo.productdesignerapp.com\/wordpress\/wp-json\/wp\/v2\/product_cat?post=562"},{"taxonomy":"product_tag","embeddable":true,"href":"https:\/\/demo.productdesignerapp.com\/wordpress\/wp-json\/wp\/v2\/product_tag?post=562"}],"curies":[{"name":"wp","href":"https:\/\/api.w.org\/{rel}","templated":true}]}}